{"id":22284,"date":"2021-05-04T23:28:10","date_gmt":"2021-05-04T20:28:10","guid":{"rendered":"https:\/\/hookahshop.lt\/?post_type=product&#038;p=22284"},"modified":"2026-04-22T23:29:34","modified_gmt":"2026-04-22T20:29:34","slug":"uzkuriklis-anglims-caesar-blitz-02","status":"publish","type":"product","link":"https:\/\/hookahshop.lt\/pl\/produkt\/zapalniczka-weglowa-cezar-blitz-02\/","title":{"rendered":"Zapalnik w\u0119glowy CAESAR Blitz 02"},"content":{"rendered":"<h2>Zapalnik w\u0119glowy CAESAR Blitz 02<\/h2>\n<p>Pomo\u017ce Ci wygodnie podgrza\u0107 w\u0119giel do fajki wodnej. Kompaktowy i \u0142atwy w transporcie. W\u0119giel naturalny nagrzewa si\u0119 \u015brednio 5-10 minut. Wyjmowana karbonowa tacka z uchwytem do przenoszenia karbonowej tacki mo\u017ce by\u0107 u\u017cywana jako szczypce. Regulacja temperatury do 6 poziom\u00f3w z termostatem.<\/p>\n<p><strong>Dane techniczne:<\/strong><br \/>\nTermostat: tak<br \/>\nPoziom temperatury: do 6<br \/>\nMagazynek w\u0119glowy: stal nierdzewna<br \/>\nMoc: 600 W<br \/>\nNapi\u0119cie: 220-240 V<br \/>\nWymiary: ~15\u00d719cm (pojemnik na w\u0119giel 11cm)<br \/>\nPojemno\u015b\u0107: 8 w\u0119gla (26mm)<br \/>\nCzarny kolor<br \/>\nKraj pochodzenia: Niemcy<\/p>\n<p>Czy masz jakie\u015b pytania? Skontaktuj si\u0119 z nami\u00a0<a href=\"https:\/\/hookahshop.lt\/pl\/lacznosc\/\">strona z kontaktami<\/a>\u00a0lub napisz do nas na adres\u00a0<a href=\"https:\/\/facebook.com\/HookahShop.lt\/\" target=\"_blank\" rel=\"noopener noreferrer\">konto na Facebooku<\/a>\u00a0a my odpowiemy na Twoj\u0105 pro\u015bb\u0119 tego samego dnia.<\/p>\n<p>&nbsp;<\/p>","protected":false},"excerpt":{"rendered":"<p>Zapalniczka w\u0119glowa CAESAR Blitz 02 pomo\u017ce Ci wygodnie podgrza\u0107 w\u0119giel do fajki wodnej. Kompaktowy i \u0142atwy w transporcie. Naturalny w\u0119giel nagrzewa si\u0119 \u015brednio w ci\u0105gu 5-10 minut. Od\u0142\u0105czany zbiornik na w\u0119giel z uchwytem do przesuwania zbiornika na w\u0119giel i mo\u017ce by\u0107 u\u017cywany jako szczypce. Regulacja temperatury do 6 poziom\u00f3w za pomoc\u0105 termostatu. Dane techniczne: Termostat: dost\u0119pny Poziom temperatury: do 6 Komora w\u0119glowa: stal nierdzewna [...]<\/p>","protected":false},"featured_media":22286,"comment_status":"open","ping_status":"closed","template":"","meta":[],"_links":{"self":[{"href":"https:\/\/hookahshop.lt\/pl\/wp-json\/wp\/v2\/product\/22284"}],"collection":[{"href":"https:\/\/hookahshop.lt\/pl\/wp-json\/wp\/v2\/product"}],"about":[{"href":"https:\/\/hookahshop.lt\/pl\/wp-json\/wp\/v2\/types\/product"}],"replies":[{"embeddable":true,"href":"https:\/\/hookahshop.lt\/pl\/wp-json\/wp\/v2\/comments?post=22284"}],"version-history":[{"count":4,"href":"https:\/\/hookahshop.lt\/pl\/wp-json\/wp\/v2\/product\/22284\/revisions"}],"predecessor-version":[{"id":32463,"href":"https:\/\/hookahshop.lt\/pl\/wp-json\/wp\/v2\/product\/22284\/revisions\/32463"}],"wp:featuredmedia":[{"embeddable":true,"href":"https:\/\/hookahshop.lt\/pl\/wp-json\/wp\/v2\/media\/22286"}],"wp:attachment":[{"href":"https:\/\/hookahshop.lt\/pl\/wp-json\/wp\/v2\/media?parent=22284"}],"curies":[{"name":"wp","href":"https:\/\/api.w.org\/{rel}","templated":true}]}}