{"id":22338,"date":"2021-05-07T16:00:47","date_gmt":"2021-05-07T13:00:47","guid":{"rendered":"https:\/\/hookahshop.lt\/?post_type=product&#038;p=22338"},"modified":"2026-04-19T23:29:19","modified_gmt":"2026-04-19T20:29:19","slug":"taurele-kaljanui-kaloud-samsaris-vitria-ii-for-lotus-ii","status":"publish","type":"product","link":"https:\/\/hookahshop.lt\/pl\/produkt\/cup-hookah-kaloud-samsaris-vitria-ii-for-lotus-ii\/","title":{"rendered":"Kubek do fajki wodnej KALOUD Samsaris Vitria II For Lotus II"},"content":{"rendered":"<h2>Kubek do fajki wodnej KALOUD Samsaris Vitria II For Lotus II<\/h2>\n<p>Kubek charakteryzuje si\u0119 wyj\u0105tkowym designem i jako\u015bci\u0105. Wykonany jest z nietoksycznego silikonu zatwierdzonego przez FDA (Ameryka\u0144sk\u0105 Agencj\u0119 ds. \u017bywno\u015bci i Lek\u00f3w), dzi\u0119ki czemu kubek jest bezpieczny w u\u017cyciu. Bardzo \u0142atwe do spakowania i czyszczenia. Kubek nie wymaga dodatkowej uszczelki, gdy\u017c wykonany jest z silikonu i doskonale trzyma si\u0119 po umieszczeniu na fajce wodnej.<\/p>\n<p>Czy masz jakie\u015b pytania? Skontaktuj si\u0119 z nami\u00a0<a href=\"https:\/\/hookahshop.lt\/pl\/lacznosc\/\">strona z kontaktami<\/a>\u00a0lub napisz do nas na adres\u00a0<a href=\"https:\/\/facebook.com\/HookahShop.lt\/\" target=\"_blank\" rel=\"noopener noreferrer\">konto na Facebooku<\/a>\u00a0a my odpowiemy na Twoj\u0105 pro\u015bb\u0119 tego samego dnia.<\/p>","protected":false},"excerpt":{"rendered":"<p>Miska na fajk\u0119 wodn\u0105 KALOUD Samsaris Vitria II For Lotus II Miska o wyj\u0105tkowym designie i jako\u015bci. Wykonany jest z nietoksycznego silikonu zatwierdzonego przez FDA (Ameryka\u0144sk\u0105 Agencj\u0119 ds. \u017bywno\u015bci i Lek\u00f3w), dzi\u0119ki czemu kubek jest bezpieczny w u\u017cyciu. Bardzo \u0142atwe do spakowania i czyszczenia. Kubek nie wymaga dodatkowej uszczelki, gdy\u017c wykonany jest z silikonu i doskonale trzyma si\u0119 po umieszczeniu na fajce wodnej. Czy masz jakie\u015b pytania? Kontakt [\u2026]<\/p>","protected":false},"featured_media":22339,"comment_status":"open","ping_status":"closed","template":"","meta":[],"_links":{"self":[{"href":"https:\/\/hookahshop.lt\/pl\/wp-json\/wp\/v2\/product\/22338"}],"collection":[{"href":"https:\/\/hookahshop.lt\/pl\/wp-json\/wp\/v2\/product"}],"about":[{"href":"https:\/\/hookahshop.lt\/pl\/wp-json\/wp\/v2\/types\/product"}],"replies":[{"embeddable":true,"href":"https:\/\/hookahshop.lt\/pl\/wp-json\/wp\/v2\/comments?post=22338"}],"version-history":[{"count":4,"href":"https:\/\/hookahshop.lt\/pl\/wp-json\/wp\/v2\/product\/22338\/revisions"}],"predecessor-version":[{"id":39480,"href":"https:\/\/hookahshop.lt\/pl\/wp-json\/wp\/v2\/product\/22338\/revisions\/39480"}],"wp:featuredmedia":[{"embeddable":true,"href":"https:\/\/hookahshop.lt\/pl\/wp-json\/wp\/v2\/media\/22339"}],"wp:attachment":[{"href":"https:\/\/hookahshop.lt\/pl\/wp-json\/wp\/v2\/media?parent=22338"}],"curies":[{"name":"wp","href":"https:\/\/api.w.org\/{rel}","templated":true}]}}