{"id":22358,"date":"2021-05-10T14:42:53","date_gmt":"2021-05-10T11:42:53","guid":{"rendered":"https:\/\/hookahshop.lt\/?post_type=product&#038;p=22358"},"modified":"2026-04-18T23:28:50","modified_gmt":"2026-04-18T20:28:50","slug":"kaljano-komplektas-amy-deluxe-116-03","status":"publish","type":"product","link":"https:\/\/hookahshop.lt\/pl\/produkt\/zestaw-do-fajki-wodnej-amy-deluxe-116-03\/","title":{"rendered":"Zestaw haczyk\u00f3w AMY DELUXE 116-03 z torb\u0105"},"content":{"rendered":"<h2>Zestaw haczyk\u00f3w AMY DELUXE 116-03 z torb\u0105<\/h2>\n<p>\u015awietna fajka wodna nie tylko na wycieczki i wypady, ale r\u00f3wnie\u017c do codziennego u\u017cytku. Nowoczesna mini fajka wodna nie ust\u0119puje wysokiej fajce wodnej pod wzgl\u0119dem w\u0142a\u015bciwo\u015bci palenia, a nawet ma wiele zalet, takich jak: zwarto\u015b\u0107, maksimum, \u0142atwo\u015b\u0107 u\u017cycia.<\/p>\n<p><strong>Ekwipunek:<\/strong><br \/>\nWa\u0142 -1 szt.<br \/>\nTalerz do fajki wodnej z grawerem marki - 1 szt.<br \/>\nUstnik - 1 szt.<br \/>\nW\u0105\u017c silikonowy - 1 szt.<br \/>\nUszczelki - 2 szt.<br \/>\nPiersi\u00f3wka (R\u00f3\u017cni si\u0119 od tej na zdj\u0119ciu) - 1 szt.<br \/>\nSzczypce - 1 szt.<br \/>\nKomora grzewcza - 1 szt.<br \/>\nFili\u017canka (Mo\u017ce r\u00f3\u017cni\u0107 si\u0119 od pokazanej na zdj\u0119ciu) - 1 szt.<br \/>\nW\u0119giel 1kg - 1szt.<br \/>\nP\u0142yta - 1szt.<\/p>\n<p>Czy masz jakie\u015b pytania? Skontaktuj si\u0119 z nami <a href=\"https:\/\/hookahshop.lt\/pl\/lacznosc\/\">strona z kontaktami<\/a> lub napisz do nas na adres <a href=\"https:\/\/facebook.com\/HookahShop.lt\/\" target=\"_blank\" rel=\"noopener noreferrer\">konto na Facebooku<\/a> a my odpowiemy na Twoj\u0105 pro\u015bb\u0119 tego samego dnia.<\/p>","protected":false},"excerpt":{"rendered":"<p>Zestaw fajek wodnych AMY DELUXE 116-03 z torb\u0105 Doskona\u0142a fajka wodna nie tylko na wycieczki i wyj\u015bcia, ale tak\u017ce do codziennego u\u017cytku. Nowoczesna mini szisza nie ust\u0119puje wysokiej sziszy pod wzgl\u0119dem w\u0142a\u015bciwo\u015bci palenia, a nawet ma wiele zalet, takich jak: zwarto\u015b\u0107, maksimum, \u0142atwo\u015b\u0107 u\u017cycia. Kompletny zestaw: Wa\u0142 - 1 szt. Talerz do fajki wodnej z grawerem marki - 1 szt. Ustnik - 1 szt. W\u0105\u017c silikonowy [\u2026]<\/p>","protected":false},"featured_media":27998,"comment_status":"open","ping_status":"closed","template":"","meta":[],"_links":{"self":[{"href":"https:\/\/hookahshop.lt\/pl\/wp-json\/wp\/v2\/product\/22358"}],"collection":[{"href":"https:\/\/hookahshop.lt\/pl\/wp-json\/wp\/v2\/product"}],"about":[{"href":"https:\/\/hookahshop.lt\/pl\/wp-json\/wp\/v2\/types\/product"}],"replies":[{"embeddable":true,"href":"https:\/\/hookahshop.lt\/pl\/wp-json\/wp\/v2\/comments?post=22358"}],"version-history":[{"count":2,"href":"https:\/\/hookahshop.lt\/pl\/wp-json\/wp\/v2\/product\/22358\/revisions"}],"predecessor-version":[{"id":27997,"href":"https:\/\/hookahshop.lt\/pl\/wp-json\/wp\/v2\/product\/22358\/revisions\/27997"}],"wp:featuredmedia":[{"embeddable":true,"href":"https:\/\/hookahshop.lt\/pl\/wp-json\/wp\/v2\/media\/27998"}],"wp:attachment":[{"href":"https:\/\/hookahshop.lt\/pl\/wp-json\/wp\/v2\/media?parent=22358"}],"curies":[{"name":"wp","href":"https:\/\/api.w.org\/{rel}","templated":true}]}}