{"id":22366,"date":"2021-05-10T14:51:57","date_gmt":"2021-05-10T11:51:57","guid":{"rendered":"https:\/\/hookahshop.lt\/?post_type=product&#038;p=22366"},"modified":"2026-04-24T23:29:06","modified_gmt":"2026-04-24T20:29:06","slug":"kaljano-komplektas-na-grani-model-1","status":"publish","type":"product","link":"https:\/\/hookahshop.lt\/pl\/produkt\/zestaw-do-fajki-wodnej-na-grani-model-1\/","title":{"rendered":"Zestaw haczyk\u00f3w NA GRANI Model 1"},"content":{"rendered":"<h2>Zestaw haczyk\u00f3w NA GRANI Model 1<\/h2>\n<p>Uwag\u0119 zwraca wysoka jako\u015b\u0107 i minimalistyczny design fajki wodnej. Ten model jest idealny dla tych, kt\u00f3rzy lubi\u0105 kompaktowe fajki wodne lub tych, kt\u00f3rzy chc\u0105 zabra\u0107 ma\u0142\u0105 fajk\u0119 na \u0142ono natury, poniewa\u017c jest wyj\u0105tkowy, poniewa\u017c jego konstrukcja \u0142odygi sk\u0142ada si\u0119 z kilku cz\u0119\u015bci, co pozwala na zmian\u0119 wysoko\u015bci \u0142odygi. Ta fajka wodna wykonana jest ze stali nierdzewnej 100% AISI - 304, co gwarantuje trwa\u0142o\u015b\u0107 i niezawodno\u015b\u0107 fajki wodnej, u\u0142atwia konserwacj\u0119, przechowywanie i transport. Fajka jest odpowiednia zar\u00f3wno dla mi\u0142o\u015bnik\u00f3w lekkiego dymu, poniewa\u017c posiada dyfuzor, jak i dla ci\u0119\u017cszych, poniewa\u017c istnieje mo\u017cliwo\u015b\u0107 odkr\u0119cenia dyfuzora. Ta fajka wodna jest r\u00f3wnie\u017c odpowiednia dla nowicjuszy w bran\u017cy fajki wodnej, poniewa\u017c poziom wody jest oznaczony w studzience na fajk\u0119 wodn\u0105, dzi\u0119ki czemu do kolby dodaje si\u0119 odpowiedni\u0105 ilo\u015b\u0107 wody.<\/p>\n<p><strong>Ekwipunek:<\/strong><br \/>\nWa\u0142 -1 szt.<br \/>\nTalerz do fajki wodnej z grawerem marki - 1 szt.<br \/>\nUstnik - 1 szt.<br \/>\nW\u0105\u017c silikonowy - 1 szt.<br \/>\nUszczelki - 2 szt.<br \/>\nPiersi\u00f3wka (R\u00f3\u017cni si\u0119 od tej na zdj\u0119ciu) - 1 szt.<br \/>\nSzczypce - 1 szt.<br \/>\nKomora grzewcza - 1 szt.<br \/>\nFili\u017canka (Mo\u017ce r\u00f3\u017cni\u0107 si\u0119 od pokazanej na zdj\u0119ciu) - 1 szt.<br \/>\nW\u0119giel 1kg - 1szt.<br \/>\nP\u0142yta - 1szt.<\/p>\n<p>Czy masz jakie\u015b pytania? Skontaktuj si\u0119 z nami\u00a0<a href=\"https:\/\/hookahshop.lt\/pl\/lacznosc\/\">strona z kontaktami<\/a>\u00a0lub napisz do nas na adres\u00a0<a href=\"https:\/\/facebook.com\/HookahShop.lt\/\" target=\"_blank\" rel=\"noopener noreferrer\">konto na Facebooku<\/a>\u00a0a my odpowiemy na Twoj\u0105 pro\u015bb\u0119 tego samego dnia.<\/p>","protected":false},"excerpt":{"rendered":"<p>Zestaw fajek wodnych NA GRANI Model 1 Fajka wodna charakteryzuj\u0105ca si\u0119 wysok\u0105 jako\u015bci\u0105 i minimalistycznym designem przyci\u0105ga uwag\u0119. Dla tych, kt\u00f3rzy lubi\u0105 kompaktowe fajki wodne lub tych, kt\u00f3rzy chc\u0105 zabra\u0107 ma\u0142\u0105 fajk\u0119 wodn\u0105 w natur\u0119, ten model jest idealny, poniewa\u017c wyr\u00f3\u017cnia si\u0119 tym, \u017ce konstrukcja trzonka sk\u0142ada si\u0119 z kilku cz\u0119\u015bci, co pozwala na zmian\u0119 wysoko\u015bci trzonka. Ta szisza wykonana jest ze stali nierdzewnej 100% AISI \u2013 304, [\u2026]<\/p>","protected":false},"featured_media":28029,"comment_status":"open","ping_status":"closed","template":"","meta":[],"_links":{"self":[{"href":"https:\/\/hookahshop.lt\/pl\/wp-json\/wp\/v2\/product\/22366"}],"collection":[{"href":"https:\/\/hookahshop.lt\/pl\/wp-json\/wp\/v2\/product"}],"about":[{"href":"https:\/\/hookahshop.lt\/pl\/wp-json\/wp\/v2\/types\/product"}],"replies":[{"embeddable":true,"href":"https:\/\/hookahshop.lt\/pl\/wp-json\/wp\/v2\/comments?post=22366"}],"version-history":[{"count":4,"href":"https:\/\/hookahshop.lt\/pl\/wp-json\/wp\/v2\/product\/22366\/revisions"}],"predecessor-version":[{"id":32383,"href":"https:\/\/hookahshop.lt\/pl\/wp-json\/wp\/v2\/product\/22366\/revisions\/32383"}],"wp:featuredmedia":[{"embeddable":true,"href":"https:\/\/hookahshop.lt\/pl\/wp-json\/wp\/v2\/media\/28029"}],"wp:attachment":[{"href":"https:\/\/hookahshop.lt\/pl\/wp-json\/wp\/v2\/media?parent=22366"}],"curies":[{"name":"wp","href":"https:\/\/api.w.org\/{rel}","templated":true}]}}