{"id":22375,"date":"2021-05-10T14:54:37","date_gmt":"2021-05-10T11:54:37","guid":{"rendered":"https:\/\/hookahshop.lt\/?post_type=product&#038;p=22375"},"modified":"2026-04-22T23:29:09","modified_gmt":"2026-04-22T20:29:09","slug":"kaljano-komplektas-nube-unique-black-one","status":"publish","type":"product","link":"https:\/\/hookahshop.lt\/pl\/produkt\/zestaw-szisza-nube-unique-black-one\/","title":{"rendered":"Zestaw fajki wodnej NUBE Unique Black One"},"content":{"rendered":"<h2>Zestaw fajki wodnej NUBE Unique Black One<\/h2>\n<p>Fajka wodna, kt\u00f3ra nie mo\u017ce by\u0107 bardziej wyj\u0105tkowa. Wysoka jako\u015b\u0107 Nube Unique Black One jest \u0142atwa w utrzymaniu i wykorzystuje wysokiej jako\u015bci materia\u0142y, takie jak stal nierdzewna i poliacetal.<br \/>\nUnikalny zaw\u00f3r wydmuchowy umo\u017cliwia skierowanie wdmuchiwanego powietrza bezpo\u015brednio do kubka, co powoduje jego och\u0142odzenie.<\/p>\n<p><strong>Ekwipunek:<\/strong><br \/>\nWa\u0142 -1 szt.<br \/>\nTalerz do fajki wodnej z grawerem marki - 1 szt.<br \/>\nUstnik - 1 szt.<br \/>\nW\u0105\u017c silikonowy - 1 szt.<br \/>\nUszczelki - 2 szt.<br \/>\nPiersi\u00f3wka (R\u00f3\u017cni si\u0119 od tej na zdj\u0119ciu) - 1 szt.<br \/>\nSzczypce - 1 szt.<br \/>\nKomora grzewcza - 1 szt.<br \/>\nFili\u017canka (Mo\u017ce r\u00f3\u017cni\u0107 si\u0119 od pokazanej na zdj\u0119ciu) - 1 szt.<br \/>\nW\u0119giel 1kg - 1szt.<br \/>\nP\u0142yta - 1szt.<\/p>\n<p>Czy masz jakie\u015b pytania? Skontaktuj si\u0119 z nami\u00a0<a href=\"https:\/\/hookahshop.lt\/pl\/lacznosc\/\">strona z kontaktami<\/a>\u00a0lub napisz do nas na adres\u00a0<a href=\"https:\/\/facebook.com\/HookahShop.lt\/\" target=\"_blank\" rel=\"noopener noreferrer\">konto na Facebooku<\/a>\u00a0a my odpowiemy na Twoj\u0105 pro\u015bb\u0119 tego samego dnia.<\/p>","protected":false},"excerpt":{"rendered":"<p>Zestaw fajek wodnych NUBE Unique Black One Szisza, kt\u00f3ra nie mo\u017ce by\u0107 bardziej wyj\u0105tkowa. Wysoka jako\u015b\u0107 Nube Unique Black One jest \u0142atwa w utrzymaniu i wykorzystuje wysokiej jako\u015bci materia\u0142y, takie jak stal nierdzewna i poliacetal. Unikalny zaw\u00f3r wydmuchowy umo\u017cliwia skierowanie wdmuchiwanego powietrza bezpo\u015brednio do kubka, co powoduje jego och\u0142odzenie. Kompletny zestaw: Wa\u0142 - 1 szt. Talerz do fajki wodnej z markowym [\u2026]<\/p>","protected":false},"featured_media":28025,"comment_status":"open","ping_status":"closed","template":"","meta":[],"_links":{"self":[{"href":"https:\/\/hookahshop.lt\/pl\/wp-json\/wp\/v2\/product\/22375"}],"collection":[{"href":"https:\/\/hookahshop.lt\/pl\/wp-json\/wp\/v2\/product"}],"about":[{"href":"https:\/\/hookahshop.lt\/pl\/wp-json\/wp\/v2\/types\/product"}],"replies":[{"embeddable":true,"href":"https:\/\/hookahshop.lt\/pl\/wp-json\/wp\/v2\/comments?post=22375"}],"version-history":[{"count":3,"href":"https:\/\/hookahshop.lt\/pl\/wp-json\/wp\/v2\/product\/22375\/revisions"}],"predecessor-version":[{"id":28064,"href":"https:\/\/hookahshop.lt\/pl\/wp-json\/wp\/v2\/product\/22375\/revisions\/28064"}],"wp:featuredmedia":[{"embeddable":true,"href":"https:\/\/hookahshop.lt\/pl\/wp-json\/wp\/v2\/media\/28025"}],"wp:attachment":[{"href":"https:\/\/hookahshop.lt\/pl\/wp-json\/wp\/v2\/media?parent=22375"}],"curies":[{"name":"wp","href":"https:\/\/api.w.org\/{rel}","templated":true}]}}