{"id":22378,"date":"2021-05-10T15:01:55","date_gmt":"2021-05-10T12:01:55","guid":{"rendered":"https:\/\/hookahshop.lt\/?post_type=product&#038;p=22378"},"modified":"2026-04-14T23:28:59","modified_gmt":"2026-04-14T20:28:59","slug":"kaljano-komplektas-honey-sigh-urban-black","status":"publish","type":"product","link":"https:\/\/hookahshop.lt\/pl\/produkt\/zestaw-szisza-miodowa-westchnienie-miejski-czarny\/","title":{"rendered":"Zestaw fajki wodnej HONEY SIGH Urban Black"},"content":{"rendered":"<h2>Zestaw fajki wodnej HONEY SIGH Urban Black<\/h2>\n<p>Szisza ma doskona\u0142e w\u0142a\u015bciwo\u015bci u\u017cytkowe i dymne. Efektywne pionowe p\u0142ukanie kolby. Podstawa acetalowa - trwa\u0142a i stylowa. Czarne zdobienie doskonale uzupe\u0142nia ca\u0142o\u015b\u0107. System wydmuchu sk\u0142ada si\u0119 z 5 zawor\u00f3w, za pomoc\u0105 kt\u00f3rych dym wydmuchuje si\u0119 z kolby za pierwszym razem, a tak\u017ce ch\u0142odzi kubek.<\/p>\n<p><strong>Ekwipunek:<\/strong><br \/>\nWa\u0142 -1 szt.<br \/>\nTalerz do fajki wodnej z grawerem marki - 1 szt.<br \/>\nUstnik - 1 szt.<br \/>\nW\u0105\u017c silikonowy - 1 szt.<br \/>\nUszczelki - 2 szt.<br \/>\nPiersi\u00f3wka (R\u00f3\u017cni si\u0119 od tej na zdj\u0119ciu) - 1 szt.<br \/>\nSzczypce - 1 szt.<br \/>\nKomora grzewcza - 1 szt.<br \/>\nFili\u017canka (Mo\u017ce r\u00f3\u017cni\u0107 si\u0119 od pokazanej na zdj\u0119ciu) - 1 szt.<br \/>\nW\u0119giel 1kg - 1szt.<br \/>\nP\u0142yta - 1szt.<\/p>\n<p>Czy masz jakie\u015b pytania? Skontaktuj si\u0119 z nami\u00a0<a href=\"https:\/\/hookahshop.lt\/pl\/lacznosc\/\">strona z kontaktami<\/a>\u00a0lub napisz do nas na adres\u00a0<a href=\"https:\/\/facebook.com\/HookahShop.lt\/\" target=\"_blank\" rel=\"noopener noreferrer\">konto na Facebooku<\/a>\u00a0a my odpowiemy na Twoj\u0105 pro\u015bb\u0119 tego samego dnia.<\/p>","protected":false},"excerpt":{"rendered":"<p>Zestaw fajek wodnych HONEY SIGH Urban Black Hookah ma doskona\u0142e w\u0142a\u015bciwo\u015bci u\u017cytkowe i dymne. Efektywne pionowe p\u0142ukanie kolby. Podstawa acetalowa - trwa\u0142a i stylowa. Czarne zdobienie doskonale uzupe\u0142nia ca\u0142o\u015b\u0107. System wydmuchu sk\u0142ada si\u0119 z 5 zawor\u00f3w, za pomoc\u0105 kt\u00f3rych dym wydmuchuje si\u0119 z kolby za pierwszym razem, a tak\u017ce ch\u0142odzi kubek. Kompletny zestaw: Wa\u0142 - 1 szt. Talerz do fajki wodnej z markowym [\u2026]<\/p>","protected":false},"featured_media":27988,"comment_status":"open","ping_status":"closed","template":"","meta":[],"_links":{"self":[{"href":"https:\/\/hookahshop.lt\/pl\/wp-json\/wp\/v2\/product\/22378"}],"collection":[{"href":"https:\/\/hookahshop.lt\/pl\/wp-json\/wp\/v2\/product"}],"about":[{"href":"https:\/\/hookahshop.lt\/pl\/wp-json\/wp\/v2\/types\/product"}],"replies":[{"embeddable":true,"href":"https:\/\/hookahshop.lt\/pl\/wp-json\/wp\/v2\/comments?post=22378"}],"version-history":[{"count":4,"href":"https:\/\/hookahshop.lt\/pl\/wp-json\/wp\/v2\/product\/22378\/revisions"}],"predecessor-version":[{"id":32200,"href":"https:\/\/hookahshop.lt\/pl\/wp-json\/wp\/v2\/product\/22378\/revisions\/32200"}],"wp:featuredmedia":[{"embeddable":true,"href":"https:\/\/hookahshop.lt\/pl\/wp-json\/wp\/v2\/media\/27988"}],"wp:attachment":[{"href":"https:\/\/hookahshop.lt\/pl\/wp-json\/wp\/v2\/media?parent=22378"}],"curies":[{"name":"wp","href":"https:\/\/api.w.org\/{rel}","templated":true}]}}