{"id":22382,"date":"2021-05-10T15:05:30","date_gmt":"2021-05-10T12:05:30","guid":{"rendered":"https:\/\/hookahshop.lt\/?post_type=product&#038;p=22382"},"modified":"2026-04-19T23:29:06","modified_gmt":"2026-04-19T20:29:06","slug":"kaljano-komplektas-smoke-me-two-black","status":"publish","type":"product","link":"https:\/\/hookahshop.lt\/pl\/produkt\/zestaw-do-fajki-wodnej-smoke-me-two-czarny\/","title":{"rendered":"Zestaw haczyk\u00f3w SMOKE ME Two Black"},"content":{"rendered":"<h2>Zestaw haczyk\u00f3w SMOKE ME Two Black<\/h2>\n<p>Wyr\u00f3\u017cnia si\u0119 wyj\u0105tkow\u0105 kolb\u0105, kt\u00f3ra jest wygodniejsza w u\u017cyciu ni\u017c kolby o konwencjonalnym kszta\u0142cie. Dobra cena!<\/p>\n<p><strong>Ekwipunek:<\/strong><br \/>\nWa\u0142 -1 szt.<br \/>\nTalerz do fajki wodnej z grawerem marki - 1 szt.<br \/>\nUstnik - 1 szt.<br \/>\nW\u0105\u017c silikonowy - 1 szt.<br \/>\nUszczelki - 2 szt.<br \/>\nPiersi\u00f3wka (R\u00f3\u017cni si\u0119 od tej na zdj\u0119ciu) - 1 szt.<br \/>\nSzczypce - 1 szt.<br \/>\nKomora grzewcza - 1 szt.<br \/>\nFili\u017canka (Mo\u017ce r\u00f3\u017cni\u0107 si\u0119 od pokazanej na zdj\u0119ciu) - 1 szt.<br \/>\nW\u0119giel 1kg - 1szt.<br \/>\nP\u0142yta - 1szt.<\/p>\n<p>Czy masz jakie\u015b pytania? Skontaktuj si\u0119 z nami\u00a0<a href=\"https:\/\/hookahshop.lt\/pl\/lacznosc\/\">strona z kontaktami<\/a>\u00a0lub napisz do nas na adres\u00a0<a href=\"https:\/\/facebook.com\/HookahShop.lt\/\" target=\"_blank\" rel=\"noopener noreferrer\">konto na Facebooku<\/a>\u00a0a my odpowiemy na Twoj\u0105 pro\u015bb\u0119 tego samego dnia.<\/p>","protected":false},"excerpt":{"rendered":"<p>Zestaw do fajek wodnych SMOKE ME Two Black Wyr\u00f3\u017cnia si\u0119 wyj\u0105tkow\u0105 kolb\u0105, kt\u00f3ra jest wygodniejsza w u\u017cyciu ni\u017c konwencjonalne piersi\u00f3wki kszta\u0142towane. Dobra cena! Kompletny zestaw: Wa\u0142 - 1 szt. Talerz do fajki wodnej z grawerem marki - 1 szt. Ustnik - 1 szt. W\u0105\u017c silikonowy - 1 szt. Uszczelki - 2 szt. Kolba (r\u00f3\u017cni si\u0119 od tej na zdj\u0119ciu) - 1 szt. Szczypce - 1 szt. [\u2026]<\/p>","protected":false},"featured_media":28031,"comment_status":"open","ping_status":"closed","template":"","meta":[],"_links":{"self":[{"href":"https:\/\/hookahshop.lt\/pl\/wp-json\/wp\/v2\/product\/22382"}],"collection":[{"href":"https:\/\/hookahshop.lt\/pl\/wp-json\/wp\/v2\/product"}],"about":[{"href":"https:\/\/hookahshop.lt\/pl\/wp-json\/wp\/v2\/types\/product"}],"replies":[{"embeddable":true,"href":"https:\/\/hookahshop.lt\/pl\/wp-json\/wp\/v2\/comments?post=22382"}],"version-history":[{"count":2,"href":"https:\/\/hookahshop.lt\/pl\/wp-json\/wp\/v2\/product\/22382\/revisions"}],"predecessor-version":[{"id":29747,"href":"https:\/\/hookahshop.lt\/pl\/wp-json\/wp\/v2\/product\/22382\/revisions\/29747"}],"wp:featuredmedia":[{"embeddable":true,"href":"https:\/\/hookahshop.lt\/pl\/wp-json\/wp\/v2\/media\/28031"}],"wp:attachment":[{"href":"https:\/\/hookahshop.lt\/pl\/wp-json\/wp\/v2\/media?parent=22382"}],"curies":[{"name":"wp","href":"https:\/\/api.w.org\/{rel}","templated":true}]}}