{"id":22415,"date":"2021-05-11T23:50:18","date_gmt":"2021-05-11T20:50:18","guid":{"rendered":"https:\/\/hookahshop.lt\/?post_type=product&#038;p=22415"},"modified":"2026-04-22T23:28:48","modified_gmt":"2026-04-22T20:28:48","slug":"elektroninis-kaljanas-c2-hookah-grey-black","status":"publish","type":"product","link":"https:\/\/hookahshop.lt\/pl\/produkt\/elektroniczna-szisza-c2-szisza-szara-czarna\/","title":{"rendered":"Fajka elektroniczna C2 HOOKAH Szaro-Czarna"},"content":{"rendered":"<h2>Fajka elektroniczna C2 HOOKAH Szaro-Czarna<\/h2>\n<p>To pierwsza fajka wodna dla tych, kt\u00f3rzy lubi\u0105 pali\u0107 tradycyjn\u0105 fajk\u0119 wodn\u0105, ale szukaj\u0105 alternatywy bez rozpalania w\u0119glem drzewnym. Specjalnie zaprojektowana dla profesjonalist\u00f3w z restauracji i klub\u00f3w nocnych, fajka C2 wyr\u00f3\u017cnia si\u0119: unikalnym i innowacyjnym designem. 100% elektroniczny, ale wci\u0105\u017c fajka 100%.<\/p>\n<p>U\u017cyte kapsu\u0142ki: e-liquidy produkcji francuskiej<\/p>\n<p><strong>Ekwipunek:<\/strong><br \/>\nNargile<br \/>\nRura<br \/>\nSprawa<br \/>\nBateria 8000mAh<br \/>\nKabel USB typu C<br \/>\n\u0141adowarka<br \/>\nWodoodporna dioda LED<br \/>\nInstrukcja<\/p>\n<p>Czy masz jakie\u015b pytania? Skontaktuj si\u0119 z nami\u00a0<a href=\"https:\/\/hookahshop.lt\/pl\/lacznosc\/\">strona z kontaktami<\/a>\u00a0lub napisz do nas na adres\u00a0<a href=\"https:\/\/facebook.com\/HookahShop.lt\/\" target=\"_blank\" rel=\"noopener noreferrer\">konto na Facebooku<\/a>\u00a0a my odpowiemy na Twoj\u0105 pro\u015bb\u0119 tego samego dnia.<\/p>","protected":false},"excerpt":{"rendered":"<p>Szisza elektroniczna C2 HOOKAH Szaro-Czarna To pierwsza fajka wodna dla tych, kt\u00f3rzy lubi\u0105 pali\u0107 tradycyjn\u0105 fajk\u0119 wodn\u0105, ale szukaj\u0105 alternatywy bez rozpalania w\u0119glem drzewnym. Zaprojektowana specjalnie dla profesjonalist\u00f3w z restauracji i klub\u00f3w nocnych, szisza C2 wyr\u00f3\u017cnia si\u0119: unikalnym i innowacyjnym designem. Elektronika 100%, ale nadal szisza 100%. Wykorzystane kapsu\u0142ki: francuskie e-liquidy Opakowanie: Etui na fajk\u0119 wodn\u0105 Bateria 8000 mAh Kabel USB Type-C [...]<\/p>","protected":false},"featured_media":22416,"comment_status":"open","ping_status":"closed","template":"","meta":[],"_links":{"self":[{"href":"https:\/\/hookahshop.lt\/pl\/wp-json\/wp\/v2\/product\/22415"}],"collection":[{"href":"https:\/\/hookahshop.lt\/pl\/wp-json\/wp\/v2\/product"}],"about":[{"href":"https:\/\/hookahshop.lt\/pl\/wp-json\/wp\/v2\/types\/product"}],"replies":[{"embeddable":true,"href":"https:\/\/hookahshop.lt\/pl\/wp-json\/wp\/v2\/comments?post=22415"}],"version-history":[{"count":5,"href":"https:\/\/hookahshop.lt\/pl\/wp-json\/wp\/v2\/product\/22415\/revisions"}],"predecessor-version":[{"id":22857,"href":"https:\/\/hookahshop.lt\/pl\/wp-json\/wp\/v2\/product\/22415\/revisions\/22857"}],"wp:featuredmedia":[{"embeddable":true,"href":"https:\/\/hookahshop.lt\/pl\/wp-json\/wp\/v2\/media\/22416"}],"wp:attachment":[{"href":"https:\/\/hookahshop.lt\/pl\/wp-json\/wp\/v2\/media?parent=22415"}],"curies":[{"name":"wp","href":"https:\/\/api.w.org\/{rel}","templated":true}]}}