{"id":22427,"date":"2021-05-12T12:47:21","date_gmt":"2021-05-12T09:47:21","guid":{"rendered":"https:\/\/hookahshop.lt\/?post_type=product&#038;p=22427"},"modified":"2025-07-22T15:12:40","modified_gmt":"2025-07-22T12:12:40","slug":"kaljano-paruosimo-mokymai-vienam-asmeniui","status":"publish","type":"product","link":"https:\/\/hookahshop.lt\/pl\/produkt\/szkolenie-przygotowawcze-do-sziszy-dla-jednej-osoby\/","title":{"rendered":"Przygotowanie do fajki wodnej SZKOLENIE dla jednej osoby"},"content":{"rendered":"<h2>Przygotowanie do fajki wodnej SZKOLENIE dla jednej osoby<\/h2>\n<p>Po zakupie fajki wodnej nie ka\u017cdy wie od czego zacz\u0105\u0107, jak prawid\u0142owo przygotowa\u0107 fajk\u0119 wodn\u0105 i jak sprawi\u0107, by by\u0142a smaczna i dymna w domu. Podczas naszego szkolenia z przygotowania fajki wodnej dowiesz si\u0119, jak zrobi\u0107 wszystko i unikn\u0105\u0107 b\u0142\u0119d\u00f3w w przygotowaniu fajki wodnej.<\/p>\n<p><strong>Podczas szkolenia przygotowuj\u0105cego do fajki wodnej:<\/strong><\/p>\n<p>- Dowiesz si\u0119 jak przygotowa\u0107 fajk\u0119 wodn\u0105.<br \/>\n- Poznasz sk\u0142ad i funkcjonalno\u015b\u0107 fajki wodnej.<br \/>\n- Dowiesz si\u0119 o opcjach akcesori\u00f3w do fajek wodnych i r\u00f3\u017cnicach mi\u0119dzy fajkami wodnymi.<br \/>\n\u2013 Poznasz r\u00f3\u017cne kubki do fajki wodnej i sposoby ich przygotowania.<br \/>\n\u2013 Nauczysz si\u0119 kontrolowa\u0107 temperatur\u0119 fili\u017canki fajki wodnej.<br \/>\n\u2013 Dowiesz si\u0119 jak dba\u0107 o fajk\u0119 wodn\u0105 i jak j\u0105 prawid\u0142owo czy\u015bci\u0107.<br \/>\n- Otrzymasz informacje o smakach tytoniu do fajki wodnej.<br \/>\n\u2013 Wypr\u00f3bujesz 2-3 r\u00f3\u017cne fajki wodne z r\u00f3\u017cnymi fili\u017cankami.<\/p>\n<p>Czas trwania szkolenia: 1-1,5 godziny.<br \/>\nSzkolenie z przygotowania fajki wodnej jest przeznaczone TYLKO dla jednej osoby.<br \/>\nSzkolenie z przygotowania fajki wodnej mo\u017ce odbywa\u0107 si\u0119 w j\u0119zyku: rosyjskim, angielskim, litewskim.<br \/>\nSzkolenie z fajki wodnej prowadzone jest w Wilnie. Zgodnie z umow\u0105 istnieje mo\u017cliwo\u015b\u0107 zmiany miejsca na wybrane przez Pa\u0144stwa za dodatkow\u0105 op\u0142at\u0105.<\/p>\n<p>Szkolenie z przygotowania fajki wodnej to oryginalny prezent dla m\u0119\u017cczyzny lub kobiety. Ka\u017cdy mi\u0142o\u015bnik fajek wodnych zdob\u0119dzie now\u0105 wiedz\u0119 na temat wszystkiego, co jest zwi\u0105zane z fajkami wodnymi!<\/p>\n<p>Czy masz jakie\u015b pytania? Skontaktuj si\u0119 z nami\u00a0<a href=\"https:\/\/hookahshop.lt\/pl\/lacznosc\/\">strona z kontaktami<\/a>\u00a0lub napisz do nas na adres\u00a0<a href=\"https:\/\/facebook.com\/HookahShop.lt\/\" target=\"_blank\" rel=\"noopener noreferrer\">konto na Facebooku<\/a>\u00a0a my odpowiemy na Twoj\u0105 pro\u015bb\u0119 tego samego dnia.<\/p>","protected":false},"excerpt":{"rendered":"<p>Przygotowanie fajki wodnej SZKOLENIE dla jednej osoby Po zakupie fajki wodnej nie ka\u017cdy wie od czego zacz\u0105\u0107, jak prawid\u0142owo przygotowa\u0107 fajk\u0119 wodn\u0105 i jak sprawi\u0107, by by\u0142a smaczna i dymi\u0105ca w domu. Podczas naszego szkolenia z przygotowania fajki wodnej dowiesz si\u0119, jak zrobi\u0107 wszystko i unikn\u0105\u0107 b\u0142\u0119d\u00f3w w przygotowaniu fajki wodnej. Podczas szkolenia z przygotowania fajki wodnej: \u2013 Dowiesz si\u0119, jak przygotowa\u0107 fajk\u0119 wodn\u0105. - Poznasz sk\u0142ad i funkcjonalno\u015b\u0107 fajki wodnej. - [\u2026]<\/p>","protected":false},"featured_media":22429,"comment_status":"open","ping_status":"closed","template":"","meta":[],"_links":{"self":[{"href":"https:\/\/hookahshop.lt\/pl\/wp-json\/wp\/v2\/product\/22427"}],"collection":[{"href":"https:\/\/hookahshop.lt\/pl\/wp-json\/wp\/v2\/product"}],"about":[{"href":"https:\/\/hookahshop.lt\/pl\/wp-json\/wp\/v2\/types\/product"}],"replies":[{"embeddable":true,"href":"https:\/\/hookahshop.lt\/pl\/wp-json\/wp\/v2\/comments?post=22427"}],"version-history":[{"count":19,"href":"https:\/\/hookahshop.lt\/pl\/wp-json\/wp\/v2\/product\/22427\/revisions"}],"predecessor-version":[{"id":33602,"href":"https:\/\/hookahshop.lt\/pl\/wp-json\/wp\/v2\/product\/22427\/revisions\/33602"}],"wp:featuredmedia":[{"embeddable":true,"href":"https:\/\/hookahshop.lt\/pl\/wp-json\/wp\/v2\/media\/22429"}],"wp:attachment":[{"href":"https:\/\/hookahshop.lt\/pl\/wp-json\/wp\/v2\/media?parent=22427"}],"curies":[{"name":"wp","href":"https:\/\/api.w.org\/{rel}","templated":true}]}}