{"id":22434,"date":"2021-05-12T13:25:38","date_gmt":"2021-05-12T10:25:38","guid":{"rendered":"https:\/\/hookahshop.lt\/?post_type=product&#038;p=22434"},"modified":"2025-04-08T22:13:26","modified_gmt":"2025-04-08T19:13:26","slug":"kaljano-paruosimo-mokymai-imonei","status":"publish","type":"product","link":"https:\/\/hookahshop.lt\/pl\/produkt\/przygotowanie-szkolenie-do-sziszy-dla-firmy\/","title":{"rendered":"Przygotowanie fajki wodnej SZKOLENIE dla firmy"},"content":{"rendered":"<h2>Przygotowanie fajki wodnej SZKOLENIE dla firmy<\/h2>\n<p>Podczas naszego szkolenia z przygotowania fajki wodnej dowiesz si\u0119, jak zrobi\u0107 wszystko i unikn\u0105\u0107 b\u0142\u0119d\u00f3w w przygotowaniu fajki wodnej, a tak\u017ce dowiesz si\u0119, jak zorganizowa\u0107 biznes fajki wodnej w swojej firmie.<\/p>\n<p><strong>Podczas szkolenia przygotowuj\u0105cego do fajki wodnej:<\/strong><\/p>\n<p>- Dowiesz si\u0119 jak przygotowa\u0107 fajk\u0119 wodn\u0105.<br \/>\n- Poznasz sk\u0142ad i funkcjonalno\u015b\u0107 fajki wodnej oraz jej mo\u017cliwo\u015bci.<br \/>\n- Dowiesz si\u0119 o opcjach akcesori\u00f3w do fajek wodnych i r\u00f3\u017cnicach mi\u0119dzy fajkami wodnymi.<br \/>\n\u2013 Dowiesz si\u0119 jak dba\u0107 o fajk\u0119 wodn\u0105 i jak j\u0105 prawid\u0142owo czy\u015bci\u0107.<br \/>\n\u2013 Poznasz r\u00f3\u017cne kubki do fajki wodnej i sposoby ich przygotowania.<br \/>\n\u2013 Nauczysz si\u0119 kontrolowa\u0107 temperatur\u0119 fili\u017canki fajki wodnej.<br \/>\n\u2013 Otrzymasz informacje o smakach tytoniu do fajki wodnej, skupie i sprzeda\u017cy wyrob\u00f3w tytoniowych w dzia\u0142alno\u015bci firmy.<br \/>\n\u2013 Wypr\u00f3bujesz 4 r\u00f3\u017cne fajki wodne z r\u00f3\u017cnymi fili\u017cankami.<br \/>\n- Wskaz\u00f3wki dotycz\u0105ce organizacji miejsca pracy.<\/p>\n<p>Czas trwania szkolenia: 2-2,5 godziny.<br \/>\nSzkolenie z przygotowania fajki wodnej przeznaczone jest dla 2 pracownik\u00f3w.<br \/>\nSzkolenie z przygotowania fajki wodnej mo\u017ce odbywa\u0107 si\u0119 w j\u0119zyku: rosyjskim, angielskim, litewskim.<br \/>\nSzkolenie z fajki wodnej prowadzone jest w Wilnie. Do innych miast Litwy doje\u017cd\u017camy po op\u0142aceniu dodatkowych koszt\u00f3w paliwa.<\/p>\n<p>Czy masz jakie\u015b pytania? Skontaktuj si\u0119 z nami\u00a0<a href=\"https:\/\/hookahshop.lt\/pl\/lacznosc\/\">strona z kontaktami<\/a>\u00a0lub napisz do nas na adres\u00a0<a href=\"https:\/\/facebook.com\/HookahShop.lt\/\" target=\"_blank\" rel=\"noopener noreferrer\">konto na Facebooku<\/a>\u00a0a my odpowiemy na Twoj\u0105 pro\u015bb\u0119 tego samego dnia.<\/p>","protected":false},"excerpt":{"rendered":"<p>Przygotowanie fajki wodnej SZKOLENIE dla firmy Podczas naszego szkolenia z przygotowania fajki wodnej dowiesz si\u0119, jak zrobi\u0107 wszystko i unikn\u0105\u0107 b\u0142\u0119d\u00f3w w przygotowaniu fajki wodnej, a tak\u017ce dowiesz si\u0119, jak zorganizowa\u0107 biznes fajki wodnej w Twojej firmie. Podczas szkolenia z przygotowania fajki wodnej: \u2013 Dowiesz si\u0119, jak przygotowa\u0107 fajk\u0119 wodn\u0105. - Poznasz sk\u0142ad i funkcjonalno\u015b\u0107 fajki wodnej oraz jej mo\u017cliwo\u015bci. - Dowiesz si\u0119 o opcjach akcesori\u00f3w do fajek wodnych i r\u00f3\u017cnicach mi\u0119dzy fajkami wodnymi. - Nauczysz si\u0119 [...]<\/p>","protected":false},"featured_media":22449,"comment_status":"open","ping_status":"closed","template":"","meta":[],"_links":{"self":[{"href":"https:\/\/hookahshop.lt\/pl\/wp-json\/wp\/v2\/product\/22434"}],"collection":[{"href":"https:\/\/hookahshop.lt\/pl\/wp-json\/wp\/v2\/product"}],"about":[{"href":"https:\/\/hookahshop.lt\/pl\/wp-json\/wp\/v2\/types\/product"}],"replies":[{"embeddable":true,"href":"https:\/\/hookahshop.lt\/pl\/wp-json\/wp\/v2\/comments?post=22434"}],"version-history":[{"count":9,"href":"https:\/\/hookahshop.lt\/pl\/wp-json\/wp\/v2\/product\/22434\/revisions"}],"predecessor-version":[{"id":22470,"href":"https:\/\/hookahshop.lt\/pl\/wp-json\/wp\/v2\/product\/22434\/revisions\/22470"}],"wp:featuredmedia":[{"embeddable":true,"href":"https:\/\/hookahshop.lt\/pl\/wp-json\/wp\/v2\/media\/22449"}],"wp:attachment":[{"href":"https:\/\/hookahshop.lt\/pl\/wp-json\/wp\/v2\/media?parent=22434"}],"curies":[{"name":"wp","href":"https:\/\/api.w.org\/{rel}","templated":true}]}}