{"id":22512,"date":"2021-05-14T22:27:05","date_gmt":"2021-05-14T19:27:05","guid":{"rendered":"https:\/\/hookahshop.lt\/?post_type=product&#038;p=22512"},"modified":"2026-04-22T23:28:47","modified_gmt":"2026-04-22T20:28:47","slug":"anglys-kaljanui-crown-airflow-25mm-1kg","status":"publish","type":"product","link":"https:\/\/hookahshop.lt\/pl\/produkt\/wegiel-do-fajki-wodnej-korona-przeplyw-powietrza-25mm-1kg\/","title":{"rendered":"W\u0119giel do fajki wodnej CROWN Airflow 25mm 1kg"},"content":{"rendered":"<h2>W\u0119giel do fajki wodnej CROWN Airflow 25mm 1kg<\/h2>\n<p>To pierwsze \u201ezapachowe\u201d w\u0119gle do fajki wodnej wykonane z naturalnej kory kokosowej. W\u0119gle te maj\u0105 wyt\u0142oczone kraw\u0119dzie, kt\u00f3re utrzymuj\u0105 intensywne ciep\u0142o. Pomi\u0119dzy \u015bcian\u0105 kraw\u0119dzi w\u0119gla a komor\u0105 ciepln\u0105 przechodzi tlen, kt\u00f3ry zapobiega wydostawaniu si\u0119 w\u0119gla na zewn\u0105trz.<\/p>\n<p><strong>Specyfikacja:<\/strong><\/p>\n<p>Wymiary jednego w\u0119gla: 25x25x25mm.<br \/>\nPude\u0142ko zawiera 72 w\u0119gle.<br \/>\nAby spali\u0107 w\u0119giel, potrzebujesz elektrycznej p\u0142yty grzejnej do fajki wodnej, turystycznej kuchenki gazowej lub podobnej.<br \/>\nKraj pochodzenia: Indonezja<\/p>\n<p>Czy masz jakie\u015b pytania? Skontaktuj si\u0119 z nami\u00a0<a href=\"https:\/\/hookahshop.lt\/pl\/lacznosc\/\">strona z kontaktami<\/a>\u00a0lub napisz do nas na adres\u00a0<a href=\"https:\/\/facebook.com\/HookahShop.lt\/\" target=\"_blank\" rel=\"noopener noreferrer\">konto na Facebooku<\/a>\u00a0a my odpowiemy na Twoj\u0105 pro\u015bb\u0119 tego samego dnia.<\/p>","protected":false},"excerpt":{"rendered":"<p>W\u0119giel do fajki wodnej CROWN Airflow 25mm 1kg To pierwsze \u201epachn\u0105ce\u201d w\u0119giel do fajki wodnej wykonane z naturalnej kory kokosowej. W\u0119gle te maj\u0105 wyt\u0142oczone kraw\u0119dzie, kt\u00f3re utrzymuj\u0105 intensywne ciep\u0142o. Pomi\u0119dzy \u015bcian\u0105 kraw\u0119dzi w\u0119gla a komor\u0105 ciepln\u0105 przep\u0142ywa tlen, kt\u00f3ry zapobiega wydostawaniu si\u0119 w\u0119gla na zewn\u0105trz. Specyfikacja: Wymiary jednego w\u0119gla: 25x25x25mm. W pude\u0142ku znajduj\u0105 si\u0119 72 w\u0119gle. Do rozpalania w\u0119gli potrzebna jest elektryczna p\u0142yta do fajki wodnej, turystyczna [\u2026]<\/p>","protected":false},"featured_media":22517,"comment_status":"open","ping_status":"closed","template":"","meta":[],"_links":{"self":[{"href":"https:\/\/hookahshop.lt\/pl\/wp-json\/wp\/v2\/product\/22512"}],"collection":[{"href":"https:\/\/hookahshop.lt\/pl\/wp-json\/wp\/v2\/product"}],"about":[{"href":"https:\/\/hookahshop.lt\/pl\/wp-json\/wp\/v2\/types\/product"}],"replies":[{"embeddable":true,"href":"https:\/\/hookahshop.lt\/pl\/wp-json\/wp\/v2\/comments?post=22512"}],"version-history":[{"count":4,"href":"https:\/\/hookahshop.lt\/pl\/wp-json\/wp\/v2\/product\/22512\/revisions"}],"predecessor-version":[{"id":34596,"href":"https:\/\/hookahshop.lt\/pl\/wp-json\/wp\/v2\/product\/22512\/revisions\/34596"}],"wp:featuredmedia":[{"embeddable":true,"href":"https:\/\/hookahshop.lt\/pl\/wp-json\/wp\/v2\/media\/22517"}],"wp:attachment":[{"href":"https:\/\/hookahshop.lt\/pl\/wp-json\/wp\/v2\/media?parent=22512"}],"curies":[{"name":"wp","href":"https:\/\/api.w.org\/{rel}","templated":true}]}}