{"id":22537,"date":"2021-05-18T12:48:45","date_gmt":"2021-05-18T09:48:45","guid":{"rendered":"https:\/\/hookahshop.lt\/?post_type=product&#038;p=22537"},"modified":"2026-04-17T23:29:26","modified_gmt":"2026-04-17T20:29:26","slug":"kandiklis-kaljanui-hoob-smpl-black-gold-new","status":"publish","type":"product","link":"https:\/\/hookahshop.lt\/pl\/produkt\/ustnik-do-hookah-hoob-smpl-czarno-zloty-nowy\/","title":{"rendered":"Ustnik do fajki wodnej HOOB SMPL Black Gold Nowo\u015b\u0107"},"content":{"rendered":"<h2>Ustnik do fajki wodnej HOOB SMPL Black Gold Nowo\u015b\u0107<\/h2>\n<p>Ustnik do fajki wodnej HOOB SMPL Black Gold wykonany ze szczotkowanego czarnego aluminium z poz\u0142acanymi ko\u0144c\u00f3wkami ze stali nierdzewnej.<\/p>\n<p>D\u0142ugo\u015b\u0107: 30 cm<br \/>\nAnodowany na czarno, matowo<br \/>\nNadaje si\u0119 do wszystkich w\u0119\u017cy silikonowych o \u015brednicy wewn\u0119trznej 10-11mm<br \/>\nPoz\u0142acane ko\u0144c\u00f3wki ze stali nierdzewnej<br \/>\nBrak szkodliwych pow\u0142ok (farby itp.)<\/p>\n<p>Czy masz jakie\u015b pytania? Skontaktuj si\u0119 z nami\u00a0<a href=\"https:\/\/hookahshop.lt\/pl\/lacznosc\/\">strona z kontaktami<\/a>\u00a0lub napisz do nas na adres\u00a0<a href=\"https:\/\/facebook.com\/HookahShop.lt\/\" target=\"_blank\" rel=\"noopener noreferrer\">konto na Facebooku<\/a>\u00a0a my odpowiemy na Twoj\u0105 pro\u015bb\u0119 tego samego dnia.<\/p>","protected":false},"excerpt":{"rendered":"<p>Ustnik do fajki wodnej HOOB SMPL Black Gold Nowo\u015b\u0107 Ustnik do fajki wodnej HOOB SMPL Black Gold wykonany z polerowanego czarnego aluminium z poz\u0142acanymi ko\u0144c\u00f3wkami ze stali nierdzewnej. D\u0142ugo\u015b\u0107: 30cm Czarny matowy anodowany Pasuje do wszystkich w\u0119\u017cy silikonowych o \u015brednicy wewn\u0119trznej 10-11mm Ko\u0144c\u00f3wki ze stali nierdzewnej poz\u0142acane Brak szkodliwych pow\u0142ok (farb itp.) Masz pytania? Skontaktuj si\u0119 z nami na stronie kontaktowej lub napisz do nas [...]<\/p>","protected":false},"featured_media":22538,"comment_status":"open","ping_status":"closed","template":"","meta":[],"_links":{"self":[{"href":"https:\/\/hookahshop.lt\/pl\/wp-json\/wp\/v2\/product\/22537"}],"collection":[{"href":"https:\/\/hookahshop.lt\/pl\/wp-json\/wp\/v2\/product"}],"about":[{"href":"https:\/\/hookahshop.lt\/pl\/wp-json\/wp\/v2\/types\/product"}],"replies":[{"embeddable":true,"href":"https:\/\/hookahshop.lt\/pl\/wp-json\/wp\/v2\/comments?post=22537"}],"version-history":[{"count":5,"href":"https:\/\/hookahshop.lt\/pl\/wp-json\/wp\/v2\/product\/22537\/revisions"}],"predecessor-version":[{"id":25612,"href":"https:\/\/hookahshop.lt\/pl\/wp-json\/wp\/v2\/product\/22537\/revisions\/25612"}],"wp:featuredmedia":[{"embeddable":true,"href":"https:\/\/hookahshop.lt\/pl\/wp-json\/wp\/v2\/media\/22538"}],"wp:attachment":[{"href":"https:\/\/hookahshop.lt\/pl\/wp-json\/wp\/v2\/media?parent=22537"}],"curies":[{"name":"wp","href":"https:\/\/api.w.org\/{rel}","templated":true}]}}