{"id":22543,"date":"2021-05-18T12:57:10","date_gmt":"2021-05-18T09:57:10","guid":{"rendered":"https:\/\/hookahshop.lt\/?post_type=product&#038;p=22543"},"modified":"2026-04-17T23:29:26","modified_gmt":"2026-04-17T20:29:26","slug":"kandiklis-kaljanui-hoob-smpl-wenge-gold","status":"publish","type":"product","link":"https:\/\/hookahshop.lt\/pl\/produkt\/ustnik-do-hookah-hoob-smpl-wenge-zloty\/","title":{"rendered":"Haczyk do fajki wodnej HOOB SMPL Wenge Gold"},"content":{"rendered":"<h2 class=\"serp-title\" data-format=\"%title% %page%\" data-empty-title=\"Click to enter custom title\">Haczyk do fajki wodnej HOOB SMPL Wenge Gold<\/h2>\n<p>Ustnik do fajki wodnej HOOB SMPL Wenge Gold wykonany z drewna i zako\u0144czony poz\u0142acanymi ko\u0144c\u00f3wkami ze stali nierdzewnej.<\/p>\n<p>D\u0142ugo\u015b\u0107: 30 cm<br \/>\nZ drewna<br \/>\nNadaje si\u0119 do wszystkich w\u0119\u017cy silikonowych o \u015brednicy wewn\u0119trznej 10-11mm<br \/>\nPoz\u0142acane ko\u0144c\u00f3wki ze stali nierdzewnej<br \/>\nBrak szkodliwych pow\u0142ok (farby itp.)<\/p>\n<p>Czy masz jakie\u015b pytania? Skontaktuj si\u0119 z nami\u00a0<a href=\"https:\/\/hookahshop.lt\/pl\/lacznosc\/\">strona z kontaktami<\/a>\u00a0lub napisz do nas na adres\u00a0<a href=\"https:\/\/facebook.com\/HookahShop.lt\/\" target=\"_blank\" rel=\"noopener noreferrer\">konto na Facebooku<\/a>\u00a0a my odpowiemy na Twoj\u0105 pro\u015bb\u0119 tego samego dnia.<\/p>","protected":false},"excerpt":{"rendered":"<p>Ustnik do fajki wodnej HOOB SMPL Wenge Gold Ustnik do fajki wodnej HOOB SMPL Wenge Gold wykonany z drewna i ze z\u0142oconymi ko\u0144c\u00f3wkami ze stali nierdzewnej. D\u0142ugo\u015b\u0107: 30cm Drewniana Nadaje si\u0119 do wszystkich w\u0119\u017cy silikonowych o \u015brednicy wewn\u0119trznej 10-11mm Ko\u0144c\u00f3wki ze stali nierdzewnej poz\u0142acane Brak szkodliwych pow\u0142ok (farb itp.) Masz pytania? Skontaktuj si\u0119 z nami na stronie kontaktowej lub napisz do nas na naszym koncie na Facebooku, a my odpowiemy [\u2026]<\/p>","protected":false},"featured_media":22544,"comment_status":"open","ping_status":"closed","template":"","meta":[],"_links":{"self":[{"href":"https:\/\/hookahshop.lt\/pl\/wp-json\/wp\/v2\/product\/22543"}],"collection":[{"href":"https:\/\/hookahshop.lt\/pl\/wp-json\/wp\/v2\/product"}],"about":[{"href":"https:\/\/hookahshop.lt\/pl\/wp-json\/wp\/v2\/types\/product"}],"replies":[{"embeddable":true,"href":"https:\/\/hookahshop.lt\/pl\/wp-json\/wp\/v2\/comments?post=22543"}],"version-history":[{"count":4,"href":"https:\/\/hookahshop.lt\/pl\/wp-json\/wp\/v2\/product\/22543\/revisions"}],"predecessor-version":[{"id":25613,"href":"https:\/\/hookahshop.lt\/pl\/wp-json\/wp\/v2\/product\/22543\/revisions\/25613"}],"wp:featuredmedia":[{"embeddable":true,"href":"https:\/\/hookahshop.lt\/pl\/wp-json\/wp\/v2\/media\/22544"}],"wp:attachment":[{"href":"https:\/\/hookahshop.lt\/pl\/wp-json\/wp\/v2\/media?parent=22543"}],"curies":[{"name":"wp","href":"https:\/\/api.w.org\/{rel}","templated":true}]}}