{"id":22548,"date":"2021-05-18T13:14:49","date_gmt":"2021-05-18T10:14:49","guid":{"rendered":"https:\/\/hookahshop.lt\/?post_type=product&#038;p=22548"},"modified":"2026-04-13T16:23:27","modified_gmt":"2026-04-13T13:23:27","slug":"sakute-kaljano-tabakui-hoob-fork-gold","status":"publish","type":"product","link":"https:\/\/hookahshop.lt\/pl\/produkt\/sakute-szisza-tyton-hoob-widelec-zloty\/","title":{"rendered":"Widelec hakowy do tytoniu HOOB Fork Gold"},"content":{"rendered":"<h2>Widelec hakowy do tytoniu HOOB Fork Gold<\/h2>\n<p>Zapakuj idealn\u0105 fili\u017cank\u0119 czystymi r\u0119kami.<\/p>\n<p>Widelec do fajki wodnej wykonany jest ze stali nierdzewnej 100%<\/p>\n<p>D\u0142ugo\u015b\u0107: 14 cm<br \/>\nWygodny kszta\u0142t<br \/>\nOtw\u00f3r na brelok<\/p>\n<p>Czy masz jakie\u015b pytania? Skontaktuj si\u0119 z nami\u00a0<a href=\"https:\/\/hookahshop.lt\/pl\/lacznosc\/\">strona z kontaktami<\/a>\u00a0lub napisz do nas na adres\u00a0<a href=\"https:\/\/facebook.com\/HookahShop.lt\/\" target=\"_blank\" rel=\"noopener noreferrer\">konto na Facebooku<\/a>\u00a0a my odpowiemy na Twoj\u0105 pro\u015bb\u0119 tego samego dnia.<\/p>","protected":false},"excerpt":{"rendered":"<p>Widelec do fajki wodnej HOOB Fork Gold Pack to idealna fili\u017canka zapewniaj\u0105ca czyste d\u0142onie. Widelec do fajki wodnej wykonany jest ze stali nierdzewnej 100% D\u0142ugo\u015b\u0107: 14 cm Wygodny kszta\u0142t Otw\u00f3r na breloczek Masz pytania? Skontaktuj si\u0119 z nami na stronie kontaktowej lub napisz do nas na naszym koncie na Facebooku, a my odpowiemy na Twoj\u0105 pro\u015bb\u0119 jeszcze tego samego dnia.<\/p>","protected":false},"featured_media":28561,"comment_status":"open","ping_status":"closed","template":"","meta":[],"_links":{"self":[{"href":"https:\/\/hookahshop.lt\/pl\/wp-json\/wp\/v2\/product\/22548"}],"collection":[{"href":"https:\/\/hookahshop.lt\/pl\/wp-json\/wp\/v2\/product"}],"about":[{"href":"https:\/\/hookahshop.lt\/pl\/wp-json\/wp\/v2\/types\/product"}],"replies":[{"embeddable":true,"href":"https:\/\/hookahshop.lt\/pl\/wp-json\/wp\/v2\/comments?post=22548"}],"version-history":[{"count":4,"href":"https:\/\/hookahshop.lt\/pl\/wp-json\/wp\/v2\/product\/22548\/revisions"}],"predecessor-version":[{"id":34435,"href":"https:\/\/hookahshop.lt\/pl\/wp-json\/wp\/v2\/product\/22548\/revisions\/34435"}],"wp:featuredmedia":[{"embeddable":true,"href":"https:\/\/hookahshop.lt\/pl\/wp-json\/wp\/v2\/media\/28561"}],"wp:attachment":[{"href":"https:\/\/hookahshop.lt\/pl\/wp-json\/wp\/v2\/media?parent=22548"}],"curies":[{"name":"wp","href":"https:\/\/api.w.org\/{rel}","templated":true}]}}