{"id":22553,"date":"2021-05-18T13:18:56","date_gmt":"2021-05-18T10:18:56","guid":{"rendered":"https:\/\/hookahshop.lt\/?post_type=product&#038;p=22553"},"modified":"2026-04-13T16:23:27","modified_gmt":"2026-04-13T13:23:27","slug":"sakute-kaljano-tabakui-hoob-fork-bronze","status":"publish","type":"product","link":"https:\/\/hookahshop.lt\/pl\/produkt\/sakute-szisza-tyton-obrecz-widelec-braz\/","title":{"rendered":"Widelec hakowy do tytoniu HOOB Widelec Br\u0105zowy"},"content":{"rendered":"<h2>Widelec hakowy do tytoniu HOOB Widelec Br\u0105zowy<\/h2>\n<p>Zapakuj idealn\u0105 fili\u017cank\u0119 czystymi r\u0119kami.<br \/>\nWidelec do fajki wodnej wykonany jest ze stali nierdzewnej 100%<\/p>\n<p>D\u0142ugo\u015b\u0107: 14 cm<br \/>\nWygodny kszta\u0142t<br \/>\nOtw\u00f3r na brelok<\/p>\n<p>Czy masz jakie\u015b pytania? Skontaktuj si\u0119 z nami\u00a0<a href=\"https:\/\/hookahshop.lt\/pl\/lacznosc\/\">strona z kontaktami<\/a>\u00a0lub napisz do nas na adres\u00a0<a href=\"https:\/\/facebook.com\/HookahShop.lt\/\" target=\"_blank\" rel=\"noopener noreferrer\">konto na Facebooku<\/a>\u00a0a my odpowiemy na Twoj\u0105 pro\u015bb\u0119 tego samego dnia.<\/p>","protected":false},"excerpt":{"rendered":"<p>Widelec do fajki wodnej Widelec HOOB Bronze Przygotuj idealn\u0105 fili\u017cank\u0119 czystymi r\u0119kami. Widelec do fajki wodnej wykonany jest ze stali nierdzewnej 100% D\u0142ugo\u015b\u0107: 14 cm Wygodny kszta\u0142t Otw\u00f3r na brelok do kluczy Masz pytania? Skontaktuj si\u0119 z nami na stronie kontaktowej lub napisz do nas na naszym koncie na Facebooku, a my odpowiemy na Twoj\u0105 pro\u015bb\u0119 jeszcze tego samego dnia.<\/p>","protected":false},"featured_media":28563,"comment_status":"open","ping_status":"closed","template":"","meta":[],"_links":{"self":[{"href":"https:\/\/hookahshop.lt\/pl\/wp-json\/wp\/v2\/product\/22553"}],"collection":[{"href":"https:\/\/hookahshop.lt\/pl\/wp-json\/wp\/v2\/product"}],"about":[{"href":"https:\/\/hookahshop.lt\/pl\/wp-json\/wp\/v2\/types\/product"}],"replies":[{"embeddable":true,"href":"https:\/\/hookahshop.lt\/pl\/wp-json\/wp\/v2\/comments?post=22553"}],"version-history":[{"count":5,"href":"https:\/\/hookahshop.lt\/pl\/wp-json\/wp\/v2\/product\/22553\/revisions"}],"predecessor-version":[{"id":40077,"href":"https:\/\/hookahshop.lt\/pl\/wp-json\/wp\/v2\/product\/22553\/revisions\/40077"}],"wp:featuredmedia":[{"embeddable":true,"href":"https:\/\/hookahshop.lt\/pl\/wp-json\/wp\/v2\/media\/28563"}],"wp:attachment":[{"href":"https:\/\/hookahshop.lt\/pl\/wp-json\/wp\/v2\/media?parent=22553"}],"curies":[{"name":"wp","href":"https:\/\/api.w.org\/{rel}","templated":true}]}}