{"id":23535,"date":"2021-06-01T14:10:44","date_gmt":"2021-06-01T11:10:44","guid":{"rendered":"https:\/\/hookahshop.lt\/?post_type=product&#038;p=23535"},"modified":"2026-04-15T12:28:44","modified_gmt":"2026-04-15T09:28:44","slug":"gaubtas-taureles-kaitinimui-conceptic","status":"publish","type":"product","link":"https:\/\/hookahshop.lt\/pl\/produkt\/koncepcja-kubek-kaptur-do-ogrzewania\/","title":{"rendered":"Okap grzewczy na fili\u017canki CONCEPTIC Firewall"},"content":{"rendered":"<h2>Okap grzewczy na fili\u017canki CONCEPTIC Firewall<\/h2>\n<p>Okap do fajki wodnej \u201eConceptive Firewall\u201d uniwersalny panel kapturowy wykonany ze stali nierdzewnej o grubo\u015bci 1 mm<\/p>\n<p>Opatentowany uk\u0142ad bocznych otwor\u00f3w spe\u0142nia nie tylko funkcj\u0119 estetyczn\u0105, ale tak\u017ce pozwala na wyb\u00f3r pomi\u0119dzy intensywno\u015bci\u0105 podgrzewania kubka. Zdejmowana pokrywa u\u0142atwia i zapewnia zmienno\u015b\u0107 zarz\u0105dzania ciep\u0142em. Kaptur jest bez r\u0105czki, \u015brodkowa cz\u0119\u015b\u0107 nie nagrzewa si\u0119.<\/p>\n<p><strong>Charakterystyka:<\/strong><br \/>\nWysoko\u015b\u0107: 230 mm<br \/>\n\u015arednica podstawy: 100mm<br \/>\nWaga: oko\u0142o 465 gr<\/p>\n<p>Czy masz jakie\u015b pytania? Skontaktuj si\u0119 z nami\u00a0<a href=\"https:\/\/hookahshop.lt\/pl\/lacznosc\/\">strona z kontaktami<\/a>\u00a0lub napisz do nas na adres\u00a0<a href=\"https:\/\/facebook.com\/HookahShop.lt\/\" target=\"_blank\" rel=\"noopener noreferrer\">konto na Facebooku<\/a>\u00a0a my odpowiemy na Twoj\u0105 pro\u015bb\u0119 tego samego dnia.<\/p>","protected":false},"excerpt":{"rendered":"<p>Okap do podgrzewania fili\u017canek CONCEPTIC Firewall Okap do fajki wodnej \u201eConceptic Firewall\u201d uniwersalny kaptur-panel wykonany ze stali nierdzewnej o grubo\u015bci 1 mm. Opatentowany uk\u0142ad bocznych otwor\u00f3w spe\u0142nia nie tylko funkcj\u0119 estetyczn\u0105, ale tak\u017ce umo\u017cliwia wyb\u00f3r pomi\u0119dzy intensywno\u015bci\u0105 podgrzewania fili\u017canka. Zdejmowana pokrywa u\u0142atwia i zapewnia zmienno\u015b\u0107 zarz\u0105dzania ciep\u0142em. Kaptur jest bez r\u0105czki, \u015brodkowa cz\u0119\u015b\u0107 nie nagrzewa si\u0119. Charakterystyka: Wysoko\u015b\u0107: 230 mm \u015arednica podstawy: [\u2026]<\/p>","protected":false},"featured_media":23538,"comment_status":"open","ping_status":"closed","template":"","meta":[],"_links":{"self":[{"href":"https:\/\/hookahshop.lt\/pl\/wp-json\/wp\/v2\/product\/23535"}],"collection":[{"href":"https:\/\/hookahshop.lt\/pl\/wp-json\/wp\/v2\/product"}],"about":[{"href":"https:\/\/hookahshop.lt\/pl\/wp-json\/wp\/v2\/types\/product"}],"replies":[{"embeddable":true,"href":"https:\/\/hookahshop.lt\/pl\/wp-json\/wp\/v2\/comments?post=23535"}],"version-history":[{"count":4,"href":"https:\/\/hookahshop.lt\/pl\/wp-json\/wp\/v2\/product\/23535\/revisions"}],"predecessor-version":[{"id":23974,"href":"https:\/\/hookahshop.lt\/pl\/wp-json\/wp\/v2\/product\/23535\/revisions\/23974"}],"wp:featuredmedia":[{"embeddable":true,"href":"https:\/\/hookahshop.lt\/pl\/wp-json\/wp\/v2\/media\/23538"}],"wp:attachment":[{"href":"https:\/\/hookahshop.lt\/pl\/wp-json\/wp\/v2\/media?parent=23535"}],"curies":[{"name":"wp","href":"https:\/\/api.w.org\/{rel}","templated":true}]}}