{"id":23548,"date":"2021-06-01T15:21:05","date_gmt":"2021-06-01T12:21:05","guid":{"rendered":"https:\/\/hookahshop.lt\/?post_type=product&#038;p=23548"},"modified":"2026-04-15T12:29:13","modified_gmt":"2026-04-15T09:29:13","slug":"taurele-kaljanui-arma-classic","status":"publish","type":"product","link":"https:\/\/hookahshop.lt\/pl\/produkt\/kubek-szisza-arma-klasyczny\/","title":{"rendered":"Kubek do fajki wodnej ARMA Classic"},"content":{"rendered":"<h2>Kubek do fajki wodnej ARMA Classic<\/h2>\n<p>Kubek wykonany jest z wysokiej jako\u015bci, r\u0119cznie robionej gliny.<br \/>\nPojemno\u015b\u0107 fili\u017canki 15-20 g.<\/p>\n<p><strong>Charakterystyka:<\/strong><\/p>\n<p>Wysoko\u015b\u0107: 74 mm<br \/>\n\u015arednica (zewn\u0119trzna): 72mm<br \/>\n\u015arednica (wewn\u0119trzna): 61mm<br \/>\nG\u0142\u0119boko\u015b\u0107: 18 mm<br \/>\n\u015arednica otworu: 7 mm<br \/>\nLiczba otwor\u00f3w: 6 szt<br \/>\nWaga: oko\u0142o 170g.<\/p>\n<p>Czy masz jakie\u015b pytania? Skontaktuj si\u0119 z nami\u00a0<a href=\"https:\/\/hookahshop.lt\/pl\/lacznosc\/\">strona z kontaktami<\/a>\u00a0lub napisz do nas na adres\u00a0<a href=\"https:\/\/facebook.com\/HookahShop.lt\/\" target=\"_blank\" rel=\"noopener noreferrer\">konto na Facebooku<\/a>\u00a0a my odpowiemy na Twoj\u0105 pro\u015bb\u0119 tego samego dnia.<\/p>","protected":false},"excerpt":{"rendered":"<p>Kubek na fajk\u0119 wodn\u0105 ARMA Classic Kubek wykonany z wysokiej jako\u015bci, r\u0119cznie robionej gliny. Pojemno\u015b\u0107 fili\u017canki 15-20 g. Charakterystyka: Wysoko\u015b\u0107: 74mm \u015arednica (zewn\u0119trzna): 72mm \u015arednica (wewn\u0119trzna): 61mm G\u0142\u0119boko\u015b\u0107: 18mm \u015arednica otworu: 7mm Ilo\u015b\u0107 otwor\u00f3w: 6szt Waga: oko\u0142o 170g. Czy masz jakie\u015b pytania? Skontaktuj si\u0119 z nami na stronie kontaktowej lub napisz do nas na naszym koncie na Facebooku, a my odpowiemy na Twoj\u0105 pro\u015bb\u0119 jeszcze tego samego dnia.<\/p>","protected":false},"featured_media":23550,"comment_status":"open","ping_status":"closed","template":"","meta":[],"_links":{"self":[{"href":"https:\/\/hookahshop.lt\/pl\/wp-json\/wp\/v2\/product\/23548"}],"collection":[{"href":"https:\/\/hookahshop.lt\/pl\/wp-json\/wp\/v2\/product"}],"about":[{"href":"https:\/\/hookahshop.lt\/pl\/wp-json\/wp\/v2\/types\/product"}],"replies":[{"embeddable":true,"href":"https:\/\/hookahshop.lt\/pl\/wp-json\/wp\/v2\/comments?post=23548"}],"version-history":[{"count":4,"href":"https:\/\/hookahshop.lt\/pl\/wp-json\/wp\/v2\/product\/23548\/revisions"}],"predecessor-version":[{"id":29352,"href":"https:\/\/hookahshop.lt\/pl\/wp-json\/wp\/v2\/product\/23548\/revisions\/29352"}],"wp:featuredmedia":[{"embeddable":true,"href":"https:\/\/hookahshop.lt\/pl\/wp-json\/wp\/v2\/media\/23550"}],"wp:attachment":[{"href":"https:\/\/hookahshop.lt\/pl\/wp-json\/wp\/v2\/media?parent=23548"}],"curies":[{"name":"wp","href":"https:\/\/api.w.org\/{rel}","templated":true}]}}