{"id":23559,"date":"2021-06-01T18:17:39","date_gmt":"2021-06-01T15:17:39","guid":{"rendered":"https:\/\/hookahshop.lt\/?post_type=product&#038;p=23559"},"modified":"2026-04-15T12:29:13","modified_gmt":"2026-04-15T09:29:13","slug":"taurele-kaljanui-arma-mortar","status":"publish","type":"product","link":"https:\/\/hookahshop.lt\/pl\/produkt\/filizanka-szisza-arma-mozdzierz\/","title":{"rendered":"Kubek do fajki wodnej ARMA Mortar"},"content":{"rendered":"<h2>Kubek do fajki wodnej ARMA Mortar<\/h2>\n<p>Kubek wykonany jest z wysokiej jako\u015bci, r\u0119cznie robionej gliny.<br \/>\nPojemno\u015b\u0107 fili\u017canki 17-22 g.<\/p>\n<p><strong>Charakterystyka:<\/strong><\/p>\n<p>Wysoko\u015b\u0107: 75 mm<br \/>\n\u015arednica (zewn\u0119trzna): 72mm<br \/>\n\u015arednica (wewn\u0119trzna): 61mm<br \/>\nG\u0142\u0119boko\u015b\u0107: 15 mm<br \/>\n\u015arednica otworu: 7 mm<br \/>\nLiczba otwor\u00f3w: 6 szt<br \/>\nWaga: oko\u0142o 175g<\/p>\n<p>Czy masz jakie\u015b pytania? Skontaktuj si\u0119 z nami\u00a0<a href=\"https:\/\/hookahshop.lt\/pl\/lacznosc\/\">strona z kontaktami<\/a>\u00a0lub napisz do nas na adres\u00a0<a href=\"https:\/\/facebook.com\/HookahShop.lt\/\" target=\"_blank\" rel=\"noopener noreferrer\">konto na Facebooku<\/a>\u00a0a my odpowiemy na Twoj\u0105 pro\u015bb\u0119 tego samego dnia.<\/p>","protected":false},"excerpt":{"rendered":"<p>Miska do fajki wodnej ARMA Mortar Miska wykonana jest z wysokiej jako\u015bci, r\u0119cznie robionej gliny. Pojemno\u015b\u0107 miski wynosi 17-22 g. Charakterystyka: Wysoko\u015b\u0107: 75 mm \u015arednica (zewn\u0119trzna): 72 mm \u015arednica (wewn\u0119trzna): 61 mm G\u0142\u0119boko\u015b\u0107: 15 mm \u015arednica otworu: 7 mm Liczba otwor\u00f3w: 6 szt. Waga: oko\u0142o 175 g Masz jakie\u015b pytania? Skontaktuj si\u0119 z nami na stronie kontaktowej lub napisz do nas na Facebooku, a odpowiemy na Twoje zapytanie tego samego dnia.<\/p>","protected":false},"featured_media":23558,"comment_status":"open","ping_status":"closed","template":"","meta":[],"_links":{"self":[{"href":"https:\/\/hookahshop.lt\/pl\/wp-json\/wp\/v2\/product\/23559"}],"collection":[{"href":"https:\/\/hookahshop.lt\/pl\/wp-json\/wp\/v2\/product"}],"about":[{"href":"https:\/\/hookahshop.lt\/pl\/wp-json\/wp\/v2\/types\/product"}],"replies":[{"embeddable":true,"href":"https:\/\/hookahshop.lt\/pl\/wp-json\/wp\/v2\/comments?post=23559"}],"version-history":[{"count":5,"href":"https:\/\/hookahshop.lt\/pl\/wp-json\/wp\/v2\/product\/23559\/revisions"}],"predecessor-version":[{"id":29530,"href":"https:\/\/hookahshop.lt\/pl\/wp-json\/wp\/v2\/product\/23559\/revisions\/29530"}],"wp:featuredmedia":[{"embeddable":true,"href":"https:\/\/hookahshop.lt\/pl\/wp-json\/wp\/v2\/media\/23558"}],"wp:attachment":[{"href":"https:\/\/hookahshop.lt\/pl\/wp-json\/wp\/v2\/media?parent=23559"}],"curies":[{"name":"wp","href":"https:\/\/api.w.org\/{rel}","templated":true}]}}