{"id":23572,"date":"2021-06-01T22:34:10","date_gmt":"2021-06-01T19:34:10","guid":{"rendered":"https:\/\/hookahshop.lt\/?post_type=product&#038;p=23572"},"modified":"2026-04-15T12:29:13","modified_gmt":"2026-04-15T09:29:13","slug":"taurele-kaljanui-arma-wave","status":"publish","type":"product","link":"https:\/\/hookahshop.lt\/pl\/produkt\/filizanka-szisza-arma-wave\/","title":{"rendered":"Kubek do fajki wodnej ARMA Wave"},"content":{"rendered":"<h2>Kubek do fajki wodnej ARMA Wave<\/h2>\n<p><span style=\"font-weight: 400;\">Kubek wykonany jest z wysokiej jako\u015bci, r\u0119cznie robionej gliny.<\/span><\/p>\n<p><span style=\"font-weight: 400;\">Pojemno\u015b\u0107 kubka 15-20g.<\/span><\/p>\n<p><b>Charakterystyka:<\/b><br \/>\n<span style=\"font-weight: 400;\">Wysoko\u015b\u0107: 74 mm<\/span><br \/>\n<span style=\"font-weight: 400;\">\u015arednica (zewn\u0119trzna): 72mm<\/span><br \/>\n<span style=\"font-weight: 400;\">\u015arednica (wewn\u0119trzna): 61mm<\/span><br \/>\n<span style=\"font-weight: 400;\">G\u0142\u0119boko\u015b\u0107: 18 mm<\/span><br \/>\n<span style=\"font-weight: 400;\">\u015arednica otworu: 7 mm<\/span><br \/>\n<span style=\"font-weight: 400;\">Liczba otwor\u00f3w: 6 szt<\/span><br \/>\n<span style=\"font-weight: 400;\">Waga: oko\u0142o 170g<\/span><\/p>\n<p><span style=\"font-weight: 400;\">Czy masz jakie\u015b pytania? Skontaktuj si\u0119 z nami <\/span><a href=\"https:\/\/hookahshop.lt\/pl\/lacznosc\/\"><span style=\"font-weight: 400;\">strona z kontaktami<\/span><\/a><span style=\"font-weight: 400;\"> lub napisz do nas na adres <\/span><a href=\"https:\/\/facebook.com\/HookahShop.lt\/\" target=\"_blank\" rel=\"noopener\"><span style=\"font-weight: 400;\">konto na Facebooku<\/span><\/a><span style=\"font-weight: 400;\"> a my odpowiemy na Twoj\u0105 pro\u015bb\u0119 tego samego dnia.<\/span><\/p>","protected":false},"excerpt":{"rendered":"<p>Kubek na fajk\u0119 wodn\u0105 ARMA Wave Kubek wykonany z wysokiej jako\u015bci, r\u0119cznie robionej gliny. Pojemno\u015b\u0107 kubka 15-20g. Charakterystyka: Wysoko\u015b\u0107: 74mm \u015arednica (zewn\u0119trzna): 72mm \u015arednica (wewn\u0119trzna): 61mm G\u0142\u0119boko\u015b\u0107: 18mm \u015arednica otworu: 7mm Ilo\u015b\u0107 otwor\u00f3w: 6szt Waga: oko\u0142o 170g Masz pytania? Skontaktuj si\u0119 z nami na stronie kontaktowej lub napisz do nas na naszym koncie na Facebooku, a my odpowiemy na Twoje zapytanie w ci\u0105gu [...]<\/p>","protected":false},"featured_media":23573,"comment_status":"open","ping_status":"closed","template":"","meta":[],"_links":{"self":[{"href":"https:\/\/hookahshop.lt\/pl\/wp-json\/wp\/v2\/product\/23572"}],"collection":[{"href":"https:\/\/hookahshop.lt\/pl\/wp-json\/wp\/v2\/product"}],"about":[{"href":"https:\/\/hookahshop.lt\/pl\/wp-json\/wp\/v2\/types\/product"}],"replies":[{"embeddable":true,"href":"https:\/\/hookahshop.lt\/pl\/wp-json\/wp\/v2\/comments?post=23572"}],"version-history":[{"count":9,"href":"https:\/\/hookahshop.lt\/pl\/wp-json\/wp\/v2\/product\/23572\/revisions"}],"predecessor-version":[{"id":29531,"href":"https:\/\/hookahshop.lt\/pl\/wp-json\/wp\/v2\/product\/23572\/revisions\/29531"}],"wp:featuredmedia":[{"embeddable":true,"href":"https:\/\/hookahshop.lt\/pl\/wp-json\/wp\/v2\/media\/23573"}],"wp:attachment":[{"href":"https:\/\/hookahshop.lt\/pl\/wp-json\/wp\/v2\/media?parent=23572"}],"curies":[{"name":"wp","href":"https:\/\/api.w.org\/{rel}","templated":true}]}}