{"id":23587,"date":"2021-06-02T09:50:46","date_gmt":"2021-06-02T06:50:46","guid":{"rendered":"https:\/\/hookahshop.lt\/?post_type=product&#038;p=23587"},"modified":"2026-04-15T12:29:13","modified_gmt":"2026-04-15T09:29:13","slug":"taurele-kaljanui-arma-classic-silicone","status":"publish","type":"product","link":"https:\/\/hookahshop.lt\/pl\/produkt\/kubek-szisza-arma-klasyczny-silikon\/","title":{"rendered":"Kubek do fajki wodnej ARMA Classic Silicone"},"content":{"rendered":"<h2>Kubek do fajki wodnej ARMA Classic Silicone<\/h2>\n<p>Silikonowa miseczka ma klasyczny kszta\u0142t z siedmioma otworami \u201ena wulkanie\u201d. Silikon jest doskona\u0142\u0105 alternatyw\u0105 dla kubk\u00f3w glinianych i nie wymaga specjalnych umiej\u0119tno\u015bci w przygotowaniu fajki wodnej.<br \/>\n<span style=\"font-weight: 400\">Pojemno\u015b\u0107 fili\u017canki 15-20 g<\/span><\/p>\n<p><b>Charakterystyka:<\/b><\/p>\n<p><span style=\"font-weight: 400\">Wysoko\u015b\u0107: 95mm<\/span><br \/>\n<span style=\"font-weight: 400\">\u015arednica (zewn\u0119trzna): 81 mm<\/span><br \/>\n<span style=\"font-weight: 400\">\u015arednica (wewn\u0119trzna): 74 mm<\/span><br \/>\n<span style=\"font-weight: 400\">G\u0142\u0119boko\u015b\u0107: 21 mm<\/span><br \/>\n<span style=\"font-weight: 400\">\u015arednica otworu: 4 mm<\/span><br \/>\n<span style=\"font-weight: 400\">Ilo\u015b\u0107 otwor\u00f3w: 7 szt<\/span><br \/>\n<span style=\"font-weight: 400\">Waga: oko\u0142o 152 g<\/span><\/p>\n<p><span style=\"font-weight: 400\">Czy masz jakie\u015b pytania? Skontaktuj si\u0119 z nami <\/span><a href=\"https:\/\/hookahshop.lt\/pl\/lacznosc\/\"><span style=\"font-weight: 400\">strona z kontaktami<\/span><\/a><span style=\"font-weight: 400\"> lub napisz do nas na adres <\/span><a href=\"https:\/\/facebook.com\/HookahShop.lt\/\" target=\"_blank\" rel=\"noopener\"><span style=\"font-weight: 400\">konto na Facebooku<\/span><\/a><span style=\"font-weight: 400\"> a my odpowiemy na Twoj\u0105 pro\u015bb\u0119 tego samego dnia.<\/span><\/p>\n<h2><\/h2>","protected":false},"excerpt":{"rendered":"<p>Kubek na fajk\u0119 wodn\u0105 ARMA Classic Silicone Kubek silikonowy ma klasyczny kszta\u0142t z siedmioma otworami \u201ena wulkanie\u201d. Silikon jest doskona\u0142\u0105 alternatyw\u0105 dla kubk\u00f3w glinianych i nie wymaga specjalnych umiej\u0119tno\u015bci w przygotowaniu fajki wodnej. Pojemno\u015b\u0107 kubka 15-20 g Charakterystyka: Wysoko\u015b\u0107: 95 mm \u015arednica (zewn\u0119trzna): 81 mm \u015arednica (wewn\u0119trzna): 74 mm G\u0142\u0119boko\u015b\u0107: 21 mm \u015arednica dziurki: 4 mm Ilo\u015b\u0107 dziurek: 7 szt. [\u2026]<\/p>","protected":false},"featured_media":23588,"comment_status":"open","ping_status":"closed","template":"","meta":[],"_links":{"self":[{"href":"https:\/\/hookahshop.lt\/pl\/wp-json\/wp\/v2\/product\/23587"}],"collection":[{"href":"https:\/\/hookahshop.lt\/pl\/wp-json\/wp\/v2\/product"}],"about":[{"href":"https:\/\/hookahshop.lt\/pl\/wp-json\/wp\/v2\/types\/product"}],"replies":[{"embeddable":true,"href":"https:\/\/hookahshop.lt\/pl\/wp-json\/wp\/v2\/comments?post=23587"}],"version-history":[{"count":9,"href":"https:\/\/hookahshop.lt\/pl\/wp-json\/wp\/v2\/product\/23587\/revisions"}],"predecessor-version":[{"id":43007,"href":"https:\/\/hookahshop.lt\/pl\/wp-json\/wp\/v2\/product\/23587\/revisions\/43007"}],"wp:featuredmedia":[{"embeddable":true,"href":"https:\/\/hookahshop.lt\/pl\/wp-json\/wp\/v2\/media\/23588"}],"wp:attachment":[{"href":"https:\/\/hookahshop.lt\/pl\/wp-json\/wp\/v2\/media?parent=23587"}],"curies":[{"name":"wp","href":"https:\/\/api.w.org\/{rel}","templated":true}]}}