{"id":23591,"date":"2021-06-02T11:19:28","date_gmt":"2021-06-02T08:19:28","guid":{"rendered":"https:\/\/hookahshop.lt\/?post_type=product&#038;p=23591"},"modified":"2026-04-19T23:29:17","modified_gmt":"2026-04-19T20:29:17","slug":"taurele-kaljanui-arma-classic-a18","status":"publish","type":"product","link":"https:\/\/hookahshop.lt\/pl\/produkt\/kubek-szisza-arma-classic-a18\/","title":{"rendered":"Kubek do fajki wodnej ARMA Classic A18"},"content":{"rendered":"<h2>Kubek do fajki wodnej ARMA Classic A18<\/h2>\n<p>Kubek silikonowy mo\u017cna trzyma\u0107 w d\u0142oni podczas palenia, poniewa\u017c nie nagrzewa si\u0119.<br \/>\n<span style=\"font-weight: 400;\">Pojemno\u015b\u0107 kubka 15-20g.<\/span><\/p>\n<p><b>Charakterystyka:<\/b><\/p>\n<p><span style=\"font-weight: 400;\">Wysoko\u015b\u0107: 97 mm<\/span><br \/>\n<span style=\"font-weight: 400;\">\u015arednica (zewn\u0119trzna): 82mm<\/span><br \/>\n<span style=\"font-weight: 400;\">\u015arednica (wewn\u0119trzna): 73mm<\/span><br \/>\n<span style=\"font-weight: 400;\">G\u0142\u0119boko\u015b\u0107: 20 mm<\/span><br \/>\n<span style=\"font-weight: 400;\">\u015arednica otworu: 5mm<\/span><br \/>\n<span style=\"font-weight: 400;\">Ilo\u015b\u0107 otwor\u00f3w: 7 szt<\/span><br \/>\n<span style=\"font-weight: 400;\">Waga: oko\u0142o 130g<\/span><\/p>\n<p><span style=\"font-weight: 400;\">Czy masz jakie\u015b pytania? Skontaktuj si\u0119 z nami <\/span><a href=\"https:\/\/hookahshop.lt\/pl\/lacznosc\/\"><span style=\"font-weight: 400;\">strona z kontaktami<\/span><\/a><span style=\"font-weight: 400;\"> lub napisz do nas na adres <\/span><a href=\"https:\/\/facebook.com\/HookahShop.lt\/\" target=\"_blank\" rel=\"noopener\"><span style=\"font-weight: 400;\">konto na Facebooku<\/span><\/a><span style=\"font-weight: 400;\"> a my odpowiemy na Twoj\u0105 pro\u015bb\u0119 tego samego dnia.<\/span><\/p>","protected":false},"excerpt":{"rendered":"<p>Kubek na fajk\u0119 wodn\u0105 ARMA Classic A18 Kubek silikonowy mo\u017cna bra\u0107 do r\u0119ki podczas palenia, gdy\u017c nie nagrzewa si\u0119. Pojemno\u015b\u0107 kubka 15-20g. Charakterystyka: Wysoko\u015b\u0107: 97mm \u015arednica (zewn\u0119trzna): 82mm \u015arednica (wewn\u0119trzna): 73mm G\u0142\u0119boko\u015b\u0107: 20mm \u015arednica otworu: 5mm Ilo\u015b\u0107 otwor\u00f3w: 7szt Waga: ok. 130g Masz pytania? Skontaktuj si\u0119 z nami na stronie kontaktowej lub napisz do nas na naszym koncie na Facebooku, a my odpowiemy na Twoje [\u2026]<\/p>","protected":false},"featured_media":23592,"comment_status":"open","ping_status":"closed","template":"","meta":[],"_links":{"self":[{"href":"https:\/\/hookahshop.lt\/pl\/wp-json\/wp\/v2\/product\/23591"}],"collection":[{"href":"https:\/\/hookahshop.lt\/pl\/wp-json\/wp\/v2\/product"}],"about":[{"href":"https:\/\/hookahshop.lt\/pl\/wp-json\/wp\/v2\/types\/product"}],"replies":[{"embeddable":true,"href":"https:\/\/hookahshop.lt\/pl\/wp-json\/wp\/v2\/comments?post=23591"}],"version-history":[{"count":4,"href":"https:\/\/hookahshop.lt\/pl\/wp-json\/wp\/v2\/product\/23591\/revisions"}],"predecessor-version":[{"id":24007,"href":"https:\/\/hookahshop.lt\/pl\/wp-json\/wp\/v2\/product\/23591\/revisions\/24007"}],"wp:featuredmedia":[{"embeddable":true,"href":"https:\/\/hookahshop.lt\/pl\/wp-json\/wp\/v2\/media\/23592"}],"wp:attachment":[{"href":"https:\/\/hookahshop.lt\/pl\/wp-json\/wp\/v2\/media?parent=23591"}],"curies":[{"name":"wp","href":"https:\/\/api.w.org\/{rel}","templated":true}]}}