{"id":23595,"date":"2021-06-02T11:26:09","date_gmt":"2021-06-02T08:26:09","guid":{"rendered":"https:\/\/hookahshop.lt\/?post_type=product&#038;p=23595"},"modified":"2026-04-19T23:29:17","modified_gmt":"2026-04-19T20:29:17","slug":"taurele-kaljanui-arma-phunnel","status":"publish","type":"product","link":"https:\/\/hookahshop.lt\/pl\/produkt\/kubek-szisza-arma-phunnel\/","title":{"rendered":"Kubek do fajki wodnej ARMA Phunnel"},"content":{"rendered":"<h2>Kubek do fajki wodnej ARMA Phunnel<\/h2>\n<p>Kubek silikonowy jest \u015bwietn\u0105 alternatyw\u0105 dla kubk\u00f3w glinianych i nie wymaga specjalnych umiej\u0119tno\u015bci w wykonaniu fajki wodnej.<br \/>\nPojemno\u015b\u0107 fili\u017canki 17-22 g.<\/p>\n<p><b>Charakterystyka:<\/b><\/p>\n<p>Wysoko\u015b\u0107: 98mm<br \/>\n\u015arednica (zewn\u0119trzna): 79mm<br \/>\n\u015arednica (wewn\u0119trzna): 73mm<br \/>\nG\u0142\u0119boko\u015b\u0107: 20 mm<br \/>\n\u015arednica otworu: 15 mm<br \/>\nIlo\u015b\u0107 otwor\u00f3w: 1 szt<br \/>\nWaga: oko\u0142o 132g<\/p>\n<p>Czy masz jakie\u015b pytania? Skontaktuj si\u0119 z nami <a href=\"https:\/\/hookahshop.lt\/pl\/lacznosc\/\"><span style=\"font-weight: 400;\">strona z kontaktami<\/span><\/a><span style=\"font-weight: 400;\"> lub napisz do nas na adres <\/span><a href=\"https:\/\/facebook.com\/HookahShop.lt\/\" target=\"_blank\" rel=\"noopener\"><span style=\"font-weight: 400;\">konto na Facebooku<\/span><\/a><span style=\"font-weight: 400;\"> a my odpowiemy na Twoj\u0105 pro\u015bb\u0119 tego samego dnia.<\/span><\/p>\n<pre id=\"tw-target-text\" class=\"tw-data-text tw-text-large XcVN5d tw-ta\" data-placeholder=\"Translation\"><\/pre>","protected":false},"excerpt":{"rendered":"<p>Kubek na fajk\u0119 wodn\u0105 ARMA Phunnel Kubek silikonowy jest \u015bwietn\u0105 alternatyw\u0105 dla kubk\u00f3w glinianych i nie wymaga specjalnych umiej\u0119tno\u015bci w przygotowaniu fajki wodnej. Pojemno\u015b\u0107 fili\u017canki 17-22 g. Charakterystyka: Wysoko\u015b\u0107: 98mm \u015arednica (zewn\u0119trzna): 79mm \u015arednica (wewn\u0119trzna): 73mm G\u0142\u0119boko\u015b\u0107: 20mm \u015arednica otworu: 15mm Ilo\u015b\u0107 otwor\u00f3w: 1szt Waga: ok. 132g Masz pytania? Skontaktuj si\u0119 z nami na stronie kontaktowej lub napisz do nas na Facebooku [...]<\/p>","protected":false},"featured_media":23596,"comment_status":"open","ping_status":"closed","template":"","meta":[],"_links":{"self":[{"href":"https:\/\/hookahshop.lt\/pl\/wp-json\/wp\/v2\/product\/23595"}],"collection":[{"href":"https:\/\/hookahshop.lt\/pl\/wp-json\/wp\/v2\/product"}],"about":[{"href":"https:\/\/hookahshop.lt\/pl\/wp-json\/wp\/v2\/types\/product"}],"replies":[{"embeddable":true,"href":"https:\/\/hookahshop.lt\/pl\/wp-json\/wp\/v2\/comments?post=23595"}],"version-history":[{"count":7,"href":"https:\/\/hookahshop.lt\/pl\/wp-json\/wp\/v2\/product\/23595\/revisions"}],"predecessor-version":[{"id":43485,"href":"https:\/\/hookahshop.lt\/pl\/wp-json\/wp\/v2\/product\/23595\/revisions\/43485"}],"wp:featuredmedia":[{"embeddable":true,"href":"https:\/\/hookahshop.lt\/pl\/wp-json\/wp\/v2\/media\/23596"}],"wp:attachment":[{"href":"https:\/\/hookahshop.lt\/pl\/wp-json\/wp\/v2\/media?parent=23595"}],"curies":[{"name":"wp","href":"https:\/\/api.w.org\/{rel}","templated":true}]}}