{"id":23665,"date":"2021-06-02T19:35:59","date_gmt":"2021-06-02T16:35:59","guid":{"rendered":"https:\/\/hookahshop.lt\/?post_type=product&#038;p=23665"},"modified":"2026-04-17T16:33:01","modified_gmt":"2026-04-17T13:33:01","slug":"kaljanas-maklaud-x-miss-night-allright","status":"publish","type":"product","link":"https:\/\/hookahshop.lt\/pl\/produkt\/hookah-maklaud-x-miss-noc-w-porzadku\/","title":{"rendered":"Hookah MAKLAUD X Miss Night W porz\u0105dku"},"content":{"rendered":"<h2>Hookah MAKLAUD X Miss Night W porz\u0105dku<\/h2>\n<p>To fajka, kt\u00f3ra nie pozostawi oboj\u0119tnym. To fajka, kt\u00f3ra spodoba si\u0119 zar\u00f3wno do\u015bwiadczonym, jak i nowicjuszom. Fajki wodne Maklaud s\u0142yn\u0105 z oryginalnego designu i ekstrawaganckich detali. Projekt serii Maklaud X jest dopracowany w najmniejszych szczeg\u00f3\u0142ach, kt\u00f3re pozostawiaj\u0105 niezatarte wra\u017cenie. Ta fajka wodna wykonana jest z trwa\u0142ych i trwa\u0142ych materia\u0142\u00f3w, aby s\u0142u\u017cy\u0142a d\u0142ugo i nie traci\u0142a swojego oryginalnego uroku.<\/p>\n<p><strong>Specyfikacje:<\/strong><\/p>\n<p>Materia\u0142 wa\u0142u: stal nierdzewna AISI 304<br \/>\nWa\u0142 zanurzony: stal nierdzewna AISI 304<br \/>\nMateria\u0142: mosi\u0105dz<br \/>\nMateria\u0142 bazowy: stal nierdzewna AISI 304<br \/>\nZ\u0142\u0105cze kolby: stal nierdzewna AISI 304<br \/>\nPrzy\u0142\u0105cze w\u0119\u017ca: stal nierdzewna AISI 304<br \/>\nWysoko\u015b\u0107 cholewki: 63 cm<br \/>\nZaw\u00f3r: zewn\u0119trzny<br \/>\nSystem mocowania: po\u015bredni<br \/>\nDyfuzor: nieregulowany<br \/>\n\u015arednica wewn\u0119trzna kolby: 14 mm<\/p>\n<p><strong>Ekwipunek:<\/strong><\/p>\n<p>Wa\u0142<br \/>\nTalerz<br \/>\nUszczelka kolby<br \/>\nZamienna kula zaworu<br \/>\nPude\u0142ko marki Maklaud<br \/>\nWk\u0142adka puma<\/p>\n<p>Czy masz jakie\u015b pytania? Skontaktuj si\u0119 z nami\u00a0<a href=\"https:\/\/hookahshop.lt\/pl\/lacznosc\/\">strona z kontaktami<\/a>\u00a0lub napisz do nas na adres\u00a0<a href=\"https:\/\/facebook.com\/HookahShop.lt\/\" target=\"_blank\" rel=\"noopener noreferrer\">konto na Facebooku<\/a>\u00a0a my odpowiemy na Twoj\u0105 pro\u015bb\u0119 tego samego dnia.<\/p>","protected":false},"excerpt":{"rendered":"<p>Szisza MAKLAUD X Miss Night Allright To szisza, kt\u00f3ra nie pozostawi Ci\u0119 oboj\u0119tnym. Jest to fajka wodna, kt\u00f3ra spodoba si\u0119 zar\u00f3wno do\u015bwiadczonym, jak i nowicjuszom. Fajki wodne Maklaud s\u0142yn\u0105 z oryginalnego designu i ekstrawaganckich detali. Konstrukcja serii Maklaud X zosta\u0142a dopracowana w najdrobniejszych szczeg\u00f3\u0142ach, kt\u00f3re pozostawiaj\u0105 niezatarte wra\u017cenie. Ta fajka wodna jest wykonana z trwa\u0142ych i trwa\u0142ych materia\u0142\u00f3w, kt\u00f3re wytrzymaj\u0105 d\u0142ugi czas i nie strac\u0105 [\u2026]<\/p>","protected":false},"featured_media":23666,"comment_status":"open","ping_status":"closed","template":"","meta":[],"_links":{"self":[{"href":"https:\/\/hookahshop.lt\/pl\/wp-json\/wp\/v2\/product\/23665"}],"collection":[{"href":"https:\/\/hookahshop.lt\/pl\/wp-json\/wp\/v2\/product"}],"about":[{"href":"https:\/\/hookahshop.lt\/pl\/wp-json\/wp\/v2\/types\/product"}],"replies":[{"embeddable":true,"href":"https:\/\/hookahshop.lt\/pl\/wp-json\/wp\/v2\/comments?post=23665"}],"version-history":[{"count":3,"href":"https:\/\/hookahshop.lt\/pl\/wp-json\/wp\/v2\/product\/23665\/revisions"}],"predecessor-version":[{"id":23989,"href":"https:\/\/hookahshop.lt\/pl\/wp-json\/wp\/v2\/product\/23665\/revisions\/23989"}],"wp:featuredmedia":[{"embeddable":true,"href":"https:\/\/hookahshop.lt\/pl\/wp-json\/wp\/v2\/media\/23666"}],"wp:attachment":[{"href":"https:\/\/hookahshop.lt\/pl\/wp-json\/wp\/v2\/media?parent=23665"}],"curies":[{"name":"wp","href":"https:\/\/api.w.org\/{rel}","templated":true}]}}