{"id":23677,"date":"2021-06-02T19:46:07","date_gmt":"2021-06-02T16:46:07","guid":{"rendered":"https:\/\/hookahshop.lt\/?post_type=product&#038;p=23677"},"modified":"2026-04-15T12:28:56","modified_gmt":"2026-04-15T09:28:56","slug":"kaljanas-maklaud-x-izzi-rubelshtein","status":"publish","type":"product","link":"https:\/\/hookahshop.lt\/pl\/produkt\/fajka-wodna-maklaud-x-izzi-rubelshtein\/","title":{"rendered":"Szisza MAKLAUD X Izzi Rubelshtein"},"content":{"rendered":"<h2>Szisza MAKLAUD X Izzi Rubelshtein<\/h2>\n<p>To fajka wodna, kt\u00f3ra nie pozostawi Ci\u0119 oboj\u0119tnym. Jest to fajka wodna, kt\u00f3ra spodoba si\u0119 zar\u00f3wno do\u015bwiadczonym, jak i nowicjuszom. Fajki wodne Maklaud s\u0142yn\u0105 z oryginalnego designu i ekstrawaganckich detali. Konstrukcja serii Maklaud X zosta\u0142a dopracowana w najdrobniejszych szczeg\u00f3\u0142ach, kt\u00f3re pozostawiaj\u0105 niezatarte wra\u017cenie. Ta fajka wodna jest wykonana z trwa\u0142ych materia\u0142\u00f3w, kt\u00f3re przetrwaj\u0105 d\u0142ugi czas i nie strac\u0105 swojego pierwotnego uroku.<\/p>\n<p><strong>Specyfikacje:<\/strong><\/p>\n<p>Materia\u0142 wa\u0142u: stal nierdzewna AISI 304<br \/>\nWa\u0142 zanurzony: stal nierdzewna AISI 304<br \/>\nMateria\u0142: mosi\u0105dz<br \/>\nMateria\u0142 bazowy: stal nierdzewna AISI 304<br \/>\nZ\u0142\u0105cze kolby: stal nierdzewna AISI 304<br \/>\nPrzy\u0142\u0105cze w\u0119\u017ca: stal nierdzewna AISI 304<br \/>\nWysoko\u015b\u0107 cholewki: 64 cm<br \/>\nZaw\u00f3r: zewn\u0119trzny<br \/>\nSystem mocowania: po\u015bredni<br \/>\nDyfuzor: nieregulowany<br \/>\n\u015arednica wewn\u0119trzna kolby: 14 mm<\/p>\n<p><strong>Ekwipunek:<\/strong><\/p>\n<p>Wa\u0142<br \/>\nTalerz<br \/>\nUszczelka kolby<br \/>\nZamienna kula zaworu<br \/>\nPude\u0142ko marki Maklaud<br \/>\nWk\u0142adka krokodyl<\/p>\n<p>Czy masz jakie\u015b pytania? Skontaktuj si\u0119 z nami\u00a0<a href=\"https:\/\/hookahshop.lt\/pl\/lacznosc\/\">strona z kontaktami<\/a>\u00a0lub napisz do nas na adres\u00a0<a href=\"https:\/\/facebook.com\/HookahShop.lt\/\" target=\"_blank\" rel=\"noopener noreferrer\">konto na Facebooku<\/a>\u00a0a my odpowiemy na Twoj\u0105 pro\u015bb\u0119 tego samego dnia.<\/p>","protected":false},"excerpt":{"rendered":"<p>Fajka wodna MAKLAUD X Izzi Rubelshtein To szisza, kt\u00f3ra nie pozostawi Ci\u0119 oboj\u0119tnym. Jest to fajka wodna, kt\u00f3ra spodoba si\u0119 zar\u00f3wno do\u015bwiadczonym, jak i nowicjuszom. Fajki wodne Maklaud s\u0142yn\u0105 z oryginalnego designu i ekstrawaganckich detali. Konstrukcja serii Maklaud X zosta\u0142a dopracowana w najdrobniejszych szczeg\u00f3\u0142ach, kt\u00f3re pozostawiaj\u0105 niezatarte wra\u017cenie. Ta fajka wodna jest wykonana z trwa\u0142ych materia\u0142\u00f3w, kt\u00f3re wytrzymaj\u0105 d\u0142ugi czas i nie strac\u0105 [...]<\/p>","protected":false},"featured_media":23678,"comment_status":"open","ping_status":"closed","template":"","meta":[],"_links":{"self":[{"href":"https:\/\/hookahshop.lt\/pl\/wp-json\/wp\/v2\/product\/23677"}],"collection":[{"href":"https:\/\/hookahshop.lt\/pl\/wp-json\/wp\/v2\/product"}],"about":[{"href":"https:\/\/hookahshop.lt\/pl\/wp-json\/wp\/v2\/types\/product"}],"replies":[{"embeddable":true,"href":"https:\/\/hookahshop.lt\/pl\/wp-json\/wp\/v2\/comments?post=23677"}],"version-history":[{"count":4,"href":"https:\/\/hookahshop.lt\/pl\/wp-json\/wp\/v2\/product\/23677\/revisions"}],"predecessor-version":[{"id":41484,"href":"https:\/\/hookahshop.lt\/pl\/wp-json\/wp\/v2\/product\/23677\/revisions\/41484"}],"wp:featuredmedia":[{"embeddable":true,"href":"https:\/\/hookahshop.lt\/pl\/wp-json\/wp\/v2\/media\/23678"}],"wp:attachment":[{"href":"https:\/\/hookahshop.lt\/pl\/wp-json\/wp\/v2\/media?parent=23677"}],"curies":[{"name":"wp","href":"https:\/\/api.w.org\/{rel}","templated":true}]}}