{"id":23714,"date":"2021-06-04T09:53:31","date_gmt":"2021-06-04T06:53:31","guid":{"rendered":"https:\/\/hookahshop.lt\/?post_type=product&#038;p=23714"},"modified":"2026-04-14T23:29:11","modified_gmt":"2026-04-14T20:29:11","slug":"sepetelis-kaljano-sachtai-al-mani-90cm","status":"publish","type":"product","link":"https:\/\/hookahshop.lt\/pl\/produkt\/szisza-szisza-zamki-al-mani-90cm\/","title":{"rendered":"Szczotka do haka AL-MANI 90cm"},"content":{"rendered":"<h2>Szczotka do haka AL-MANI 90cm<\/h2>\n<p>Szczotka przeznaczona jest do czyszczenia trzonu fajki wodnej, zaleca si\u0119 u\u017cywa\u0107 jej razem ze \u015brodkami czyszcz\u0105cymi. Si\u0119ga i pomaga w usuwaniu wszelkich zabrudze\u0144.<\/p>\n<p>Dlaczego czyszczenie trzonu fajki wodnej jest wa\u017cne?<br \/>\nPodczas u\u017cywania fajki wodnej szkodliwe substancje zawarte w dymie osadzaj\u0105 si\u0119 na \u015bciankach szybu. Nikotyna, produkty spalania w\u0119gla, zapach pozosta\u0142o\u015bci tytoniu, kt\u00f3ry by\u0142 u\u017cywany w poprzednich sesjach palenia i tak dalej. Substancje szkodliwe nie s\u0105 dobre dla zdrowia. A obce aromaty nie pozwol\u0105 ci w pe\u0142ni cieszy\u0107 si\u0119 fajk\u0105 wodn\u0105. Dlatego wa\u017cne jest, aby za ka\u017cdym razem czy\u015bci\u0107 trzonek do fajki wodnej.<br \/>\nNajlepiej wyczy\u015b\u0107 trzonek fajki wodnej - po ka\u017cdym u\u017cyciu fajki wodnej.<\/p>\n<p><strong>Mo\u017cesz wybra\u0107 \u017c\u0105dany kolor p\u0119dzla wpisuj\u0105c kolor w sekcji \u201eUwagi\u201d: niebieski lub czerwony.<\/strong><\/p>\n<p>Czy masz jakie\u015b pytania? Skontaktuj si\u0119 z nami\u00a0<a href=\"https:\/\/hookahshop.lt\/pl\/lacznosc\/\">strona z kontaktami<\/a>\u00a0lub napisz do nas na adres\u00a0<a href=\"https:\/\/facebook.com\/HookahShop.lt\/\" target=\"_blank\" rel=\"noopener noreferrer\">konto na Facebooku<\/a>\u00a0a my odpowiemy na Twoj\u0105 pro\u015bb\u0119 tego samego dnia.<\/p>","protected":false},"excerpt":{"rendered":"<p>Szczotka do trzonka fajki wodnej AL-MANI 90cm Szczotka przeznaczona jest do czyszczenia trzonka fajki wodnej, zaleca si\u0119 stosowa\u0107 \u0142\u0105cznie ze \u015brodkami czyszcz\u0105cymi. Dociera i pomaga oczy\u015bci\u0107 wszelkie zanieczyszczenia. Dlaczego czyszczenie trzonka fajki wodnej jest wa\u017cne? Podczas u\u017cywania fajki wodnej szkodliwe substancje zawarte w dymie osadzaj\u0105 si\u0119 na \u015bciankach szybu. Aromat nikotyny, produkt\u00f3w spalania w\u0119gla, pozosta\u0142o\u015bci tytoniu u\u017cytego podczas poprzednich sesji palenia itp. Substancje szkodliwe nie s\u0105 [\u2026]<\/p>","protected":false},"featured_media":23715,"comment_status":"open","ping_status":"closed","template":"","meta":[],"_links":{"self":[{"href":"https:\/\/hookahshop.lt\/pl\/wp-json\/wp\/v2\/product\/23714"}],"collection":[{"href":"https:\/\/hookahshop.lt\/pl\/wp-json\/wp\/v2\/product"}],"about":[{"href":"https:\/\/hookahshop.lt\/pl\/wp-json\/wp\/v2\/types\/product"}],"replies":[{"embeddable":true,"href":"https:\/\/hookahshop.lt\/pl\/wp-json\/wp\/v2\/comments?post=23714"}],"version-history":[{"count":6,"href":"https:\/\/hookahshop.lt\/pl\/wp-json\/wp\/v2\/product\/23714\/revisions"}],"predecessor-version":[{"id":34112,"href":"https:\/\/hookahshop.lt\/pl\/wp-json\/wp\/v2\/product\/23714\/revisions\/34112"}],"wp:featuredmedia":[{"embeddable":true,"href":"https:\/\/hookahshop.lt\/pl\/wp-json\/wp\/v2\/media\/23715"}],"wp:attachment":[{"href":"https:\/\/hookahshop.lt\/pl\/wp-json\/wp\/v2\/media?parent=23714"}],"curies":[{"name":"wp","href":"https:\/\/api.w.org\/{rel}","templated":true}]}}