{"id":23724,"date":"2021-06-04T10:05:43","date_gmt":"2021-06-04T07:05:43","guid":{"rendered":"https:\/\/hookahshop.lt\/?post_type=product&#038;p=23724"},"modified":"2026-04-16T23:29:47","modified_gmt":"2026-04-16T20:29:47","slug":"znyples-anglims-al-mani-guardian-gold","status":"publish","type":"product","link":"https:\/\/hookahshop.lt\/pl\/produkt\/szczypce-weglowe-al-mani-guardian-zlote\/","title":{"rendered":"Szczypce w\u0119glowe do fajki wodnej AL-MANI Guardian Gold"},"content":{"rendered":"<h2><span data-sheets-value=\"{&quot;1&quot;:2,&quot;2&quot;:&quot;\u017dnypl\u0117s kaljano anglims AL-MANI Guardian Gold&quot;}\">Szczypce w\u0119glowe do fajki wodnej AL-MANI Guardian Gold<\/span><\/h2>\n<p>Szczypce s\u0105 przeznaczone do w\u0119gli do fajki wodnej. Elastyczny.<br \/>\nWymiary: 24x4cm<br \/>\nKolor: z\u0142oty<\/p>\n<p><span style=\"font-weight: 400\">Czy masz jakie\u015b pytania? Skontaktuj si\u0119 z nami <\/span><a href=\"https:\/\/hookahshop.lt\/pl\/lacznosc\/\"><span style=\"font-weight: 400\">strona z kontaktami<\/span><\/a><span style=\"font-weight: 400\"> lub napisz do nas na adres <\/span><a href=\"https:\/\/facebook.com\/HookahShop.lt\/\" target=\"_blank\" rel=\"noopener\"><span style=\"font-weight: 400\">konto na Facebooku<\/span><\/a><span style=\"font-weight: 400\"> a my odpowiemy na Twoj\u0105 pro\u015bb\u0119 tego samego dnia.<\/span><\/p>\n<p>&nbsp;<\/p>","protected":false},"excerpt":{"rendered":"<p>Szczypce do w\u0119gli do fajki wodnej Szczypce AL-MANI Guardian Gold przeznaczone s\u0105 do w\u0119gli do fajki wodnej. Elastyczny. Wymiary: 24x4cm Kolor: Z\u0142oty Masz pytania? Skontaktuj si\u0119 z nami na stronie kontaktowej lub napisz do nas na naszym koncie na Facebooku, a my odpowiemy na Twoj\u0105 pro\u015bb\u0119 jeszcze tego samego dnia. &nbsp;<\/p>","protected":false},"featured_media":23942,"comment_status":"open","ping_status":"closed","template":"","meta":[],"_links":{"self":[{"href":"https:\/\/hookahshop.lt\/pl\/wp-json\/wp\/v2\/product\/23724"}],"collection":[{"href":"https:\/\/hookahshop.lt\/pl\/wp-json\/wp\/v2\/product"}],"about":[{"href":"https:\/\/hookahshop.lt\/pl\/wp-json\/wp\/v2\/types\/product"}],"replies":[{"embeddable":true,"href":"https:\/\/hookahshop.lt\/pl\/wp-json\/wp\/v2\/comments?post=23724"}],"version-history":[{"count":9,"href":"https:\/\/hookahshop.lt\/pl\/wp-json\/wp\/v2\/product\/23724\/revisions"}],"predecessor-version":[{"id":33600,"href":"https:\/\/hookahshop.lt\/pl\/wp-json\/wp\/v2\/product\/23724\/revisions\/33600"}],"wp:featuredmedia":[{"embeddable":true,"href":"https:\/\/hookahshop.lt\/pl\/wp-json\/wp\/v2\/media\/23942"}],"wp:attachment":[{"href":"https:\/\/hookahshop.lt\/pl\/wp-json\/wp\/v2\/media?parent=23724"}],"curies":[{"name":"wp","href":"https:\/\/api.w.org\/{rel}","templated":true}]}}