{"id":23727,"date":"2021-06-04T10:08:32","date_gmt":"2021-06-04T07:08:32","guid":{"rendered":"https:\/\/hookahshop.lt\/?post_type=product&#038;p=23727"},"modified":"2026-04-18T23:28:59","modified_gmt":"2026-04-18T20:28:59","slug":"lentele-tabako-pjaustymui-totem-blue-surf","status":"publish","type":"product","link":"https:\/\/hookahshop.lt\/pl\/produkt\/stol-do-ciecia-tytoniu-totem-blue-surf\/","title":{"rendered":"St\u00f3\u0142 do ci\u0119cia tytoniu TOTEM Blue Surf"},"content":{"rendered":"<h2><span data-sheets-value=\"{&quot;1&quot;:2,&quot;2&quot;:&quot;Lentel\u0117 tabako pjaustymui TOTEM Blue Surf&quot;}\">St\u00f3\u0142 do ci\u0119cia tytoniu TOTEM Blue Surf<\/span><\/h2>\n<p>Materia\u0142: drewno z dekoracj\u0105 epoksydow\u0105<br \/>\nWymiary: 28x18cm<br \/>\nKolor niebieski<\/p>\n<p><span style=\"font-weight: 400\">Czy masz jakie\u015b pytania? Skontaktuj si\u0119 z nami <\/span><a href=\"https:\/\/hookahshop.lt\/pl\/lacznosc\/\"><span style=\"font-weight: 400\">strona z kontaktami<\/span><\/a><span style=\"font-weight: 400\"> lub napisz do nas na adres <\/span><a href=\"https:\/\/facebook.com\/HookahShop.lt\/\" target=\"_blank\" rel=\"noopener\"><span style=\"font-weight: 400\">konto na Facebooku<\/span><\/a><span style=\"font-weight: 400\"> a my odpowiemy na Twoj\u0105 pro\u015bb\u0119 tego samego dnia.<\/span><\/p>","protected":false},"excerpt":{"rendered":"<p>St\u00f3\u0142 do ci\u0119cia tytoniu TOTEM Blue Surf Materia\u0142: drewno z dekoracj\u0105 epoksydow\u0105 Wymiary: 28x18cm Kolor: Niebieski Masz pytania? Skontaktuj si\u0119 z nami na stronie kontaktowej lub napisz do nas na naszym koncie na Facebooku, a my odpowiemy na Twoj\u0105 pro\u015bb\u0119 jeszcze tego samego dnia.<\/p>","protected":false},"featured_media":23729,"comment_status":"open","ping_status":"closed","template":"","meta":[],"_links":{"self":[{"href":"https:\/\/hookahshop.lt\/pl\/wp-json\/wp\/v2\/product\/23727"}],"collection":[{"href":"https:\/\/hookahshop.lt\/pl\/wp-json\/wp\/v2\/product"}],"about":[{"href":"https:\/\/hookahshop.lt\/pl\/wp-json\/wp\/v2\/types\/product"}],"replies":[{"embeddable":true,"href":"https:\/\/hookahshop.lt\/pl\/wp-json\/wp\/v2\/comments?post=23727"}],"version-history":[{"count":9,"href":"https:\/\/hookahshop.lt\/pl\/wp-json\/wp\/v2\/product\/23727\/revisions"}],"predecessor-version":[{"id":29879,"href":"https:\/\/hookahshop.lt\/pl\/wp-json\/wp\/v2\/product\/23727\/revisions\/29879"}],"wp:featuredmedia":[{"embeddable":true,"href":"https:\/\/hookahshop.lt\/pl\/wp-json\/wp\/v2\/media\/23729"}],"wp:attachment":[{"href":"https:\/\/hookahshop.lt\/pl\/wp-json\/wp\/v2\/media?parent=23727"}],"curies":[{"name":"wp","href":"https:\/\/api.w.org\/{rel}","templated":true}]}}