{"id":23736,"date":"2021-06-04T10:19:02","date_gmt":"2021-06-04T07:19:02","guid":{"rendered":"https:\/\/hookahshop.lt\/?post_type=product&#038;p=23736"},"modified":"2026-04-26T23:29:43","modified_gmt":"2026-04-26T20:29:43","slug":"termo-puodelis-hoob-rose-gold","status":"publish","type":"product","link":"https:\/\/hookahshop.lt\/pl\/produkt\/termo-kubek-hoob-rozowo-zloty\/","title":{"rendered":"Kubek termiczny HOOB Rose Gold"},"content":{"rendered":"<h2><strong>Kubek termiczny HOOB Rose Gold<\/strong><\/h2>\n<p>Kubek termiczny ze s\u0142omk\u0105 do gor\u0105cych i zimnych napoj\u00f3w.<br \/>\nIzolacja z podw\u00f3jnymi \u015bciankami d\u0142u\u017cej utrzymuje ciep\u0142o napoj\u00f3w.<br \/>\nPrzyjazny dla \u015brodowiska i mo\u017cna my\u0107 w zmywarce.<br \/>\nZamkni\u0119te, 500 ml. pojemno\u015b\u0107<br \/>\nKolor to r\u00f3\u017cowe z\u0142oto.<\/p>\n<p><span style=\"font-weight: 400;\">Czy masz jakie\u015b pytania? Skontaktuj si\u0119 z nami <\/span><a href=\"https:\/\/hookahshop.lt\/pl\/lacznosc\/\"><span style=\"font-weight: 400;\">strona z kontaktami<\/span><\/a><span style=\"font-weight: 400;\"> lub napisz do nas na adres <\/span><a href=\"https:\/\/facebook.com\/HookahShop.lt\/\" target=\"_blank\" rel=\"noopener\"><span style=\"font-weight: 400;\">konto na Facebooku<\/span><\/a><span style=\"font-weight: 400;\"> a my odpowiemy na Twoj\u0105 pro\u015bb\u0119 tego samego dnia.<\/span><\/p>","protected":false},"excerpt":{"rendered":"<p>Kubek termiczny HOOB Rose Gold Kubek termiczny ze s\u0142omk\u0105 do napoj\u00f3w gor\u0105cych i zimnych. Podw\u00f3jna izolacja \u015bcian sprawia, \u017ce napoje s\u0105 d\u0142u\u017cej gor\u0105ce. Przyjazny dla \u015brodowiska i mo\u017cna my\u0107 w zmywarce. Zamkni\u0119te, 500 ml. pojemno\u015b\u0107 Kolor to r\u00f3\u017cowe z\u0142oto. Czy masz jakie\u015b pytania? Skontaktuj si\u0119 z nami na stronie kontaktowej lub napisz do nas na naszym koncie na Facebooku, a my odpowiemy na Twoj\u0105 pro\u015bb\u0119 w ci\u0105gu [...]<\/p>","protected":false},"featured_media":23737,"comment_status":"open","ping_status":"closed","template":"","meta":[],"_links":{"self":[{"href":"https:\/\/hookahshop.lt\/pl\/wp-json\/wp\/v2\/product\/23736"}],"collection":[{"href":"https:\/\/hookahshop.lt\/pl\/wp-json\/wp\/v2\/product"}],"about":[{"href":"https:\/\/hookahshop.lt\/pl\/wp-json\/wp\/v2\/types\/product"}],"replies":[{"embeddable":true,"href":"https:\/\/hookahshop.lt\/pl\/wp-json\/wp\/v2\/comments?post=23736"}],"version-history":[{"count":9,"href":"https:\/\/hookahshop.lt\/pl\/wp-json\/wp\/v2\/product\/23736\/revisions"}],"predecessor-version":[{"id":43553,"href":"https:\/\/hookahshop.lt\/pl\/wp-json\/wp\/v2\/product\/23736\/revisions\/43553"}],"wp:featuredmedia":[{"embeddable":true,"href":"https:\/\/hookahshop.lt\/pl\/wp-json\/wp\/v2\/media\/23737"}],"wp:attachment":[{"href":"https:\/\/hookahshop.lt\/pl\/wp-json\/wp\/v2\/media?parent=23736"}],"curies":[{"name":"wp","href":"https:\/\/api.w.org\/{rel}","templated":true}]}}