{"id":23739,"date":"2021-06-04T10:21:39","date_gmt":"2021-06-04T07:21:39","guid":{"rendered":"https:\/\/hookahshop.lt\/?post_type=product&#038;p=23739"},"modified":"2026-04-26T23:29:43","modified_gmt":"2026-04-26T20:29:43","slug":"termo-puodelis-hoob-bronze","status":"publish","type":"product","link":"https:\/\/hookahshop.lt\/pl\/produkt\/termo-kubek-hoob-braz\/","title":{"rendered":"Kubek termiczny HOOB Br\u0105zowy"},"content":{"rendered":"<h2>Kubek termiczny HOOB Br\u0105zowy<\/h2>\n<p>Kubek termiczny ze s\u0142omk\u0105 do gor\u0105cych i zimnych napoj\u00f3w.<br \/>\nIzolacja z podw\u00f3jnymi \u015bciankami d\u0142u\u017cej utrzymuje ciep\u0142o napoj\u00f3w.<br \/>\nPrzyjazny dla \u015brodowiska i mo\u017cna my\u0107 w zmywarce.<br \/>\nZamkni\u0119te, 500 ml. pojemno\u015b\u0107<br \/>\nKolor to br\u0105z.<\/p>\n<p>Czy masz jakie\u015b pytania? Skontaktuj si\u0119 z nami<a href=\"https:\/\/hookahshop.lt\/pl\/lacznosc\/\"> strona z kontaktami<\/a> lub napisz do nas na adres<a href=\"https:\/\/facebook.com\/HookahShop.lt\/\" target=\"_blank\" rel=\"noopener\"> konto na Facebooku<\/a> a my odpowiemy na Twoj\u0105 pro\u015bb\u0119 tego samego dnia.<\/p>","protected":false},"excerpt":{"rendered":"<p>Kubek termiczny HOOB Bronze Kubek termiczny ze s\u0142omk\u0105 do napoj\u00f3w gor\u0105cych i zimnych. Podw\u00f3jna izolacja \u015bcian sprawia, \u017ce napoje s\u0105 d\u0142u\u017cej gor\u0105ce. Przyjazny dla \u015brodowiska i mo\u017cna my\u0107 w zmywarce. Zamkni\u0119te, 500 ml. pojemno\u015b\u0107 Kolor jest br\u0105zowy. Czy masz jakie\u015b pytania? Skontaktuj si\u0119 z nami na stronie kontaktowej lub napisz do nas na naszym koncie na Facebooku, a my odpowiemy na Twoj\u0105 pro\u015bb\u0119 jeszcze tego samego dnia.<\/p>","protected":false},"featured_media":23737,"comment_status":"open","ping_status":"closed","template":"","meta":[],"_links":{"self":[{"href":"https:\/\/hookahshop.lt\/pl\/wp-json\/wp\/v2\/product\/23739"}],"collection":[{"href":"https:\/\/hookahshop.lt\/pl\/wp-json\/wp\/v2\/product"}],"about":[{"href":"https:\/\/hookahshop.lt\/pl\/wp-json\/wp\/v2\/types\/product"}],"replies":[{"embeddable":true,"href":"https:\/\/hookahshop.lt\/pl\/wp-json\/wp\/v2\/comments?post=23739"}],"version-history":[{"count":2,"href":"https:\/\/hookahshop.lt\/pl\/wp-json\/wp\/v2\/product\/23739\/revisions"}],"predecessor-version":[{"id":23858,"href":"https:\/\/hookahshop.lt\/pl\/wp-json\/wp\/v2\/product\/23739\/revisions\/23858"}],"wp:featuredmedia":[{"embeddable":true,"href":"https:\/\/hookahshop.lt\/pl\/wp-json\/wp\/v2\/media\/23737"}],"wp:attachment":[{"href":"https:\/\/hookahshop.lt\/pl\/wp-json\/wp\/v2\/media?parent=23739"}],"curies":[{"name":"wp","href":"https:\/\/api.w.org\/{rel}","templated":true}]}}