{"id":23743,"date":"2021-06-04T10:24:30","date_gmt":"2021-06-04T07:24:30","guid":{"rendered":"https:\/\/hookahshop.lt\/?post_type=product&#038;p=23743"},"modified":"2026-04-15T12:29:22","modified_gmt":"2026-04-15T09:29:22","slug":"termo-puodelis-hoob-stainless-steel","status":"publish","type":"product","link":"https:\/\/hookahshop.lt\/pl\/produkt\/termo-kubek-obrecz-stal-nierdzewna\/","title":{"rendered":"Kubek termiczny HOOB Stal nierdzewna"},"content":{"rendered":"<h2>Kubek termiczny HOOB Stal nierdzewna<\/h2>\n<p>Kubek termiczny ze s\u0142omk\u0105 do gor\u0105cych i zimnych napoj\u00f3w.<br \/>\nIzolacja z podw\u00f3jnymi \u015bciankami d\u0142u\u017cej utrzymuje ciep\u0142o napoj\u00f3w.<br \/>\nPrzyjazny dla \u015brodowiska i mo\u017cna my\u0107 w zmywarce.<br \/>\nZamkni\u0119te, 500 ml. pojemno\u015b\u0107<br \/>\nKolor to stal nierdzewna.<\/p>\n<p>Czy masz jakie\u015b pytania? Skontaktuj si\u0119 z nami<a href=\"https:\/\/hookahshop.lt\/pl\/lacznosc\/\"> strona z kontaktami<\/a> lub napisz do nas na adres<a href=\"https:\/\/facebook.com\/HookahShop.lt\/\" target=\"_blank\" rel=\"noopener\"> konto na Facebooku<\/a> a my odpowiemy na Twoj\u0105 pro\u015bb\u0119 tego samego dnia.<\/p>","protected":false},"excerpt":{"rendered":"<p>Kubek termiczny HOOB Stal nierdzewna Kubek termiczny ze s\u0142omk\u0105 do napoj\u00f3w gor\u0105cych i zimnych. Podw\u00f3jna izolacja \u015bcian sprawia, \u017ce napoje s\u0105 d\u0142u\u017cej gor\u0105ce. Przyjazny dla \u015brodowiska i mo\u017cna my\u0107 w zmywarce. Zamkni\u0119te, 500 ml. pojemno\u015b\u0107 Kolor to stal nierdzewna. Czy masz jakie\u015b pytania? Skontaktuj si\u0119 z nami na stronie kontaktowej lub napisz do nas na naszym koncie na Facebooku, a my odpowiemy na Twoj\u0105 pro\u015bb\u0119 w ci\u0105gu [...]<\/p>","protected":false},"featured_media":23737,"comment_status":"open","ping_status":"closed","template":"","meta":[],"_links":{"self":[{"href":"https:\/\/hookahshop.lt\/pl\/wp-json\/wp\/v2\/product\/23743"}],"collection":[{"href":"https:\/\/hookahshop.lt\/pl\/wp-json\/wp\/v2\/product"}],"about":[{"href":"https:\/\/hookahshop.lt\/pl\/wp-json\/wp\/v2\/types\/product"}],"replies":[{"embeddable":true,"href":"https:\/\/hookahshop.lt\/pl\/wp-json\/wp\/v2\/comments?post=23743"}],"version-history":[{"count":2,"href":"https:\/\/hookahshop.lt\/pl\/wp-json\/wp\/v2\/product\/23743\/revisions"}],"predecessor-version":[{"id":23859,"href":"https:\/\/hookahshop.lt\/pl\/wp-json\/wp\/v2\/product\/23743\/revisions\/23859"}],"wp:featuredmedia":[{"embeddable":true,"href":"https:\/\/hookahshop.lt\/pl\/wp-json\/wp\/v2\/media\/23737"}],"wp:attachment":[{"href":"https:\/\/hookahshop.lt\/pl\/wp-json\/wp\/v2\/media?parent=23743"}],"curies":[{"name":"wp","href":"https:\/\/api.w.org\/{rel}","templated":true}]}}