{"id":23758,"date":"2021-06-04T10:36:55","date_gmt":"2021-06-04T07:36:55","guid":{"rendered":"https:\/\/hookahshop.lt\/?post_type=product&#038;p=23758"},"modified":"2026-04-18T23:29:07","modified_gmt":"2026-04-18T20:29:07","slug":"taurele-kaljanui-oblako-glazed-bordo-spots","status":"publish","type":"product","link":"https:\/\/hookahshop.lt\/pl\/produkt\/filizanka-szisza-chmura-glazurowana-burgundowa-kropka\/","title":{"rendered":"Szisza Kubek OBLAKO Phunnel M Glazed Bordeaux Spots"},"content":{"rendered":"<h2><span data-sheets-value=\"{&quot;1&quot;:2,&quot;2&quot;:&quot;Taurel\u0117 kaljanui OBLAKO Phunnel M Glazed Bordo Spots&quot;}\">Szisza Kubek OBLAKO Phunnel M Glazed Bordeaux Spots<\/span><\/h2>\n<p>Glazurowana do codziennego palenia, idealna do lekkiego i ci\u0119\u017ckiego tytoniu!<br \/>\nKubek pokryty jest szkliwem, dzi\u0119ki czemu zachowuje swoje pierwotne w\u0142a\u015bciwo\u015bci i wygl\u0105d przez d\u0142ugi czas. OBLAKO u\u017cywa wy\u0142\u0105cznie przyjaznej dla cz\u0142owieka glazury spo\u017cywczej opracowanej przez partner\u00f3w w wyspecjalizowanych laboratoriach zlokalizowanych w Gzhelskoye, jednym z tradycyjnych o\u015brodk\u00f3w produkcji ceramiki w Rosji.<br \/>\nKubek tytoniu mie\u015bci 20\u201323 g.<\/p>\n<p>Specyfikacje:<br \/>\nWysoko\u015b\u0107: 118mm<br \/>\n\u015arednica (zewn\u0119trzna): 74 mm<br \/>\n\u015arednica (wewn\u0119trzna): 68mm<br \/>\nG\u0142\u0119boko\u015b\u0107: 12mm<br \/>\n\u015arednica otworu: 12mm<br \/>\nLiczba otwor\u00f3w: 1<br \/>\nWaga: oko\u0142o 182g.<\/p>\n<p>Czy masz jakie\u015b pytania? Skontaktuj si\u0119 z nami\u00a0<a href=\"https:\/\/hookahshop.lt\/pl\/lacznosc\/\">strona z kontaktami<\/a>\u00a0lub napisz do nas na adres\u00a0<a href=\"https:\/\/facebook.com\/HookahShop.lt\/\" target=\"_blank\" rel=\"noopener noreferrer\">konto na Facebooku<\/a>\u00a0a my odpowiemy na Twoj\u0105 pro\u015bb\u0119 tego samego dnia.<\/p>","protected":false},"excerpt":{"rendered":"<p>Fili\u017canka do fajki wodnej OBLAKO Phunnel M Glazed Bordeaux Spots Glazurowana, przeznaczona do codziennego palenia, idealna do lekkich i ci\u0119\u017ckich tytoni! Fili\u017canka pokryta jest szkliwem, dzi\u0119ki czemu przez d\u0142ugi czas zachowuje swoje pierwotne w\u0142a\u015bciwo\u015bci i wygl\u0105d. OBLAKO wykorzystuje wy\u0142\u0105cznie jadalne szkliwo bezpieczne dla cz\u0142owieka, opracowane przez partner\u00f3w w wyspecjalizowanych laboratoriach zlokalizowanych w G\u017celskoje, jednym z tradycyjnych o\u015brodk\u00f3w rosyjskiej produkcji ceramiki. Fili\u017canka [\u2026]<\/p>","protected":false},"featured_media":23843,"comment_status":"open","ping_status":"closed","template":"","meta":[],"_links":{"self":[{"href":"https:\/\/hookahshop.lt\/pl\/wp-json\/wp\/v2\/product\/23758"}],"collection":[{"href":"https:\/\/hookahshop.lt\/pl\/wp-json\/wp\/v2\/product"}],"about":[{"href":"https:\/\/hookahshop.lt\/pl\/wp-json\/wp\/v2\/types\/product"}],"replies":[{"embeddable":true,"href":"https:\/\/hookahshop.lt\/pl\/wp-json\/wp\/v2\/comments?post=23758"}],"version-history":[{"count":3,"href":"https:\/\/hookahshop.lt\/pl\/wp-json\/wp\/v2\/product\/23758\/revisions"}],"predecessor-version":[{"id":29858,"href":"https:\/\/hookahshop.lt\/pl\/wp-json\/wp\/v2\/product\/23758\/revisions\/29858"}],"wp:featuredmedia":[{"embeddable":true,"href":"https:\/\/hookahshop.lt\/pl\/wp-json\/wp\/v2\/media\/23843"}],"wp:attachment":[{"href":"https:\/\/hookahshop.lt\/pl\/wp-json\/wp\/v2\/media?parent=23758"}],"curies":[{"name":"wp","href":"https:\/\/api.w.org\/{rel}","templated":true}]}}