{"id":23767,"date":"2021-06-04T10:43:14","date_gmt":"2021-06-04T07:43:14","guid":{"rendered":"https:\/\/hookahshop.lt\/?post_type=product&#038;p=23767"},"modified":"2026-04-17T23:29:34","modified_gmt":"2026-04-17T20:29:34","slug":"taurele-kaljanui-bigmaks-king-black-matte","status":"publish","type":"product","link":"https:\/\/hookahshop.lt\/pl\/produkt\/kubek-na-szisze-bigmaks-king-czarno-matowy\/","title":{"rendered":"Kubek do fajki wodnej BIGMAKS King Black Matte"},"content":{"rendered":"<h2>Kubek do fajki wodnej BIGMAKS King Black Matte<\/h2>\n<p>To wyj\u0105tkowy kubek BigMaks z wn\u0119trzem przypominaj\u0105cym pizz\u0119. Te formy do pizzy s\u0105 uniesione, a tym samym oddzielone od siebie, aby umo\u017cliwi\u0107 przep\u0142yw syropu z mieszanki fajki wodnej do medi\u00f3w. W ten spos\u00f3b syrop pozostaje w kubku fajki wodnej i nie dostaje si\u0119 do kolby. Ten kubek jest przeznaczony do d\u0142u\u017cszej sesji palenia i intensywniejszego palenia, poniewa\u017c mieszanka fajki wodnej nie wysycha w por\u00f3wnaniu do innych kubk\u00f3w.<\/p>\n<p>Ta fili\u017canka ma nowy kszta\u0142t Kinga - nie jest ani thunnel, ani turkus.<br \/>\nKubek tytoniu mie\u015bci 18-25g.<\/p>\n<p><span style=\"font-weight: 400;\">Czy masz jakie\u015b pytania? Skontaktuj si\u0119 z nami <\/span><a href=\"https:\/\/hookahshop.lt\/pl\/lacznosc\/\"><span style=\"font-weight: 400;\">strona z kontaktami<\/span><\/a><span style=\"font-weight: 400;\"> lub napisz do nas na adres <\/span><a href=\"https:\/\/facebook.com\/HookahShop.lt\/\" target=\"_blank\" rel=\"noopener\"><span style=\"font-weight: 400;\">konto na Facebooku<\/span><\/a><span style=\"font-weight: 400;\"> a my odpowiemy na Twoj\u0105 pro\u015bb\u0119 tego samego dnia.<\/span><\/p>","protected":false},"excerpt":{"rendered":"<p>Kubek na fajk\u0119 wodn\u0105 BIGMAKS King Black Matte To wyj\u0105tkowy kubek BigMaks, kt\u00f3rego wn\u0119trze przypomina kszta\u0142tem pizz\u0119. Te patelnie do pizzy s\u0105 uniesione i oddzielone od siebie w ten spos\u00f3b, aby umo\u017cliwi\u0107 przep\u0142yw syropu z mieszanki fajki wodnej do medi\u00f3w. W ten spos\u00f3b syrop pozostaje w kubku na fajk\u0119 wodn\u0105 i nie przedostaje si\u0119 do kolby. Miska ta jest przeznaczona do d\u0142u\u017cszej sesji palenia i bardziej inwazyjnego dymu, poniewa\u017c mieszanka fajki wodnej [\u2026]<\/p>","protected":false},"featured_media":23905,"comment_status":"open","ping_status":"closed","template":"","meta":[],"_links":{"self":[{"href":"https:\/\/hookahshop.lt\/pl\/wp-json\/wp\/v2\/product\/23767"}],"collection":[{"href":"https:\/\/hookahshop.lt\/pl\/wp-json\/wp\/v2\/product"}],"about":[{"href":"https:\/\/hookahshop.lt\/pl\/wp-json\/wp\/v2\/types\/product"}],"replies":[{"embeddable":true,"href":"https:\/\/hookahshop.lt\/pl\/wp-json\/wp\/v2\/comments?post=23767"}],"version-history":[{"count":8,"href":"https:\/\/hookahshop.lt\/pl\/wp-json\/wp\/v2\/product\/23767\/revisions"}],"predecessor-version":[{"id":37718,"href":"https:\/\/hookahshop.lt\/pl\/wp-json\/wp\/v2\/product\/23767\/revisions\/37718"}],"wp:featuredmedia":[{"embeddable":true,"href":"https:\/\/hookahshop.lt\/pl\/wp-json\/wp\/v2\/media\/23905"}],"wp:attachment":[{"href":"https:\/\/hookahshop.lt\/pl\/wp-json\/wp\/v2\/media?parent=23767"}],"curies":[{"name":"wp","href":"https:\/\/api.w.org\/{rel}","templated":true}]}}