{"id":23779,"date":"2021-06-04T10:52:51","date_gmt":"2021-06-04T07:52:51","guid":{"rendered":"https:\/\/hookahshop.lt\/?post_type=product&#038;p=23779"},"modified":"2026-04-11T23:29:14","modified_gmt":"2026-04-11T20:29:14","slug":"taurele-kaljanui-japona-hookah-killer-black","status":"publish","type":"product","link":"https:\/\/hookahshop.lt\/pl\/produkt\/kubek-na-szisze-japonska-zabojcza-szisze-czarna\/","title":{"rendered":"Kubek do fajki wodnej JAPONA HOOKAH Killer Black"},"content":{"rendered":"<h2><span data-sheets-value=\"{&quot;1&quot;:2,&quot;2&quot;:&quot;Taurel\u0117 kaljanui JAPONA HOOKAH Killer Black&quot;}\" data-sheets-textstyleruns=\"{&quot;1&quot;:0}\uee10{&quot;1&quot;:37,&quot;2&quot;:{&quot;2&quot;:{&quot;1&quot;:3,&quot;3&quot;:1},&quot;3&quot;:&quot;Calibri&quot;,&quot;4&quot;:11,&quot;5&quot;:1}}\">Kubek do fajki wodnej JAPONA HOOKAH Killer Black<\/span><\/h2>\n<p>Kubek ten s\u0142ynie na ca\u0142ym \u015bwiecie ze swojej wdzi\u0119cznej faktury i plecionej liny.<br \/>\nKubek Killer wykonany jest z czerwonej gliny i ma p\u0142askie dno oraz grube boki, kt\u00f3re r\u00f3wnomiernie si\u0119 nagrzewaj\u0105 i ujawniaj\u0105 smak tytoniu. Ten kszta\u0142t jest idealny do twardych opakowa\u0144. Obj\u0119to\u015b\u0107 kubka to oko\u0142o 15-17 gram\u00f3w.<br \/>\nJapan Hookah Killer Cup jest zapakowany w markowe, drewniane opakowanie na prezent.<\/p>\n<p>Specyfikacje:<br \/>\nWysoko\u015b\u0107: 110mm<br \/>\n\u015arednica (zewn\u0119trzna): 72 mm<br \/>\n\u015arednica (wewn\u0119trzna): 62 mm<br \/>\nG\u0142\u0119boko\u015b\u0107: 16 mm<br \/>\n\u015arednica otworu: 10 mm<br \/>\nLiczba otwor\u00f3w: 5 szt<br \/>\nWaga: oko\u0142o 200g.<\/p>\n<p>Czy masz jakie\u015b pytania? Skontaktuj si\u0119 z nami\u00a0<a href=\"https:\/\/hookahshop.lt\/pl\/lacznosc\/\">strona z kontaktami<\/a>\u00a0lub napisz do nas na adres\u00a0<a href=\"https:\/\/facebook.com\/HookahShop.lt\/\" target=\"_blank\" rel=\"noopener noreferrer\">konto na Facebooku<\/a>\u00a0a my odpowiemy na Twoj\u0105 pro\u015bb\u0119 tego samego dnia.<\/p>","protected":false},"excerpt":{"rendered":"<p>Kubek na fajk\u0119 wodn\u0105 JAPAN HOOKAH Killer Black Kubek ten jest znany na ca\u0142ym \u015bwiecie, z pe\u0142n\u0105 wdzi\u0119ku faktur\u0105 i plecion\u0105 lin\u0105. Kubek Killer wykonany jest z czerwonej gliny, ma p\u0142askie dno i grube boki, kt\u00f3re r\u00f3wnomiernie si\u0119 nagrzewaj\u0105 i ujawniaj\u0105 smak tytoniu. Forma ta idealnie nadaje si\u0119 do opakowa\u0144 twardych. Obj\u0119to\u015b\u0107 fili\u017canki wynosi oko\u0142o 15-17 gram\u00f3w. Kubek Japan Hookah Killer jest pakowany w markowe, [\u2026]<\/p>","protected":false},"featured_media":23831,"comment_status":"open","ping_status":"closed","template":"","meta":[],"_links":{"self":[{"href":"https:\/\/hookahshop.lt\/pl\/wp-json\/wp\/v2\/product\/23779"}],"collection":[{"href":"https:\/\/hookahshop.lt\/pl\/wp-json\/wp\/v2\/product"}],"about":[{"href":"https:\/\/hookahshop.lt\/pl\/wp-json\/wp\/v2\/types\/product"}],"replies":[{"embeddable":true,"href":"https:\/\/hookahshop.lt\/pl\/wp-json\/wp\/v2\/comments?post=23779"}],"version-history":[{"count":5,"href":"https:\/\/hookahshop.lt\/pl\/wp-json\/wp\/v2\/product\/23779\/revisions"}],"predecessor-version":[{"id":32446,"href":"https:\/\/hookahshop.lt\/pl\/wp-json\/wp\/v2\/product\/23779\/revisions\/32446"}],"wp:featuredmedia":[{"embeddable":true,"href":"https:\/\/hookahshop.lt\/pl\/wp-json\/wp\/v2\/media\/23831"}],"wp:attachment":[{"href":"https:\/\/hookahshop.lt\/pl\/wp-json\/wp\/v2\/media?parent=23779"}],"curies":[{"name":"wp","href":"https:\/\/api.w.org\/{rel}","templated":true}]}}