{"id":23785,"date":"2021-06-04T10:55:21","date_gmt":"2021-06-04T07:55:21","guid":{"rendered":"https:\/\/hookahshop.lt\/?post_type=product&#038;p=23785"},"modified":"2026-04-19T23:29:19","modified_gmt":"2026-04-19T20:29:19","slug":"taurele-kaljanui-japona-hookah-turkish-red","status":"publish","type":"product","link":"https:\/\/hookahshop.lt\/pl\/produkt\/kubek-szisza-japonska-szisza-turecka-ed\/","title":{"rendered":"Kubek do fajki wodnej JAPONA HOOKAH Turecki Czerwony"},"content":{"rendered":"<h2>Kubek do fajki wodnej JAPONA HOOKAH Turecki Czerwony<\/h2>\n<p>Jest to wysokiej jako\u015bci r\u0119cznie robiony kubek z czerwonej gliny.<br \/>\nWszystkie kubki s\u0105 bardzo pi\u0119kne. Szczeg\u00f3lnego uroku dodaje im pleciona czarna wst\u0105\u017cka, kt\u00f3ra zdobi tureckie fili\u017canki.<br \/>\nKubki Japona Hookah b\u0119d\u0105 \u015bwietnym dodatkiem do Twojej kolekcji, a stylowe opakowanie sprawia, \u017ce idealnie nadaj\u0105 si\u0119 na prezent.<br \/>\nTurecka fajka wodna \u201eJapona Hookah\u201d to klasyczny turecki kubek z pi\u0119cioma du\u017cymi otworami na dole, obj\u0119to\u015b\u0107 kubka to 15 gram\u00f3w. Miseczka o \u0142adnej fakturze i plecionym sznurku.<\/p>\n<p>Specyfikacje:<br \/>\nWysoko\u015b\u0107: 89mm<br \/>\n\u015arednica (zewn\u0119trzna): 69 mm<br \/>\n\u015arednica (wewn\u0119trzna): 59 mm<br \/>\nG\u0142\u0119boko\u015b\u0107: 19 mm<br \/>\n\u015arednica otworu: 7 mm<br \/>\nLiczba otwor\u00f3w: 5 szt<br \/>\nWaga: oko\u0142o 188g.<\/p>\n<p>Czy masz jakie\u015b pytania? Skontaktuj si\u0119 z nami\u00a0<a href=\"https:\/\/hookahshop.lt\/pl\/lacznosc\/\">strona z kontaktami<\/a>\u00a0lub napisz do nas na adres\u00a0<a href=\"https:\/\/facebook.com\/HookahShop.lt\/\" target=\"_blank\" rel=\"noopener noreferrer\">konto na Facebooku<\/a>\u00a0a my odpowiemy na Twoj\u0105 pro\u015bb\u0119 tego samego dnia.<\/p>","protected":false},"excerpt":{"rendered":"<p>Kubek do fajki wodnej JAPONA HOOKAH Turkish Red To wysokiej jako\u015bci r\u0119cznie wykonany kubek z czerwonej gliny. Wszystkie kubki s\u0105 bardzo pi\u0119kne. Szczeg\u00f3lnego uroku nadaje im pleciona czarna wst\u0105\u017cka, kt\u00f3ra zdobi tureckie kubki. Kubki od \u201eJapona Hookah\u201d b\u0119d\u0105 wspania\u0142ym uzupe\u0142nieniem Twojej kolekcji, a dzi\u0119ki stylowemu opakowaniu mo\u017cna je podarowa\u0107 w prezencie. Turecka fajka wodna \u201eJapona Hookah\u201d to klasyczny turecki kubek, kt\u00f3rego dno ma [\u2026]<\/p>","protected":false},"featured_media":23827,"comment_status":"open","ping_status":"closed","template":"","meta":[],"_links":{"self":[{"href":"https:\/\/hookahshop.lt\/pl\/wp-json\/wp\/v2\/product\/23785"}],"collection":[{"href":"https:\/\/hookahshop.lt\/pl\/wp-json\/wp\/v2\/product"}],"about":[{"href":"https:\/\/hookahshop.lt\/pl\/wp-json\/wp\/v2\/types\/product"}],"replies":[{"embeddable":true,"href":"https:\/\/hookahshop.lt\/pl\/wp-json\/wp\/v2\/comments?post=23785"}],"version-history":[{"count":5,"href":"https:\/\/hookahshop.lt\/pl\/wp-json\/wp\/v2\/product\/23785\/revisions"}],"predecessor-version":[{"id":26363,"href":"https:\/\/hookahshop.lt\/pl\/wp-json\/wp\/v2\/product\/23785\/revisions\/26363"}],"wp:featuredmedia":[{"embeddable":true,"href":"https:\/\/hookahshop.lt\/pl\/wp-json\/wp\/v2\/media\/23827"}],"wp:attachment":[{"href":"https:\/\/hookahshop.lt\/pl\/wp-json\/wp\/v2\/media?parent=23785"}],"curies":[{"name":"wp","href":"https:\/\/api.w.org\/{rel}","templated":true}]}}