{"id":23909,"date":"2021-06-04T21:42:18","date_gmt":"2021-06-04T18:42:18","guid":{"rendered":"https:\/\/hookahshop.lt\/?post_type=product&#038;p=23909"},"modified":"2026-04-14T23:28:45","modified_gmt":"2026-04-14T20:28:45","slug":"kaljanas-alpha-hookah-x-artist-collection","status":"publish","type":"product","link":"https:\/\/hookahshop.lt\/pl\/produkt\/hookah-alpha-hookah-x-artysta-kolekcja\/","title":{"rendered":"Fajka wodna ALPHA HOOKAH X Artist Collection Czarna matowa"},"content":{"rendered":"<h2>Fajka wodna ALPHA HOOKAH X Artist Collection Czarna matowa<\/h2>\n<p>Elementy fajki wodnej pomalowane s\u0105 trwa\u0142\u0105 farb\u0105 proszkow\u0105 i przez d\u0142ugi czas zachowaj\u0105 sw\u00f3j wygl\u0105d. Dzi\u0119ki procesowi anodowania fajka nie utlenia si\u0119, co r\u00f3wnie\u017c przed\u0142u\u017cy jej funkcjonalno\u015b\u0107. Zaprojektowany przez projektant\u00f3w, wykonany z wysokiej jako\u015bci materia\u0142\u00f3w, posiada doskona\u0142e w\u0142a\u015bciwo\u015bci palenia. Stylowa fajka wodna b\u0119dzie ozdob\u0105 wn\u0119trza i \u015bwietnym prezentem.<\/p>\n<p><strong>Charakterystyka:<\/strong><br \/>\nWaga: oko\u0142o 1320 g<br \/>\nWysoko\u015b\u0107: 420 mm<br \/>\nWa\u0142: stal nierdzewna<br \/>\nNa zewn\u0105trz: anodowane aluminium<br \/>\nMateria\u0142 podstawy: tworzywo sztuczne<br \/>\nDyfuzor: zdejmowany z gwintem<br \/>\nUstnik: anodowana stal nierdzewna pokryta aluminium<br \/>\nW\u0105\u017c: mi\u0119kki w dotyku<\/p>\n<p><strong>Ekwipunek:<\/strong><\/p>\n<p>Wa\u0142, p\u0142ytka, w\u0105\u017c z ustnikiem, uszczelki.<\/p>\n<p><img decoding=\"async\" loading=\"lazy\" class=\"alignnone size-medium wp-image-38521\" src=\"https:\/\/hookahshop.lt\/wp-content\/uploads\/2020\/09\/stiebas-zarna-kandiklis-1-300x273.jpg\" alt=\"- hookahshop.lt\" width=\"300\" height=\"273\" srcset=\"https:\/\/hookahshop.lt\/wp-content\/uploads\/2020\/09\/stiebas-zarna-kandiklis-1-300x273.jpg 300w, https:\/\/hookahshop.lt\/wp-content\/uploads\/2020\/09\/stiebas-zarna-kandiklis-1-13x12.jpg 13w, https:\/\/hookahshop.lt\/wp-content\/uploads\/2020\/09\/stiebas-zarna-kandiklis-1-64x58.jpg 64w, https:\/\/hookahshop.lt\/wp-content\/uploads\/2020\/09\/stiebas-zarna-kandiklis-1.jpg 420w\" sizes=\"(max-width: 300px) 100vw, 300px\" title=\"\"><\/p>\n<p>Czy masz jakie\u015b pytania? Skontaktuj si\u0119 z nami<a href=\"https:\/\/hookahshop.lt\/pl\/lacznosc\/\"> strona z kontaktami<\/a> lub napisz do nas na adres<a href=\"https:\/\/facebook.com\/HookahShop.lt\/\" target=\"_blank\" rel=\"noopener\"> konto na Facebooku<\/a> a my odpowiemy na Twoj\u0105 pro\u015bb\u0119 tego samego dnia.<\/p>","protected":false},"excerpt":{"rendered":"<p>Hookah ALPHA HOOKAH X Artist Collection Czarne matowe elementy Hookah pomalowane s\u0105 trwa\u0142\u0105 farb\u0105 proszkow\u0105, dzi\u0119ki czemu przez d\u0142ugi czas zachowaj\u0105 sw\u00f3j wygl\u0105d. Dzi\u0119ki procesowi anodowania fajka wodna nie utlenia si\u0119, co dodatkowo przed\u0142u\u017cy jej funkcjonalno\u015b\u0107. Zaprojektowany przez projektant\u00f3w, wykonany z wysokiej jako\u015bci materia\u0142\u00f3w, ma doskona\u0142e w\u0142a\u015bciwo\u015bci dymne. Stylowa fajka wodna b\u0119dzie ozdob\u0105 wn\u0119trza i \u015bwietnym prezentem. Charakterystyka: Waga: oko\u0142o 1320 g Wysoko\u015b\u0107: [\u2026]<\/p>","protected":false},"featured_media":23928,"comment_status":"open","ping_status":"closed","template":"","meta":[],"_links":{"self":[{"href":"https:\/\/hookahshop.lt\/pl\/wp-json\/wp\/v2\/product\/23909"}],"collection":[{"href":"https:\/\/hookahshop.lt\/pl\/wp-json\/wp\/v2\/product"}],"about":[{"href":"https:\/\/hookahshop.lt\/pl\/wp-json\/wp\/v2\/types\/product"}],"replies":[{"embeddable":true,"href":"https:\/\/hookahshop.lt\/pl\/wp-json\/wp\/v2\/comments?post=23909"}],"version-history":[{"count":7,"href":"https:\/\/hookahshop.lt\/pl\/wp-json\/wp\/v2\/product\/23909\/revisions"}],"predecessor-version":[{"id":32473,"href":"https:\/\/hookahshop.lt\/pl\/wp-json\/wp\/v2\/product\/23909\/revisions\/32473"}],"wp:featuredmedia":[{"embeddable":true,"href":"https:\/\/hookahshop.lt\/pl\/wp-json\/wp\/v2\/media\/23928"}],"wp:attachment":[{"href":"https:\/\/hookahshop.lt\/pl\/wp-json\/wp\/v2\/media?parent=23909"}],"curies":[{"name":"wp","href":"https:\/\/api.w.org\/{rel}","templated":true}]}}