{"id":23936,"date":"2021-06-04T22:08:33","date_gmt":"2021-06-04T19:08:33","guid":{"rendered":"https:\/\/hookahshop.lt\/?post_type=product&#038;p=23936"},"modified":"2026-04-17T23:29:29","modified_gmt":"2026-04-17T20:29:29","slug":"kolba-kaljanui-drop-white-brown","status":"publish","type":"product","link":"https:\/\/hookahshop.lt\/pl\/produkt\/kolba-do-sziszy-kropla-bialo-brazowa\/","title":{"rendered":"Kolba do fajki wodnej DROP White Brown"},"content":{"rendered":"<h2><span data-sheets-value=\"{&quot;1&quot;:2,&quot;2&quot;:&quot;Kolba kaljanui DROP White Brown&quot;}\" data-sheets-userformat=\"{&quot;2&quot;:10241,&quot;3&quot;:{&quot;1&quot;:0,&quot;3&quot;:1},&quot;14&quot;:{&quot;1&quot;:3,&quot;3&quot;:1},&quot;16&quot;:11}\">Kolba do fajki wodnej DROP White Brown<\/span><\/h2>\n<p>Jest to kolba w kszta\u0142cie kropli, bia\u0142o-br\u0105zowo nakrapiana, ze standardow\u0105 \u0142\u0105cznikiem dystansowym.<\/p>\n<p><strong><span title=\"\">Specyfikacje:<\/span><\/strong><br \/>\nWysoko\u015b\u0107: 27 cm<br \/>\nG\u0142\u0119boko\u015b\u0107: 18 cm<br \/>\nWaga: ~ 1,44 kg<br \/>\nKraj pochodzenia: Rosja<\/p>\n<p>Czy masz jakie\u015b pytania? Skontaktuj si\u0119 z nami\u00a0<a href=\"https:\/\/hookahshop.lt\/pl\/lacznosc\/\">strona z kontaktami<\/a>\u00a0lub napisz do nas na adres\u00a0<a href=\"https:\/\/facebook.com\/HookahShop.lt\/\" target=\"_blank\" rel=\"noopener noreferrer\">konto na Facebooku<\/a>\u00a0a my odpowiemy na Twoj\u0105 pro\u015bb\u0119 tego samego dnia.<\/p>\n<p>&nbsp;<\/p>","protected":false},"excerpt":{"rendered":"<p>Kolba kaljanui DROP White Brown Tai la\u0161o formos, baltai &#8211; ruda marga kolba, turinti standartine tarpin\u0117s formos jungt\u012f. Specifikacijos: Auk\u0161tis: 27cm Gylis: 18cm Svoris: ~1,44kg Kilm\u0117s \u0161alis: Rusija Turite klausim\u0173? Susisiekite su mumis\u00a0kontakt\u0173 puslapyje\u00a0arba para\u0161ykite mums \u012f\u00a0Facebook paskyr\u0105\u00a0ir atsakysime \u012f j\u016bs\u0173 u\u017eklaus\u0105 dar t\u0105 pa\u010di\u0105 dien\u0105. &nbsp;<\/p>","protected":false},"featured_media":23937,"comment_status":"open","ping_status":"closed","template":"","meta":[],"_links":{"self":[{"href":"https:\/\/hookahshop.lt\/pl\/wp-json\/wp\/v2\/product\/23936"}],"collection":[{"href":"https:\/\/hookahshop.lt\/pl\/wp-json\/wp\/v2\/product"}],"about":[{"href":"https:\/\/hookahshop.lt\/pl\/wp-json\/wp\/v2\/types\/product"}],"replies":[{"embeddable":true,"href":"https:\/\/hookahshop.lt\/pl\/wp-json\/wp\/v2\/comments?post=23936"}],"version-history":[{"count":5,"href":"https:\/\/hookahshop.lt\/pl\/wp-json\/wp\/v2\/product\/23936\/revisions"}],"predecessor-version":[{"id":45127,"href":"https:\/\/hookahshop.lt\/pl\/wp-json\/wp\/v2\/product\/23936\/revisions\/45127"}],"wp:featuredmedia":[{"embeddable":true,"href":"https:\/\/hookahshop.lt\/pl\/wp-json\/wp\/v2\/media\/23937"}],"wp:attachment":[{"href":"https:\/\/hookahshop.lt\/pl\/wp-json\/wp\/v2\/media?parent=23936"}],"curies":[{"name":"wp","href":"https:\/\/api.w.org\/{rel}","templated":true}]}}