{"id":23945,"date":"2021-06-04T22:43:22","date_gmt":"2021-06-04T19:43:22","guid":{"rendered":"https:\/\/hookahshop.lt\/?post_type=product&#038;p=23945"},"modified":"2026-04-16T10:21:15","modified_gmt":"2026-04-16T07:21:15","slug":"taurele-kaljanui-havona-bull","status":"publish","type":"product","link":"https:\/\/hookahshop.lt\/pl\/produkt\/kubek-szisza-havona-byk\/","title":{"rendered":"Kubek do fajki wodnej HAVONA Bull"},"content":{"rendered":"<h2>Kubek do fajki wodnej HAVONA Bull<\/h2>\n<p>Jest to wysokiej jako\u015bci, r\u0119cznie robiony kubek z bia\u0142ej glinki z limitowanej edycji. Kubek od Havona Bull b\u0119dzie doskona\u0142ym dodatkiem do Twojej kolekcji, a stylowe opakowanie sprawi, \u017ce idealnie sprawdzi si\u0119 jako prezent.<br \/>\nProjekt ka\u017cdego kubka jest ciekawy i indywidualny, kupuj\u0105c ten kubek masz pewno\u015b\u0107, \u017ce Tw\u00f3j kubek ma niepowtarzalny kolor. Ka\u017cdy kubek jest dobrze zaprojektowany.<br \/>\nKubek tytoniu mie\u015bci 18\u201322 g.<\/p>\n<p><strong>Specyfikacje:<\/strong><br \/>\nWysoko\u015b\u0107: 72 mm<br \/>\n\u015arednica (zewn\u0119trzna): 70 mm<br \/>\n\u015arednica (wewn\u0119trzna): 58 mm<br \/>\nG\u0142\u0119boko\u015b\u0107: 21 mm<br \/>\n\u015arednica otworu: 8 mm<br \/>\nLiczba otwor\u00f3w: 5 szt<br \/>\nWaga: oko\u0142o 300 g.<\/p>\n<p>Czy masz jakie\u015b pytania? Skontaktuj si\u0119 z nami\u00a0<a href=\"https:\/\/hookahshop.lt\/pl\/lacznosc\/\">strona z kontaktami<\/a>\u00a0lub napisz do nas na adres\u00a0<a href=\"https:\/\/facebook.com\/HookahShop.lt\/\" target=\"_blank\" rel=\"noopener noreferrer\">konto na Facebooku<\/a>\u00a0a my odpowiemy na Twoj\u0105 pro\u015bb\u0119 tego samego dnia.<\/p>","protected":false},"excerpt":{"rendered":"<p>Fili\u017canka do fajki wodnej HAVONA Bull Jest to wysokiej jako\u015bci, r\u0119cznie robiona, limitowana edycja, bia\u0142a gliniana fili\u017canka. Kubek od Havona Bull b\u0119dzie doskona\u0142ym dodatkiem do Twojej kolekcji, a stylowe opakowanie sprawi, \u017ce idealnie sprawdzi si\u0119 jako prezent. Design ka\u017cdego kubka jest ciekawy i indywidualny, kupuj\u0105c ten kubek masz pewno\u015b\u0107, \u017ce Tw\u00f3j kubek b\u0119dzie mia\u0142 niepowtarzalny kolor. Ka\u017cda fili\u017canka jest dobrze zaprojektowana. Kieliszek tytoniu [\u2026]<\/p>","protected":false},"featured_media":23946,"comment_status":"open","ping_status":"closed","template":"","meta":[],"_links":{"self":[{"href":"https:\/\/hookahshop.lt\/pl\/wp-json\/wp\/v2\/product\/23945"}],"collection":[{"href":"https:\/\/hookahshop.lt\/pl\/wp-json\/wp\/v2\/product"}],"about":[{"href":"https:\/\/hookahshop.lt\/pl\/wp-json\/wp\/v2\/types\/product"}],"replies":[{"embeddable":true,"href":"https:\/\/hookahshop.lt\/pl\/wp-json\/wp\/v2\/comments?post=23945"}],"version-history":[{"count":4,"href":"https:\/\/hookahshop.lt\/pl\/wp-json\/wp\/v2\/product\/23945\/revisions"}],"predecessor-version":[{"id":36110,"href":"https:\/\/hookahshop.lt\/pl\/wp-json\/wp\/v2\/product\/23945\/revisions\/36110"}],"wp:featuredmedia":[{"embeddable":true,"href":"https:\/\/hookahshop.lt\/pl\/wp-json\/wp\/v2\/media\/23946"}],"wp:attachment":[{"href":"https:\/\/hookahshop.lt\/pl\/wp-json\/wp\/v2\/media?parent=23945"}],"curies":[{"name":"wp","href":"https:\/\/api.w.org\/{rel}","templated":true}]}}