{"id":23949,"date":"2021-06-05T01:27:30","date_gmt":"2021-06-04T22:27:30","guid":{"rendered":"https:\/\/hookahshop.lt\/?post_type=product&#038;p=23949"},"modified":"2026-04-14T23:29:14","modified_gmt":"2026-04-14T20:29:14","slug":"taurele-kaljanui-havona-virgo","status":"publish","type":"product","link":"https:\/\/hookahshop.lt\/pl\/produkt\/filizanka-do-hookah-havona-panna\/","title":{"rendered":"Kubek do fajki wodnej HAVONA Virgo"},"content":{"rendered":"<h2>Kubek do fajki wodnej HAVONA Virgo<\/h2>\n<p>Wysokiej jako\u015bci, r\u0119cznie robiony, limitowany kubek z bia\u0142ej gliny. Fili\u017canka od Havona Virgo b\u0119dzie wspania\u0142ym dodatkiem do Twojej kolekcji, a stylowe opakowanie sprawia, \u017ce idealnie nadaje si\u0119 na prezent.<br \/>\nProjekt ka\u017cdego kubka jest ciekawy i indywidualny, kupuj\u0105c ten kubek masz pewno\u015b\u0107, \u017ce Tw\u00f3j kubek ma niepowtarzalny kolor. Ka\u017cdy kubek jest dobrze zaprojektowany.<\/p>\n<p><strong>Specyfikacje:<\/strong><br \/>\nWysoko\u015b\u0107: 108 mm<br \/>\n\u015arednica (zewn\u0119trzna): 79 mm<br \/>\n\u015arednica (wewn\u0119trzna): 69 mm<br \/>\nG\u0142\u0119boko\u015b\u0107: 12 mm<br \/>\n\u015arednica otworu: 12 mm<br \/>\nLiczba otwor\u00f3w: 1 szt<br \/>\nWaga: oko\u0142o 257 gram\u00f3w.<\/p>\n<p>Czy masz jakie\u015b pytania? Skontaktuj si\u0119 z nami\u00a0<a href=\"https:\/\/hookahshop.lt\/pl\/lacznosc\/\">strona z kontaktami<\/a>\u00a0lub napisz do nas na adres\u00a0<a href=\"https:\/\/facebook.com\/HookahShop.lt\/\" target=\"_blank\" rel=\"noopener noreferrer\">konto na Facebooku<\/a>\u00a0a my odpowiemy na Twoj\u0105 pro\u015bb\u0119 tego samego dnia.<\/p>","protected":false},"excerpt":{"rendered":"<p>Kubek do fajki wodnej HAVONA Virgo Wysokiej jako\u015bci, r\u0119cznie robiony, limitowany kubek z bia\u0142ej gliny. Kubek od Havona Virgo b\u0119dzie \u015bwietnym uzupe\u0142nieniem Twojej kolekcji, a dzi\u0119ki stylowemu opakowaniu mo\u017ce by\u0107 podarowany jako prezent. Projekt ka\u017cdego kubka jest interesuj\u0105cy i indywidualny, je\u015bli kupisz ten kubek, mo\u017cesz by\u0107 pewien, \u017ce Tw\u00f3j kubek ma unikalny kolor. Ka\u017cdy kubek jest dobrze zaprojektowany. Specyfikacje: Wysoko\u015b\u0107: 108 [\u2026]<\/p>","protected":false},"featured_media":23950,"comment_status":"open","ping_status":"closed","template":"","meta":[],"_links":{"self":[{"href":"https:\/\/hookahshop.lt\/pl\/wp-json\/wp\/v2\/product\/23949"}],"collection":[{"href":"https:\/\/hookahshop.lt\/pl\/wp-json\/wp\/v2\/product"}],"about":[{"href":"https:\/\/hookahshop.lt\/pl\/wp-json\/wp\/v2\/types\/product"}],"replies":[{"embeddable":true,"href":"https:\/\/hookahshop.lt\/pl\/wp-json\/wp\/v2\/comments?post=23949"}],"version-history":[{"count":4,"href":"https:\/\/hookahshop.lt\/pl\/wp-json\/wp\/v2\/product\/23949\/revisions"}],"predecessor-version":[{"id":39810,"href":"https:\/\/hookahshop.lt\/pl\/wp-json\/wp\/v2\/product\/23949\/revisions\/39810"}],"wp:featuredmedia":[{"embeddable":true,"href":"https:\/\/hookahshop.lt\/pl\/wp-json\/wp\/v2\/media\/23950"}],"wp:attachment":[{"href":"https:\/\/hookahshop.lt\/pl\/wp-json\/wp\/v2\/media?parent=23949"}],"curies":[{"name":"wp","href":"https:\/\/api.w.org\/{rel}","templated":true}]}}