{"id":24036,"date":"2021-06-06T10:31:01","date_gmt":"2021-06-06T07:31:01","guid":{"rendered":"https:\/\/hookahshop.lt\/?post_type=product&#038;p=24036"},"modified":"2026-04-11T23:29:14","modified_gmt":"2026-04-11T20:29:14","slug":"taurele-kaljanui-cosmo-bowl-pico","status":"publish","type":"product","link":"https:\/\/hookahshop.lt\/pl\/produkt\/filizanka-szisza-cosmo-miska-pico\/","title":{"rendered":"Kubek do fajki wodnej COSMO BOWL Pico"},"content":{"rendered":"<h2>Kubek do fajki wodnej COSMO BOWL Pico<\/h2>\n<p>Kubek wykonany jest z wysokiej jako\u015bci gliny i pokryty szkliwem, dzi\u0119ki czemu przez d\u0142ugi czas zachowuje swoje pierwotne w\u0142a\u015bciwo\u015bci i wygl\u0105d. Ka\u017cdy Upper Combi jest indywidualnie pakowany z logo marki i nazw\u0105 kubka.<\/p>\n<p>Spo\u017cywa si\u0119 14-15 gram\u00f3w tytoniu.<\/p>\n<p><strong>Charakterystyka:<\/strong><br \/>\nKraj pochodzenia: Rosja<br \/>\nWysoko\u015b\u0107: 120 mm.<br \/>\nG\u0142\u0119boko\u015b\u0107: 90 mm<br \/>\nIlo\u015b\u0107 otwor\u00f3w: 1 szt.<br \/>\nWaga: oko\u0142o 210g.<\/p>\n<p>Czy masz jakie\u015b pytania? Skontaktuj si\u0119 z nami\u00a0<a href=\"https:\/\/hookahshop.lt\/pl\/lacznosc\/\">strona z kontaktami<\/a>\u00a0lub napisz do nas na adres\u00a0<a href=\"https:\/\/facebook.com\/HookahShop.lt\/\" target=\"_blank\" rel=\"noopener noreferrer\">konto na Facebooku<\/a>\u00a0a my odpowiemy na Twoj\u0105 pro\u015bb\u0119 tego samego dnia.<\/p>\n<p>&nbsp;<\/p>\n<p>&nbsp;<\/p>","protected":false},"excerpt":{"rendered":"<p>Miska na fajk\u0119 wodn\u0105 COSMO BOWL Pico Miska wykonana z wysokiej jako\u015bci gliny i pokryta szkliwem, dzi\u0119ki czemu przez d\u0142ugi czas zachowuje swoje pierwotne w\u0142a\u015bciwo\u015bci i wygl\u0105d. Ka\u017cdy Upper Combi jest indywidualnie pakowany z logo marki i nazw\u0105 kubka. Spo\u017cywa si\u0119 14-15 gram\u00f3w tytoniu. Charakterystyka: Kraj pochodzenia: Rosja Wysoko\u015b\u0107: 120 mm. G\u0142\u0119boko\u015b\u0107: 90 mm Liczba otwor\u00f3w: 1 [\u2026]<\/p>","protected":false},"featured_media":24039,"comment_status":"open","ping_status":"closed","template":"","meta":[],"_links":{"self":[{"href":"https:\/\/hookahshop.lt\/pl\/wp-json\/wp\/v2\/product\/24036"}],"collection":[{"href":"https:\/\/hookahshop.lt\/pl\/wp-json\/wp\/v2\/product"}],"about":[{"href":"https:\/\/hookahshop.lt\/pl\/wp-json\/wp\/v2\/types\/product"}],"replies":[{"embeddable":true,"href":"https:\/\/hookahshop.lt\/pl\/wp-json\/wp\/v2\/comments?post=24036"}],"version-history":[{"count":3,"href":"https:\/\/hookahshop.lt\/pl\/wp-json\/wp\/v2\/product\/24036\/revisions"}],"predecessor-version":[{"id":29533,"href":"https:\/\/hookahshop.lt\/pl\/wp-json\/wp\/v2\/product\/24036\/revisions\/29533"}],"wp:featuredmedia":[{"embeddable":true,"href":"https:\/\/hookahshop.lt\/pl\/wp-json\/wp\/v2\/media\/24039"}],"wp:attachment":[{"href":"https:\/\/hookahshop.lt\/pl\/wp-json\/wp\/v2\/media?parent=24036"}],"curies":[{"name":"wp","href":"https:\/\/api.w.org\/{rel}","templated":true}]}}