{"id":24065,"date":"2021-06-07T20:31:19","date_gmt":"2021-06-07T17:31:19","guid":{"rendered":"https:\/\/hookahshop.lt\/?post_type=product&#038;p=24065"},"modified":"2026-04-17T23:29:13","modified_gmt":"2026-04-17T20:29:13","slug":"kaljanas-alpha-hookah-kappa-purple","status":"publish","type":"product","link":"https:\/\/hookahshop.lt\/pl\/produkt\/szisza-alfa-szisza-kappa-fioletowa\/","title":{"rendered":"Fajka wodna ALPHA HOOKAH Kappa Fioletowa"},"content":{"rendered":"<h2>Fajka wodna ALPHA HOOKAH Kappa Fioletowa<\/h2>\n<section class=\"has_ae_slider elementor-element elementor-element-da31172 elementor-section-boxed elementor-section-height-default elementor-section-height-default ae-bg-gallery-type-default elementor-section elementor-top-section\" data-id=\"da31172\" data-element_type=\"section\" data-settings=\"{&quot;background_background&quot;:&quot;classic&quot;}\">\n<div class=\"elementor-container elementor-column-gap-extended\">\n<div class=\"elementor-row\">\n<div class=\"has_ae_slider elementor-element elementor-element-51998d1 ae-bg-gallery-type-default elementor-column elementor-col-100 elementor-top-column\" data-id=\"51998d1\" data-element_type=\"column\">\n<div class=\"elementor-column-wrap elementor-element-populated\">\n<div class=\"elementor-widget-wrap\">\n<div class=\"elementor-element elementor-element-2b74596 elementor-widget elementor-widget-woocommerce-product-data-tabs\" data-id=\"2b74596\" data-element_type=\"widget\" data-widget_type=\"woocommerce-product-data-tabs.default\">\n<div class=\"elementor-widget-container\">\n<div class=\"woocommerce-tabs wc-tabs-wrapper\">\n<div id=\"tab-description\" class=\"woocommerce-Tabs-panel woocommerce-Tabs-panel--description panel entry-content wc-tab\" role=\"tabpanel\" aria-labelledby=\"tab-title-description\">\n<p>Elementy fajki wodnej pomalowane s\u0105 trwa\u0142\u0105 farb\u0105 proszkow\u0105 i przez d\u0142ugi czas zachowaj\u0105 sw\u00f3j wygl\u0105d. Dzi\u0119ki procesowi anodowania fajka nie utlenia si\u0119, co r\u00f3wnie\u017c przed\u0142u\u017cy jej funkcjonalno\u015b\u0107. Zaprojektowany przez projektant\u00f3w, wykonany z wysokiej jako\u015bci materia\u0142\u00f3w, posiada doskona\u0142e w\u0142a\u015bciwo\u015bci palenia. Stylowa fajka wodna b\u0119dzie ozdob\u0105 wn\u0119trza i \u015bwietnym prezentem.<\/p>\n<p><strong>Charakterystyka:<\/strong><br \/>\nWaga: oko\u0142o 1445 gr<br \/>\nWysoko\u015b\u0107: 520 mm<br \/>\nWa\u0142: stal nierdzewna<br \/>\nNa zewn\u0105trz: anodowane aluminium<br \/>\nMateria\u0142 podstawy: tworzywo sztuczne<br \/>\nDyfuzor: zdejmowany z gwintem<br \/>\nUstnik: anodowana stal nierdzewna pokryta aluminium<br \/>\nW\u0105\u017c: mi\u0119kki w dotyku<\/p>\n<p>Czy masz jakie\u015b pytania? Skontaktuj si\u0119 z nami\u00a0<a href=\"https:\/\/hookahshop.lt\/pl\/lacznosc\/\">strona z kontaktami<\/a>\u00a0lub napisz do nas na adres\u00a0<a href=\"https:\/\/facebook.com\/HookahShop.lt\/\" target=\"_blank\" rel=\"noopener noreferrer\">konto na Facebooku<\/a>\u00a0a my odpowiemy na Twoj\u0105 pro\u015bb\u0119 tego samego dnia.<\/p>\n<\/div>\n<\/div>\n<\/div>\n<\/div>\n<\/div>\n<\/div>\n<\/div>\n<\/div>\n<\/div>\n<\/section>\n<section class=\"has_ae_slider elementor-element elementor-element-badcb3e elementor-section-boxed elementor-section-height-default elementor-section-height-default ae-bg-gallery-type-default elementor-section elementor-top-section\" data-id=\"badcb3e\" data-element_type=\"section\" data-settings=\"{&quot;background_background&quot;:&quot;classic&quot;}\">\n<div class=\"elementor-container elementor-column-gap-extended\">\n<div class=\"elementor-row\">\n<div class=\"has_ae_slider elementor-element elementor-element-e21066c ae-bg-gallery-type-default elementor-column elementor-col-100 elementor-top-column\" data-id=\"e21066c\" data-element_type=\"column\" data-settings=\"{&quot;background_background&quot;:&quot;classic&quot;}\">\n<div class=\"elementor-column-wrap elementor-element-populated\">\n<div class=\"elementor-widget-wrap\">\n<section class=\"has_ae_slider elementor-element elementor-element-4477b15 elementor-section-boxed elementor-section-height-default elementor-section-height-default ae-bg-gallery-type-default elementor-section elementor-inner-section\" data-id=\"4477b15\" data-element_type=\"section\">\n<div class=\"elementor-container elementor-column-gap-default\">\n<div class=\"elementor-row\">\n<div class=\"has_ae_slider elementor-element elementor-element-d01b676 ae-bg-gallery-type-default elementor-column elementor-col-100 elementor-inner-column\" data-id=\"d01b676\" data-element_type=\"column\">\n<div class=\"elementor-column-wrap elementor-element-populated\"><\/div>\n<\/div>\n<\/div>\n<\/div>\n<\/section>\n<\/div>\n<\/div>\n<\/div>\n<\/div>\n<\/div>\n<\/section>","protected":false},"excerpt":{"rendered":"<p>Hookah ALPHA HOOKAH Kappa Purple Elementy Hookah pomalowane s\u0105 trwa\u0142\u0105 farb\u0105 proszkow\u0105, dzi\u0119ki czemu przez d\u0142ugi czas zachowaj\u0105 sw\u00f3j wygl\u0105d. Dzi\u0119ki procesowi anodowania fajka wodna nie utlenia si\u0119, co dodatkowo przed\u0142u\u017cy jej funkcjonalno\u015b\u0107. Zaprojektowany przez projektant\u00f3w, wykonany z wysokiej jako\u015bci materia\u0142\u00f3w, ma doskona\u0142e w\u0142a\u015bciwo\u015bci dymne. Stylowa fajka wodna b\u0119dzie ozdob\u0105 wn\u0119trza i \u015bwietnym prezentem. Charakterystyka: Waga: oko\u0142o 1445 gr Wysoko\u015b\u0107: 520 mm Trzon: [\u2026]<\/p>","protected":false},"featured_media":24096,"comment_status":"open","ping_status":"closed","template":"","meta":[],"_links":{"self":[{"href":"https:\/\/hookahshop.lt\/pl\/wp-json\/wp\/v2\/product\/24065"}],"collection":[{"href":"https:\/\/hookahshop.lt\/pl\/wp-json\/wp\/v2\/product"}],"about":[{"href":"https:\/\/hookahshop.lt\/pl\/wp-json\/wp\/v2\/types\/product"}],"replies":[{"embeddable":true,"href":"https:\/\/hookahshop.lt\/pl\/wp-json\/wp\/v2\/comments?post=24065"}],"version-history":[{"count":3,"href":"https:\/\/hookahshop.lt\/pl\/wp-json\/wp\/v2\/product\/24065\/revisions"}],"predecessor-version":[{"id":34778,"href":"https:\/\/hookahshop.lt\/pl\/wp-json\/wp\/v2\/product\/24065\/revisions\/34778"}],"wp:featuredmedia":[{"embeddable":true,"href":"https:\/\/hookahshop.lt\/pl\/wp-json\/wp\/v2\/media\/24096"}],"wp:attachment":[{"href":"https:\/\/hookahshop.lt\/pl\/wp-json\/wp\/v2\/media?parent=24065"}],"curies":[{"name":"wp","href":"https:\/\/api.w.org\/{rel}","templated":true}]}}