{"id":24152,"date":"2021-06-08T11:00:30","date_gmt":"2021-06-08T08:00:30","guid":{"rendered":"https:\/\/hookahshop.lt\/?post_type=product&#038;p=24152"},"modified":"2026-04-15T23:28:45","modified_gmt":"2026-04-15T20:28:45","slug":"kaljanas-alpha-hookah-x-red-matte","status":"publish","type":"product","link":"https:\/\/hookahshop.lt\/pl\/produkt\/szisza-alfa-szisza-x-czerwony-matowy\/","title":{"rendered":"Fajka wodna ALPHA HOOKAH X Red Matte"},"content":{"rendered":"<h2>Fajka wodna ALPHA HOOKAH X Red Matte<\/h2>\n<p>To haczyk roku na John Calliano Awards 2018 i Hookah Club Show 2020.<br \/>\nJest kompaktowy, \u0142atwy w u\u017cyciu. Wystarczaj\u0105co lekkie jak na fajk\u0119 wodn\u0105, wszystkie jej elementy wykonane s\u0105 z wysokiej jako\u015bci nowoczesnych materia\u0142\u00f3w, zapewniaj\u0105cych doskona\u0142y smak i trwa\u0142o\u015b\u0107 nawet przy regularnym u\u017cytkowaniu.<\/p>\n<p><strong>Charakterystyka:<\/strong><br \/>\nWaga fajki wodnej: ~ 1320 gr<br \/>\nWysoko\u015b\u0107 fajki wodnej: 420 mm<br \/>\nStal nierdzewna, D13 mm<br \/>\nPodeszwa z otworami do nadmuchu wykonana z anodowanego aluminium, malowana proszkowo<br \/>\nStal nierdzewna, D14 mm<br \/>\nG\u0142\u00f3wny materia\u0142: niemiecki poliacetal<br \/>\nPod\u0142\u0105czenie w\u0119\u017ca: magnetyczne<br \/>\nMateria\u0142 z\u0142\u0105cza: poliacetal<br \/>\nKlosz: zdejmowany<br \/>\nUstnik: stal nierdzewna<br \/>\nD\u0142ugo\u015b\u0107 ustnika: 293 mm, D10 mm<br \/>\nW\u0105\u017c: silikon<br \/>\nD\u0142ugo\u015b\u0107 w\u0119\u017ca: 1500 mm<\/p>\n<p><strong>Ekwipunek:<\/strong><br \/>\nWa\u0142, p\u0142ytka, w\u0105\u017c z ustnikiem, uszczelki.<\/p>\n<p>Czy masz jakie\u015b pytania? Skontaktuj si\u0119 z nami\u00a0<a href=\"https:\/\/hookahshop.lt\/pl\/lacznosc\/\">strona z kontaktami<\/a>\u00a0lub napisz do nas na adres\u00a0<a href=\"https:\/\/facebook.com\/HookahShop.lt\/\" target=\"_blank\" rel=\"noopener noreferrer\">konto na Facebooku<\/a>\u00a0a my odpowiemy na Twoj\u0105 pro\u015bb\u0119 tego samego dnia.<\/p>","protected":false},"excerpt":{"rendered":"<p>Hookah ALPHA HOOKAH X Red Matte To jest hookah roku wed\u0142ug John Calliano Awards 2018 i Hookah Club Show 2020. Jest kompaktowa, wygodna w u\u017cyciu. Do\u015b\u0107 lekka hookah, wszystkie jej elementy wykonane s\u0105 z wysokiej jako\u015bci nowoczesnych materia\u0142\u00f3w, co zapewnia doskona\u0142y smak i trwa\u0142o\u015b\u0107 nawet przy regularnym u\u017cytkowaniu. Charakterystyka: Waga hookah: ~ 1320 gr Wysoko\u015b\u0107 hookah: 420 mm [\u2026]<\/p>","protected":false},"featured_media":24153,"comment_status":"open","ping_status":"closed","template":"","meta":[],"_links":{"self":[{"href":"https:\/\/hookahshop.lt\/pl\/wp-json\/wp\/v2\/product\/24152"}],"collection":[{"href":"https:\/\/hookahshop.lt\/pl\/wp-json\/wp\/v2\/product"}],"about":[{"href":"https:\/\/hookahshop.lt\/pl\/wp-json\/wp\/v2\/types\/product"}],"replies":[{"embeddable":true,"href":"https:\/\/hookahshop.lt\/pl\/wp-json\/wp\/v2\/comments?post=24152"}],"version-history":[{"count":3,"href":"https:\/\/hookahshop.lt\/pl\/wp-json\/wp\/v2\/product\/24152\/revisions"}],"predecessor-version":[{"id":33227,"href":"https:\/\/hookahshop.lt\/pl\/wp-json\/wp\/v2\/product\/24152\/revisions\/33227"}],"wp:featuredmedia":[{"embeddable":true,"href":"https:\/\/hookahshop.lt\/pl\/wp-json\/wp\/v2\/media\/24153"}],"wp:attachment":[{"href":"https:\/\/hookahshop.lt\/pl\/wp-json\/wp\/v2\/media?parent=24152"}],"curies":[{"name":"wp","href":"https:\/\/api.w.org\/{rel}","templated":true}]}}