{"id":24191,"date":"2021-06-08T15:38:18","date_gmt":"2021-06-08T12:38:18","guid":{"rendered":"https:\/\/hookahshop.lt\/?post_type=product&#038;p=24191"},"modified":"2026-05-13T23:29:32","modified_gmt":"2026-05-13T20:29:32","slug":"taurele-kaljanui-kong-phunnel-space-red","status":"publish","type":"product","link":"https:\/\/hookahshop.lt\/pl\/produkt\/kubek-do-sziszy-kong-lejek-przestrzenny-ed\/","title":{"rendered":"Kubek do fajki wodnej KONG Phunnel Space Red"},"content":{"rendered":"<h2>Kubek do fajki wodnej KONG Phunnel Space Red<\/h2>\n<p>Kubek na fajk\u0119 wodn\u0105 Kong Phunnel Space (czerwony) - Przeszed\u0142 etap pra\u017cenia mleka i 12 etap\u00f3w przetwarzania, dzi\u0119ki czemu mo\u017cesz cieszy\u0107 si\u0119 wspania\u0142\u0105 fajk\u0105 wodn\u0105 przez bardzo d\u0142ugi czas.<br \/>\nKolor Kong Phunnel Space (czerwony) to dzie\u0142o sztuki. Kolor ciep\u0142ych dni, kwitn\u0105cych kwiat\u00f3w i przyjemnego powiewu rozgrzewaj\u0105cego wiatru. Design przywo\u0142uje przyjemno\u015b\u0107 p\u0142yn\u0105c\u0105 z naturalnych aromat\u00f3w i pysznej fajki wodnej.<br \/>\nIdealnie komponuje si\u0119 z mieczem. Obj\u0119to\u015b\u0107 wype\u0142nienia wynosi oko\u0142o 18-22 g.<\/p>\n<p><strong>Charakterystyka:<\/strong><br \/>\nWysoko\u015b\u0107: 100mm<br \/>\n\u015arednica (zewn\u0119trzna): 74 mm<br \/>\n\u015arednica (wewn\u0119trzna): 63 mm<br \/>\nG\u0142\u0119boko\u015b\u0107: 17 mm<br \/>\n\u015arednica otworu: 13mm<br \/>\nLiczba otwor\u00f3w: 1 szt<br \/>\nWaga: oko\u0142o 234g.<\/p>\n<p>Czy masz jakie\u015b pytania? Skontaktuj si\u0119 z nami\u00a0<a href=\"https:\/\/hookahshop.lt\/pl\/lacznosc\/\">strona z kontaktami<\/a>\u00a0lub napisz do nas na adres\u00a0<a href=\"https:\/\/facebook.com\/HookahShop.lt\/\" target=\"_blank\" rel=\"noopener noreferrer\">konto na Facebooku<\/a>\u00a0a my odpowiemy na Twoj\u0105 pro\u015bb\u0119 tego samego dnia.<\/p>","protected":false},"excerpt":{"rendered":"<p>Fili\u017canka do fajki wodnej KONG Phunnel Space Red Kubek do fajki wodnej \u201eKong Phunnel Space\u201d (czerwony) - przeszed\u0142 etap pra\u017cenia mleka i 12 etap\u00f3w obr\u00f3bki, dzi\u0119ki czemu mo\u017cesz cieszy\u0107 si\u0119 wspania\u0142\u0105 fajk\u0105 wodn\u0105 przez bardzo d\u0142ugi czas. Kolor Kong Phunnel Space (czerwony) to dzie\u0142o sztuki. Kolor ciep\u0142ych dni, kwitn\u0105cych kwiat\u00f3w i przyjemnego powiewu rozgrzewaj\u0105cego wiatru. Design przywo\u0142uje przyjemno\u015b\u0107 p\u0142yn\u0105c\u0105 z naturalnych aromat\u00f3w i pysznej fajki wodnej. [\u2026]<\/p>","protected":false},"featured_media":24192,"comment_status":"open","ping_status":"closed","template":"","meta":[],"_links":{"self":[{"href":"https:\/\/hookahshop.lt\/pl\/wp-json\/wp\/v2\/product\/24191"}],"collection":[{"href":"https:\/\/hookahshop.lt\/pl\/wp-json\/wp\/v2\/product"}],"about":[{"href":"https:\/\/hookahshop.lt\/pl\/wp-json\/wp\/v2\/types\/product"}],"replies":[{"embeddable":true,"href":"https:\/\/hookahshop.lt\/pl\/wp-json\/wp\/v2\/comments?post=24191"}],"version-history":[{"count":3,"href":"https:\/\/hookahshop.lt\/pl\/wp-json\/wp\/v2\/product\/24191\/revisions"}],"predecessor-version":[{"id":29142,"href":"https:\/\/hookahshop.lt\/pl\/wp-json\/wp\/v2\/product\/24191\/revisions\/29142"}],"wp:featuredmedia":[{"embeddable":true,"href":"https:\/\/hookahshop.lt\/pl\/wp-json\/wp\/v2\/media\/24192"}],"wp:attachment":[{"href":"https:\/\/hookahshop.lt\/pl\/wp-json\/wp\/v2\/media?parent=24191"}],"curies":[{"name":"wp","href":"https:\/\/api.w.org\/{rel}","templated":true}]}}