{"id":24215,"date":"2021-06-08T20:21:33","date_gmt":"2021-06-08T17:21:33","guid":{"rendered":"https:\/\/hookahshop.lt\/?post_type=product&#038;p=24215"},"modified":"2026-04-15T12:28:48","modified_gmt":"2026-04-15T09:28:48","slug":"kaljanas-alpha-hookah-kappa-yellow-fluor","status":"publish","type":"product","link":"https:\/\/hookahshop.lt\/pl\/produkt\/szisza-alfa-szisza-kappa-zolty-fluor\/","title":{"rendered":"Kaljanas ALPHA HOOKAH Kappa \u017b\u00f3\u0142ty Fluor"},"content":{"rendered":"<h2>Kaljanas ALPHA HOOKAH Kappa \u017b\u00f3\u0142ty Fluor<\/h2>\n<p>Elementy fajki wodnej pomalowane s\u0105 trwa\u0142\u0105 farb\u0105 proszkow\u0105 i przez d\u0142ugi czas zachowaj\u0105 sw\u00f3j wygl\u0105d. Dzi\u0119ki procesowi anodowania fajka nie utlenia si\u0119, co r\u00f3wnie\u017c przed\u0142u\u017cy jej funkcjonalno\u015b\u0107. Zaprojektowany przez projektant\u00f3w, wykonany z wysokiej jako\u015bci materia\u0142\u00f3w, posiada doskona\u0142e w\u0142a\u015bciwo\u015bci palenia. Stylowa fajka wodna b\u0119dzie ozdob\u0105 wn\u0119trza i \u015bwietnym prezentem.<\/p>\n<p><strong>Charakterystyka:<\/strong><br \/>\nWaga: oko\u0142o 1445 gr<br \/>\nWysoko\u015b\u0107: 520 mm<br \/>\nWa\u0142: stal nierdzewna<br \/>\nNa zewn\u0105trz: anodowane aluminium<br \/>\nMateria\u0142 podstawy: tworzywo sztuczne<br \/>\nDyfuzor: zdejmowany z gwintem<br \/>\nUstnik: anodowana stal nierdzewna pokryta aluminium<br \/>\nW\u0105\u017c: mi\u0119kki w dotyku<\/p>\n<p>Czy masz jakie\u015b pytania? Skontaktuj si\u0119 z nami\u00a0<a href=\"https:\/\/hookahshop.lt\/pl\/lacznosc\/\">strona z kontaktami<\/a>\u00a0lub napisz do nas na adres\u00a0<a href=\"https:\/\/facebook.com\/HookahShop.lt\/\" target=\"_blank\" rel=\"noopener noreferrer\">konto na Facebooku<\/a>\u00a0a my odpowiemy na Twoj\u0105 pro\u015bb\u0119 tego samego dnia.<\/p>","protected":false},"excerpt":{"rendered":"<p>Fajka wodna ALPHA HOOKAH Kappa Yellow Fluor Elementy fajki wodnej s\u0105 malowane trwa\u0142\u0105 farb\u0105 proszkow\u0105 i zachowaj\u0105 sw\u00f3j wygl\u0105d przez d\u0142ugi czas. Dzi\u0119ki procesowi anodowania fajka wodna nie utlenia si\u0119, co r\u00f3wnie\u017c wyd\u0142u\u017cy jej funkcjonalno\u015b\u0107. Stworzona przez projektant\u00f3w, wykonana z wysokiej jako\u015bci materia\u0142\u00f3w, ma doskona\u0142e w\u0142a\u015bciwo\u015bci palenia. Stylowa fajka wodna b\u0119dzie ozdob\u0105 wn\u0119trza i \u015bwietnym prezentem. Charakterystyka: Waga: oko\u0142o 1445 gr Wysoko\u015b\u0107: 520 mm [\u2026]<\/p>","protected":false},"featured_media":24217,"comment_status":"open","ping_status":"closed","template":"","meta":[],"_links":{"self":[{"href":"https:\/\/hookahshop.lt\/pl\/wp-json\/wp\/v2\/product\/24215"}],"collection":[{"href":"https:\/\/hookahshop.lt\/pl\/wp-json\/wp\/v2\/product"}],"about":[{"href":"https:\/\/hookahshop.lt\/pl\/wp-json\/wp\/v2\/types\/product"}],"replies":[{"embeddable":true,"href":"https:\/\/hookahshop.lt\/pl\/wp-json\/wp\/v2\/comments?post=24215"}],"version-history":[{"count":3,"href":"https:\/\/hookahshop.lt\/pl\/wp-json\/wp\/v2\/product\/24215\/revisions"}],"predecessor-version":[{"id":34781,"href":"https:\/\/hookahshop.lt\/pl\/wp-json\/wp\/v2\/product\/24215\/revisions\/34781"}],"wp:featuredmedia":[{"embeddable":true,"href":"https:\/\/hookahshop.lt\/pl\/wp-json\/wp\/v2\/media\/24217"}],"wp:attachment":[{"href":"https:\/\/hookahshop.lt\/pl\/wp-json\/wp\/v2\/media?parent=24215"}],"curies":[{"name":"wp","href":"https:\/\/api.w.org\/{rel}","templated":true}]}}