{"id":24221,"date":"2021-06-08T20:24:29","date_gmt":"2021-06-08T17:24:29","guid":{"rendered":"https:\/\/hookahshop.lt\/?post_type=product&#038;p=24221"},"modified":"2026-04-15T12:28:49","modified_gmt":"2026-04-15T09:28:49","slug":"kaljanas-alpha-hookah-x-breeze","status":"publish","type":"product","link":"https:\/\/hookahshop.lt\/pl\/produkt\/szisza-alfa-szisza-x-breeze\/","title":{"rendered":"Fajka wodna ALPHA HOOKAH X Breeze"},"content":{"rendered":"<h2>Fajka wodna ALPHA HOOKAH X Breeze<\/h2>\n<p>To haczyk roku na John Calliano Awards 2018 i Hookah Club Show 2020.<br \/>\nJest kompaktowy, \u0142atwy w u\u017cyciu. Wystarczaj\u0105co lekkie jak na fajk\u0119 wodn\u0105, wszystkie jej elementy wykonane s\u0105 z wysokiej jako\u015bci nowoczesnych materia\u0142\u00f3w, zapewniaj\u0105cych doskona\u0142y smak i trwa\u0142o\u015b\u0107 nawet przy regularnym u\u017cytkowaniu.<\/p>\n<p><strong>Charakterystyka:<\/strong><br \/>\nWaga fajki wodnej: ~ 1320 gr<br \/>\nWysoko\u015b\u0107 fajki wodnej: 420 mm<br \/>\nStal nierdzewna, D13 mm<br \/>\nPodeszwa z otworami do nadmuchu wykonana z anodowanego aluminium, malowana proszkowo<br \/>\nStal nierdzewna, D14 mm<br \/>\nG\u0142\u00f3wny materia\u0142: niemiecki poliacetal<br \/>\nPod\u0142\u0105czenie w\u0119\u017ca: magnetyczne<br \/>\nMateria\u0142 z\u0142\u0105cza: poliacetal<br \/>\nKlosz: zdejmowany<br \/>\nUstnik: stal nierdzewna<br \/>\nD\u0142ugo\u015b\u0107 ustnika: 293 mm, D10 mm<br \/>\nW\u0105\u017c: silikon<br \/>\nD\u0142ugo\u015b\u0107 w\u0119\u017ca: 1500 mm<\/p>\n<p><strong>Ekwipunek:<\/strong><br \/>\nWa\u0142, p\u0142ytka, w\u0105\u017c z ustnikiem, uszczelki.<\/p>\n<p><img decoding=\"async\" loading=\"lazy\" class=\"alignnone size-medium wp-image-38521\" src=\"https:\/\/hookahshop.lt\/wp-content\/uploads\/2020\/09\/stiebas-zarna-kandiklis-1-300x273.jpg\" alt=\"- hookahshop.lt\" width=\"300\" height=\"273\" srcset=\"https:\/\/hookahshop.lt\/wp-content\/uploads\/2020\/09\/stiebas-zarna-kandiklis-1-300x273.jpg 300w, https:\/\/hookahshop.lt\/wp-content\/uploads\/2020\/09\/stiebas-zarna-kandiklis-1-13x12.jpg 13w, https:\/\/hookahshop.lt\/wp-content\/uploads\/2020\/09\/stiebas-zarna-kandiklis-1-64x58.jpg 64w, https:\/\/hookahshop.lt\/wp-content\/uploads\/2020\/09\/stiebas-zarna-kandiklis-1.jpg 420w\" sizes=\"(max-width: 300px) 100vw, 300px\" title=\"\"><\/p>\n<p>Czy masz jakie\u015b pytania? Skontaktuj si\u0119 z nami\u00a0<a href=\"https:\/\/hookahshop.lt\/pl\/lacznosc\/\">strona z kontaktami<\/a>\u00a0lub napisz do nas na adres\u00a0<a href=\"https:\/\/facebook.com\/HookahShop.lt\/\" target=\"_blank\" rel=\"noopener noreferrer\">konto na Facebooku<\/a>\u00a0a my odpowiemy na Twoj\u0105 pro\u015bb\u0119 tego samego dnia.<\/p>","protected":false},"excerpt":{"rendered":"<p>Fajka wodna ALPHA HOOKAH X Breeze To szisza roku wed\u0142ug \u201eJohn Calliano Awards 2018\u201d i \u201eHookah Club Show 2020\u201d. Jest kompaktowy i \u0142atwy w u\u017cyciu. Do\u015b\u0107 lekka fajka wodna, wszystkie jej elementy wykonane s\u0105 z wysokiej jako\u015bci nowoczesnych materia\u0142\u00f3w, kt\u00f3re zapewniaj\u0105 doskona\u0142y smak i trwa\u0142o\u015b\u0107 nawet przy regularnym u\u017cytkowaniu. Charakterystyka: Waga fajki wodnej: ~ 1320 gr Wysoko\u015b\u0107 fajki wodnej: 420 mm Stal nierdzewna [\u2026]<\/p>","protected":false},"featured_media":27173,"comment_status":"open","ping_status":"closed","template":"","meta":[],"_links":{"self":[{"href":"https:\/\/hookahshop.lt\/pl\/wp-json\/wp\/v2\/product\/24221"}],"collection":[{"href":"https:\/\/hookahshop.lt\/pl\/wp-json\/wp\/v2\/product"}],"about":[{"href":"https:\/\/hookahshop.lt\/pl\/wp-json\/wp\/v2\/types\/product"}],"replies":[{"embeddable":true,"href":"https:\/\/hookahshop.lt\/pl\/wp-json\/wp\/v2\/comments?post=24221"}],"version-history":[{"count":4,"href":"https:\/\/hookahshop.lt\/pl\/wp-json\/wp\/v2\/product\/24221\/revisions"}],"predecessor-version":[{"id":34531,"href":"https:\/\/hookahshop.lt\/pl\/wp-json\/wp\/v2\/product\/24221\/revisions\/34531"}],"wp:featuredmedia":[{"embeddable":true,"href":"https:\/\/hookahshop.lt\/pl\/wp-json\/wp\/v2\/media\/27173"}],"wp:attachment":[{"href":"https:\/\/hookahshop.lt\/pl\/wp-json\/wp\/v2\/media?parent=24221"}],"curies":[{"name":"wp","href":"https:\/\/api.w.org\/{rel}","templated":true}]}}