{"id":24242,"date":"2021-06-08T20:59:34","date_gmt":"2021-06-08T17:59:34","guid":{"rendered":"https:\/\/hookahshop.lt\/?post_type=product&#038;p=24242"},"modified":"2026-04-15T12:28:45","modified_gmt":"2026-04-15T09:28:45","slug":"individualus-kaljano-kandiklis-maklaud-skull","status":"publish","type":"product","link":"https:\/\/hookahshop.lt\/pl\/produkt\/custom-hookah-bite-maklaud-skull\/","title":{"rendered":"Indywidualny ustnik do fajki wodnej MAKLAUD Skull"},"content":{"rendered":"<h2>Indywidualny ustnik do fajki wodnej MAKLAUD Skull<\/h2>\n<p>Ustnik MAKLAUD Skull to kolejne arcydzie\u0142o firmy Maklaud. Ustnik z wk\u0142adk\u0105 Skull wykonany jest z mosi\u0105dzu. Czarny pasek ze sk\u00f3ry naturalnej. Monta\u017c ustnika na karabi\u0144czyku. Ustnik wykonany z wysokiej jako\u015bci mi\u0119kkiego w dotyku silikonu medycznego oraz oryginalny pier\u015bcie\u0144 z napisem \u201eMaklaud\u201d.<\/p>\n<p><strong>Charakterystyka:<\/strong><br \/>\nD\u0142ugo\u015b\u0107 paska: 900 mm<br \/>\nMateria\u0142 paska: sk\u00f3ra naturalna<br \/>\nZapi\u0119cie: karabi\u0144czyk<br \/>\nD\u0142ugo\u015b\u0107 ustnika: 50mm<br \/>\nWaga: oko\u0142o 35 gram\u00f3w.<\/p>\n<p>Czy masz jakie\u015b pytania? Skontaktuj si\u0119 z nami\u00a0<a href=\"https:\/\/hookahshop.lt\/pl\/lacznosc\/\">strona z kontaktami<\/a>\u00a0lub napisz do nas na adres\u00a0<a href=\"https:\/\/facebook.com\/HookahShop.lt\/\" target=\"_blank\" rel=\"noopener noreferrer\">konto na Facebooku<\/a>\u00a0a my odpowiemy na Twoj\u0105 pro\u015bb\u0119 tego samego dnia.<\/p>","protected":false},"excerpt":{"rendered":"<p>Indywidualny ustnik do fajki wodnej MAKLAUD Skull Ustnik MAKLAUD Skull to kolejne arcydzie\u0142o firmy \u201eMaklaud\u201d. Ustnik z wk\u0142adk\u0105 Skull (czaszka) wykonany jest z mosi\u0105dzu. Pasek wykonany jest z czarnej sk\u00f3ry naturalnej. Ustnik przymocowany jest do karabi\u0144czyka. Ustnik wykonany jest z wysokiej jako\u015bci silikonu medycznego, kt\u00f3ry jest mi\u0119kki w dotyku i ma oryginalny pier\u015bcie\u0144 z napisem \u201eMaklaud\u201d. Charakterystyka: D\u0142ugo\u015b\u0107 paska: 900 mm Materia\u0142 paska: sk\u00f3ra naturalna Zapi\u0119cie: [\u2026]<\/p>","protected":false},"featured_media":24244,"comment_status":"open","ping_status":"closed","template":"","meta":[],"_links":{"self":[{"href":"https:\/\/hookahshop.lt\/pl\/wp-json\/wp\/v2\/product\/24242"}],"collection":[{"href":"https:\/\/hookahshop.lt\/pl\/wp-json\/wp\/v2\/product"}],"about":[{"href":"https:\/\/hookahshop.lt\/pl\/wp-json\/wp\/v2\/types\/product"}],"replies":[{"embeddable":true,"href":"https:\/\/hookahshop.lt\/pl\/wp-json\/wp\/v2\/comments?post=24242"}],"version-history":[{"count":2,"href":"https:\/\/hookahshop.lt\/pl\/wp-json\/wp\/v2\/product\/24242\/revisions"}],"predecessor-version":[{"id":29149,"href":"https:\/\/hookahshop.lt\/pl\/wp-json\/wp\/v2\/product\/24242\/revisions\/29149"}],"wp:featuredmedia":[{"embeddable":true,"href":"https:\/\/hookahshop.lt\/pl\/wp-json\/wp\/v2\/media\/24244"}],"wp:attachment":[{"href":"https:\/\/hookahshop.lt\/pl\/wp-json\/wp\/v2\/media?parent=24242"}],"curies":[{"name":"wp","href":"https:\/\/api.w.org\/{rel}","templated":true}]}}