{"id":24248,"date":"2021-06-08T23:05:46","date_gmt":"2021-06-08T20:05:46","guid":{"rendered":"https:\/\/hookahshop.lt\/?post_type=product&#038;p=24248"},"modified":"2026-04-14T23:28:52","modified_gmt":"2026-04-14T20:28:52","slug":"kaljanas-koress-k1t-black-gloss","status":"publish","type":"product","link":"https:\/\/hookahshop.lt\/pl\/produkt\/szisza-koress-k1t-czarny-polysk\/","title":{"rendered":"Szisza KORESS K1T Czarny Po\u0142ysk"},"content":{"rendered":"<h2>Szisza KORESS K1T Czarny Po\u0142ysk<\/h2>\n<p>Stylowa fajka wodna o ekskluzywnym designie wykonana jest z wysokiej jako\u015bci materia\u0142\u00f3w. Unikaln\u0105 cech\u0105 fajki wodnej jest mo\u017cliwo\u015b\u0107 \u0142atwej regulacji dyfuzora fajki wodnej i ci\u0105gu podczas sesji.<\/p>\n<p><strong>Charakterystyka:<\/strong><br \/>\nWaga fajki wodnej: ~1,5 kg<br \/>\nMateria\u0142: stal nierdzewna AISI 304<br \/>\nWewn\u0119trzna cz\u0119\u015b\u0107 wa\u0142u: stal nierdzewna<br \/>\n\u015arednica: 13mm<br \/>\nWysoko\u015b\u0107: 64 cm<br \/>\nZdejmowany dyfuzor<br \/>\nPo\u0142\u0105czenie magnetyczne<br \/>\nKraj pochodzenia: Rosja<\/p>\n<p><strong>Ekwipunek:<\/strong><br \/>\nTrzonek, p\u0142ytka, w\u0105\u017c, ustnik, uszczelki.<\/p>\n<p><span style=\"font-weight: 400\">Czy masz jakie\u015b pytania? Skontaktuj si\u0119 z nami <\/span><a href=\"https:\/\/hookahshop.lt\/pl\/lacznosc\/\"><span style=\"font-weight: 400\">strona z kontaktami<\/span><\/a><span style=\"font-weight: 400\"> lub napisz do nas na adres <\/span><a href=\"https:\/\/facebook.com\/HookahShop.lt\/\" target=\"_blank\" rel=\"noopener\"><span style=\"font-weight: 400\">konto na Facebooku<\/span><\/a><span style=\"font-weight: 400\"> a my odpowiemy na Twoj\u0105 pro\u015bb\u0119 tego samego dnia.<\/span><\/p>\n<p>&nbsp;<\/p>","protected":false},"excerpt":{"rendered":"<p>Szisza KORESS K1T Czarny Po\u0142ysk Stylowa, ekskluzywna fajka wodna wykonana z wysokiej jako\u015bci materia\u0142\u00f3w. Unikaln\u0105 cech\u0105 fajki wodnej jest mo\u017cliwo\u015b\u0107 \u0142atwej regulacji dyfuzora fajki wodnej i ci\u0105gu podczas sesji. Charakterystyka: Waga fajki wodnej: ~1,5 kg Materia\u0142: stal nierdzewna AISI 304 Wewn\u0119trzna cz\u0119\u015b\u0107 trzonka: stal nierdzewna \u015arednica: 13mm Wysoko\u015b\u0107: 64 cm Wyjmowany dyfuzor Po\u0142\u0105czenie magnetyczne Kraj pochodzenia: Rosja Kompletny zestaw: Trzonek, [...]<\/p>","protected":false},"featured_media":27564,"comment_status":"open","ping_status":"closed","template":"","meta":[],"_links":{"self":[{"href":"https:\/\/hookahshop.lt\/pl\/wp-json\/wp\/v2\/product\/24248"}],"collection":[{"href":"https:\/\/hookahshop.lt\/pl\/wp-json\/wp\/v2\/product"}],"about":[{"href":"https:\/\/hookahshop.lt\/pl\/wp-json\/wp\/v2\/types\/product"}],"replies":[{"embeddable":true,"href":"https:\/\/hookahshop.lt\/pl\/wp-json\/wp\/v2\/comments?post=24248"}],"version-history":[{"count":10,"href":"https:\/\/hookahshop.lt\/pl\/wp-json\/wp\/v2\/product\/24248\/revisions"}],"predecessor-version":[{"id":41934,"href":"https:\/\/hookahshop.lt\/pl\/wp-json\/wp\/v2\/product\/24248\/revisions\/41934"}],"wp:featuredmedia":[{"embeddable":true,"href":"https:\/\/hookahshop.lt\/pl\/wp-json\/wp\/v2\/media\/27564"}],"wp:attachment":[{"href":"https:\/\/hookahshop.lt\/pl\/wp-json\/wp\/v2\/media?parent=24248"}],"curies":[{"name":"wp","href":"https:\/\/api.w.org\/{rel}","templated":true}]}}