{"id":24288,"date":"2021-06-10T11:17:51","date_gmt":"2021-06-10T08:17:51","guid":{"rendered":"https:\/\/hookahshop.lt\/?post_type=product&#038;p=24288"},"modified":"2026-04-07T23:29:15","modified_gmt":"2026-04-07T20:29:15","slug":"kandiklis-kaljanui-vyro-carbon-black","status":"publish","type":"product","link":"https:\/\/hookahshop.lt\/pl\/produkt\/ustnik-do-szisza-dla-mezczyzn-czarny-weglowy\/","title":{"rendered":"Ustnik do fajki wodnej VYRO Carbon Black"},"content":{"rendered":"<h2>Ustnik do fajki wodnej VYRO Carbon Black<\/h2>\n<p>VYRO Carbon black \u2013 karbonowy ustnik wyr\u00f3\u017cnia si\u0119 nie tylko niewielk\u0105 wag\u0105, ale r\u00f3wnie\u017c wykonaniem z wysokiej jako\u015bci materia\u0142u. Ten w\u0119glowy ustnik nadaje si\u0119 nie tylko do codziennego u\u017cytku, ale tak\u017ce do ka\u017cdej fajki wodnej i zwyk\u0142ego w\u0119\u017ca silikonowego.<\/p>\n<p><strong>Specyfikacje:<\/strong><\/p>\n<p>D\u0142ugo\u015b\u0107: ~40 cm<br \/>\nWaga: ~ 98g<br \/>\n\u015arednica wewn\u0119trzna: 10mm<br \/>\nMateria\u0142y: stal w\u0119glowa i stal nierdzewna V2A<\/p>\n<p>Czy masz jakie\u015b pytania? Skontaktuj si\u0119 z nami\u00a0<a href=\"https:\/\/hookahshop.lt\/pl\/lacznosc\/\">strona z kontaktami<\/a>\u00a0lub napisz do nas na adres\u00a0<a href=\"https:\/\/facebook.com\/HookahShop.lt\/\" target=\"_blank\" rel=\"noopener noreferrer\">konto na Facebooku<\/a>\u00a0a my odpowiemy na Twoj\u0105 pro\u015bb\u0119 tego samego dnia.<\/p>","protected":false},"excerpt":{"rendered":"<p>Ustnik do fajki wodnej VYRO Carbon Black VYRO Carbon black - ustnik w\u0119glowy jest doskona\u0142y nie tylko ze wzgl\u0119du na niewielk\u0105 wag\u0119, ale tak\u017ce ze wzgl\u0119du na jako\u015b\u0107 materia\u0142u. Ten ustnik w\u0119glowy nadaje si\u0119 nie tylko do codziennego u\u017cytku, ale nadaje si\u0119 r\u00f3wnie\u017c do ka\u017cdej fajki wodnej i zwyk\u0142ego w\u0119\u017ca silikonowego. Dane techniczne: D\u0142ugo\u015b\u0107: ~40 cm Waga: ~98 g \u015arednica wewn\u0119trzna: 10 mm Materia\u0142y: stal w\u0119glowa i stal nierdzewna V2A [...]<\/p>","protected":false},"featured_media":24293,"comment_status":"open","ping_status":"closed","template":"","meta":[],"_links":{"self":[{"href":"https:\/\/hookahshop.lt\/pl\/wp-json\/wp\/v2\/product\/24288"}],"collection":[{"href":"https:\/\/hookahshop.lt\/pl\/wp-json\/wp\/v2\/product"}],"about":[{"href":"https:\/\/hookahshop.lt\/pl\/wp-json\/wp\/v2\/types\/product"}],"replies":[{"embeddable":true,"href":"https:\/\/hookahshop.lt\/pl\/wp-json\/wp\/v2\/comments?post=24288"}],"version-history":[{"count":7,"href":"https:\/\/hookahshop.lt\/pl\/wp-json\/wp\/v2\/product\/24288\/revisions"}],"predecessor-version":[{"id":45295,"href":"https:\/\/hookahshop.lt\/pl\/wp-json\/wp\/v2\/product\/24288\/revisions\/45295"}],"wp:featuredmedia":[{"embeddable":true,"href":"https:\/\/hookahshop.lt\/pl\/wp-json\/wp\/v2\/media\/24293"}],"wp:attachment":[{"href":"https:\/\/hookahshop.lt\/pl\/wp-json\/wp\/v2\/media?parent=24288"}],"curies":[{"name":"wp","href":"https:\/\/api.w.org\/{rel}","templated":true}]}}