{"id":24289,"date":"2021-06-10T11:10:50","date_gmt":"2021-06-10T08:10:50","guid":{"rendered":"https:\/\/hookahshop.lt\/?post_type=product&#038;p=24289"},"modified":"2026-04-18T23:29:00","modified_gmt":"2026-04-18T20:29:00","slug":"tarpine-kaljano-taurelei-alpha-hookah","status":"publish","type":"product","link":"https:\/\/hookahshop.lt\/pl\/produkt\/sredni-szisza-kubek-alfa-szisza\/","title":{"rendered":"Uszczelka do kubka sziszy ALPHA HOOKAH Czarna"},"content":{"rendered":"<h2>Uszczelka do kubka sziszy ALPHA HOOKAH Czarna<\/h2>\n<p>To mocowanie pomaga bezpiecznie przymocowa\u0107 kubek do fajki wodnej. Silikonowa podk\u0142adka pod kubek.<br \/>\nCzarny kolor<\/p>\n<p>Czy masz jakie\u015b pytania? Skontaktuj si\u0119 z nami\u00a0<a href=\"https:\/\/hookahshop.lt\/pl\/lacznosc\/\">strona z kontaktami<\/a>\u00a0lub napisz do nas na adres\u00a0<a href=\"https:\/\/facebook.com\/HookahShop.lt\/\" target=\"_blank\" rel=\"noopener noreferrer\">konto na Facebooku<\/a>\u00a0a my odpowiemy na Twoj\u0105 pro\u015bb\u0119 tego samego dnia.<\/p>","protected":false},"excerpt":{"rendered":"<p>Uszczelka do kubka na fajk\u0119 wodn\u0105 ALPHA HOOKAH Black To akcesorium pozwala na szczelne przymocowanie kubka do fajki wodnej. Silikonowa przek\u0142adka do kubka. Kolor: Czarny Masz pytania? Skontaktuj si\u0119 z nami na stronie kontaktowej lub napisz do nas na Facebooku, a my odpowiemy na Twoj\u0105 pro\u015bb\u0119 jeszcze tego samego dnia.<\/p>","protected":false},"featured_media":24290,"comment_status":"open","ping_status":"closed","template":"","meta":[],"_links":{"self":[{"href":"https:\/\/hookahshop.lt\/pl\/wp-json\/wp\/v2\/product\/24289"}],"collection":[{"href":"https:\/\/hookahshop.lt\/pl\/wp-json\/wp\/v2\/product"}],"about":[{"href":"https:\/\/hookahshop.lt\/pl\/wp-json\/wp\/v2\/types\/product"}],"replies":[{"embeddable":true,"href":"https:\/\/hookahshop.lt\/pl\/wp-json\/wp\/v2\/comments?post=24289"}],"version-history":[{"count":4,"href":"https:\/\/hookahshop.lt\/pl\/wp-json\/wp\/v2\/product\/24289\/revisions"}],"predecessor-version":[{"id":43759,"href":"https:\/\/hookahshop.lt\/pl\/wp-json\/wp\/v2\/product\/24289\/revisions\/43759"}],"wp:featuredmedia":[{"embeddable":true,"href":"https:\/\/hookahshop.lt\/pl\/wp-json\/wp\/v2\/media\/24290"}],"wp:attachment":[{"href":"https:\/\/hookahshop.lt\/pl\/wp-json\/wp\/v2\/media?parent=24289"}],"curies":[{"name":"wp","href":"https:\/\/api.w.org\/{rel}","templated":true}]}}