{"id":24347,"date":"2021-06-13T15:57:26","date_gmt":"2021-06-13T12:57:26","guid":{"rendered":"https:\/\/hookahshop.lt\/?post_type=product&#038;p=24347"},"modified":"2026-04-16T23:29:48","modified_gmt":"2026-04-16T20:29:48","slug":"znyples-anglims-nomad-2021-hookah-club","status":"publish","type":"product","link":"https:\/\/hookahshop.lt\/pl\/produkt\/znyples-charcoal-nomad-2021-hookah-club\/","title":{"rendered":"Szczypce do w\u0119gla drzewnego do fajki wodnej NOMAD 2021 Klubowa wystawa fajki wodnej"},"content":{"rendered":"<h2>Szczypce do w\u0119gla drzewnego do fajki wodnej NOMAD 2021 Klubowa wystawa fajki wodnej<\/h2>\n<p>Szczypce do w\u0119gla drzewnego do fajki wodnej NOMAD 2021 Hookah Club Show - szczypce z limitowanej edycji zaprojektowane specjalnie na Hookah Club Show 2021.<\/p>\n<p>Szczypce NOMAD to stylowy i praktyczny wyb\u00f3r, kt\u00f3ry zachwyci Ci\u0119 nie tylko jako\u015bci\u0105, ale tak\u017ce ekskluzywnym designem!<\/p>\n<p><strong>Specyfikacje:<\/strong><br \/>\nD\u0142ugo\u015b\u0107: 235 mm<br \/>\nWaga: 100g<\/p>\n<p>Czy masz jakie\u015b pytania? Skontaktuj si\u0119 z nami\u00a0<a href=\"https:\/\/hookahshop.lt\/pl\/lacznosc\/\">strona z kontaktami<\/a>\u00a0lub napisz do nas na adres\u00a0<a href=\"https:\/\/facebook.com\/HookahShop.lt\/\" target=\"_blank\" rel=\"noopener noreferrer\">konto na Facebooku<\/a>\u00a0a my odpowiemy na Twoj\u0105 pro\u015bb\u0119 tego samego dnia.<\/p>","protected":false},"excerpt":{"rendered":"<p>Szczypce do w\u0119gla do fajki wodnej NOMAD 2021 Hookah Club Show Szczypce do w\u0119gla do fajki wodnej NOMAD 2021 Hookah Club Show - szczypce z limitowanej edycji, specjalnie zaprojektowane na pokaz klubu fajki wodnej 2021. Szczypce NOMAD to stylowy i praktyczny wyb\u00f3r, kt\u00f3ry zadowoli Ci\u0119 nie tylko jako\u015bci\u0105, ale tak\u017ce z ekskluzywnym designem! Dane techniczne: D\u0142ugo\u015b\u0107: 235 mm Waga: 100 g Pytania? Skontaktuj si\u0119 z nami poprzez nasz kontakt [\u2026]<\/p>","protected":false},"featured_media":24348,"comment_status":"open","ping_status":"closed","template":"","meta":[],"_links":{"self":[{"href":"https:\/\/hookahshop.lt\/pl\/wp-json\/wp\/v2\/product\/24347"}],"collection":[{"href":"https:\/\/hookahshop.lt\/pl\/wp-json\/wp\/v2\/product"}],"about":[{"href":"https:\/\/hookahshop.lt\/pl\/wp-json\/wp\/v2\/types\/product"}],"replies":[{"embeddable":true,"href":"https:\/\/hookahshop.lt\/pl\/wp-json\/wp\/v2\/comments?post=24347"}],"version-history":[{"count":4,"href":"https:\/\/hookahshop.lt\/pl\/wp-json\/wp\/v2\/product\/24347\/revisions"}],"predecessor-version":[{"id":30009,"href":"https:\/\/hookahshop.lt\/pl\/wp-json\/wp\/v2\/product\/24347\/revisions\/30009"}],"wp:featuredmedia":[{"embeddable":true,"href":"https:\/\/hookahshop.lt\/pl\/wp-json\/wp\/v2\/media\/24348"}],"wp:attachment":[{"href":"https:\/\/hookahshop.lt\/pl\/wp-json\/wp\/v2\/media?parent=24347"}],"curies":[{"name":"wp","href":"https:\/\/api.w.org\/{rel}","templated":true}]}}