{"id":24355,"date":"2021-06-13T16:28:46","date_gmt":"2021-06-13T13:28:46","guid":{"rendered":"https:\/\/hookahshop.lt\/?post_type=product&#038;p=24355"},"modified":"2026-04-24T23:29:41","modified_gmt":"2026-04-24T20:29:41","slug":"znyples-kaljano-anglims-nomad-samurai","status":"publish","type":"product","link":"https:\/\/hookahshop.lt\/pl\/produkt\/szczypce-szisza-wegiel-nomad-samuraj\/","title":{"rendered":"Szczypce w\u0119glowe do fajki wodnej NOMAD Samurai"},"content":{"rendered":"<h2>Szczypce w\u0119glowe do fajki wodnej NOMAD Samurai<\/h2>\n<p>Szczypce NOMAD to stylowy i praktyczny wyb\u00f3r, kt\u00f3ry zachwyci Ci\u0119 nie tylko jako\u015bci\u0105, ale tak\u017ce ekskluzywnym designem!<\/p>\n<p><strong>Specyfikacje:<\/strong><br \/>\nD\u0142ugo\u015b\u0107: 235mm<br \/>\nWaga: 100g<\/p>\n<p>Czy masz jakie\u015b pytania? Skontaktuj si\u0119 z nami\u00a0<a href=\"https:\/\/hookahshop.lt\/pl\/lacznosc\/\">strona z kontaktami<\/a>\u00a0lub napisz do nas na adres\u00a0<a href=\"https:\/\/facebook.com\/HookahShop.lt\/\" target=\"_blank\" rel=\"noopener noreferrer\">konto na Facebooku<\/a>\u00a0a my odpowiemy na Twoj\u0105 pro\u015bb\u0119 tego samego dnia.<\/p>","protected":false},"excerpt":{"rendered":"<p>Szczypce do w\u0119gla drzewnego do fajki wodnej NOMAD Samurai Szczypce NOMAD to stylowy i praktyczny wyb\u00f3r, kt\u00f3ry zachwyci Ci\u0119 nie tylko jako\u015bci\u0105, ale tak\u017ce ekskluzywnym designem! Dane techniczne: D\u0142ugo\u015b\u0107: 235 mm Waga: 100 g Pytania? Skontaktuj si\u0119 z nami na stronie kontaktowej lub napisz do nas na naszym koncie na Facebooku, a my odpowiemy na Twoj\u0105 pro\u015bb\u0119 jeszcze tego samego dnia.<\/p>","protected":false},"featured_media":24356,"comment_status":"open","ping_status":"closed","template":"","meta":[],"_links":{"self":[{"href":"https:\/\/hookahshop.lt\/pl\/wp-json\/wp\/v2\/product\/24355"}],"collection":[{"href":"https:\/\/hookahshop.lt\/pl\/wp-json\/wp\/v2\/product"}],"about":[{"href":"https:\/\/hookahshop.lt\/pl\/wp-json\/wp\/v2\/types\/product"}],"replies":[{"embeddable":true,"href":"https:\/\/hookahshop.lt\/pl\/wp-json\/wp\/v2\/comments?post=24355"}],"version-history":[{"count":5,"href":"https:\/\/hookahshop.lt\/pl\/wp-json\/wp\/v2\/product\/24355\/revisions"}],"predecessor-version":[{"id":30944,"href":"https:\/\/hookahshop.lt\/pl\/wp-json\/wp\/v2\/product\/24355\/revisions\/30944"}],"wp:featuredmedia":[{"embeddable":true,"href":"https:\/\/hookahshop.lt\/pl\/wp-json\/wp\/v2\/media\/24356"}],"wp:attachment":[{"href":"https:\/\/hookahshop.lt\/pl\/wp-json\/wp\/v2\/media?parent=24355"}],"curies":[{"name":"wp","href":"https:\/\/api.w.org\/{rel}","templated":true}]}}